{"id":1676,"date":"2019-11-02T11:23:56","date_gmt":"2019-11-02T11:23:56","guid":{"rendered":"https:\/\/causeway.stagingservers.net\/?page_id=1676"},"modified":"2020-05-08T19:27:40","modified_gmt":"2020-05-08T19:27:40","slug":"programmes-demploi","status":"publish","type":"page","link":"https:\/\/causeway.stagingservers.net\/fr\/programmes-demploi\/","title":{"rendered":"PROGRAMMES D\u2019EMPLOI"},"content":{"rendered":"<div class=\"hero-block\"\n    style=\"padding-top: 50px;\"\n    >\n\n    <div class=\"hero-block-inner\" style=\"\n        max-width: 100%;\n                    max-height: 480px;\n            margin-top: 0;\n                    height: 727px;\n            background: url(https:\/\/causeway.stagingservers.net\/wp-content\/uploads\/2019\/11\/employment-programs.jpg) top center no-repeat;\n            -webkit-background-size: cover;\n            background-size: cover;\n                    max-width: 100%;\n            margin-top: 0;\n                \">\n\n        <div class=\"content\">\n                            <h1>PROGRAMMES D\u2019EMPLOI<\/h1>\n            \n\t\t\t        <\/div>\n\n    <\/div>\n\n<\/div>\n\n\n<div class=\"top-content\">\n\n    \n                <div class=\"top-content-inner\" style=\"\n                            align-items: flex-start;\n                                         \">\n            <div class=\"left\">\n                <h3>AVENUES VERS L\u2019EMPLOI DE CAUSEWAY<\/h3>\n            <\/div>\n            <div class=\"right\">\n                <div class=\"desc\">\n                    <p><span style=\"font-weight: 400\">\u00c0 Causeway, nous appelons \u00ab\u00a0avenues\u00a0\u00bb les programmes d\u2019emploi, car chaque programme vous entra\u00eene dans un cheminement qui peut changer votre vie. <\/span><\/p>\n                <\/div>\n                \n            <\/div>\n        <\/div>\n\n    \n<\/div>\n\n\n\n<div class=\"employment-support 1\" style=\"\n        margin-top: 41px;\n        width: 100%;height: 640px;\n        background: url(https:\/\/causeway.stagingservers.net\/wp-content\/uploads\/2019\/11\/ep-employers.jpg) center center no-repeat;\n        -webkit-background-size: cover;\n        background-size: cover;\n        max-height: 640px;\n        \">\n\n    <div class=\"employment-support-inner\">\n\n                    <div class=\"left\">\n                <h2>SOLUTIONS POUR LES JEUNES<\/h2>\n            <\/div>\n            <div class=\"right\">\n                <h2><\/h2>\n            <\/div>\n        \n    <\/div>\n\n<\/div>\n\n\n\n    <div class=\"employment-support-content\" style=\"margin-bottom: 75px;\">\n        <div class=\"content\">\n            <p><span style=\"font-weight: 400\">Solutions pour les jeunes est un programme financ\u00e9 par le f\u00e9d\u00e9ral qui s\u2019adresse aux personnes \u00e2g\u00e9es de 16 \u00e0 29\u00a0ans. Pendant une p\u00e9riode de 16\u00a0semaines, les participants re\u00e7oivent l\u2019appui n\u00e9cessaire pour acqu\u00e9rir les comp\u00e9tences et les habitudes de travail utiles pour trouver un emploi ou retourner aux \u00e9tudes. Ce programme comprend les deux volets suivants\u00a0: <\/span><\/p>\n<p>&nbsp;<\/p>\n<ul>\n<li><span style=\"font-weight: 400\">Ateliers sur l\u2019emploi en classe (4 semaines)\u00a0: Les cours se tiennent tous les jours de la semaine de 9\u00a0h \u00e0 15\u00a0h. Les participants \u00e9valuent leurs capacit\u00e9s, cernent leurs obstacles et se fixent les objectifs de travail ou d\u2019\u00e9tudes devant \u00eatre r\u00e9alis\u00e9s \u00e0 la fin du programme. Les ateliers sur l\u2019emploi abordent les \u00e9l\u00e9ments suivants sans s\u2019y limiter\u00a0: r\u00e9daction d\u2019un CV, techniques d\u2019entrevues, recherche d\u2019emploi, gestion du stress, r\u00e9solution de conflits, gestion de la col\u00e8re, budget et estime de soi.<\/span><\/li>\n<li><span style=\"font-weight: 400\">Stages en milieu de travail\u00a0: Apr\u00e8s les 4 semaines d\u2019ateliers en classe, les participants effectuent un stage en milieu de travail de 12 semaines dans une entreprise locale<\/span><span style=\"font-weight: 400\">. <\/span><\/li>\n<\/ul>\n<p><span style=\"font-weight: 400\">Les participants re\u00e7oivent le salaire minimum pendant toute la dur\u00e9e du programme. Veuillez communiquer avec nous pour les crit\u00e8res d\u2019admissibilit\u00e9.\u00a0 <\/span><\/p>\n        <\/div>\n        <div class=\"employment-btn-block one-column\">\n            <a href=\"#contact-form\" class=\"btn\">NOUS JOINDRE<\/a>\n        <\/div>\n    <\/div>\n\n\n\n\n\n\n\n<div class=\"employment-support 1\" style=\"\n        margin-top: 35px;\n        width: 100%;height: 640px;\n        background: url(https:\/\/causeway.stagingservers.net\/wp-content\/uploads\/2019\/11\/rice-ottawa.png) center center no-repeat;\n        -webkit-background-size: cover;\n        background-size: cover;\n        max-height: 640px;\n        \">\n\n    <div class=\"employment-support-inner\">\n\n                    <h2>RISE OTTAWA<\/h2>\n        \n    <\/div>\n\n<\/div>\n\n\n\n    <div class=\"employment-support-content\" style=\"margin-bottom: 55px;\">\n        <div class=\"content\">\n            <p><span style=\"font-weight: 400;padding-bottom: 20px\">Rise Ottawa est un partenaire de Rise Asset Development, un organisme de bienfaisance enregistr\u00e9\u00a0qui fournit des pr\u00eats \u00e0 faible int\u00e9r\u00eat pour petites entreprises et des services d\u2019encadrement dans le domaine des affaires \u00e0 des personnes atteintes de maladies mentales et de probl\u00e8mes de toxicomanie. \u0152uvrant par l\u2019entremise de Causeway, Rise Ottawa propose deux avenues pour aider ces personnes \u00e0 lancer ou d\u00e9velopper leur entreprise, y compris des pr\u00eats pour petite entreprise et pour \u00e9v\u00e8nement.<\/span><\/p>\n<ul>\n<li><span style=\"font-weight: 400\">Pr\u00eat pour petite entreprise\u00a0: Il s\u2019agit d\u2019un financement pouvant s\u2019\u00e9lever jusqu\u2019\u00e0 10\u00a0000\u00a0$ \u00e0 l\u2019intention des entrepreneurs admissibles au programme. Le pr\u00eat initial moyen se situe entre 3000 et 4000\u00a0$ avec un remboursement \u00e9tal\u00e9 sur trois ans. Pour soutenir davantage nos entrepreneurs, on fournit aux clients financ\u00e9s une ann\u00e9e d\u2019encadrement et de conseil en affaires.<\/span><\/li>\n<li><span style=\"font-weight: 400\">Pr\u00eat pour \u00e9v\u00e8nement\u00a0: De petits pr\u00eats allant jusqu\u2019\u00e0 2500 $ permettent \u00e0 l\u2019entrepreneur de payer les droits de vente, l\u2019acquisition de produits ou les frais de marketing en vue de vendre ou de promouvoir ses produits ou ses services \u00e0 un \u00e9v\u00e8nement. On s\u2019attend \u00e0 ce que l\u2019entrepreneur utilise les revenus tir\u00e9s de l\u2019\u00e9v\u00e8nement en question pour rembourser le pr\u00eat. <\/span><\/li>\n<\/ul>\n<p><span style=\"font-weight: 400\">Comme ces pr\u00eats sont personnalis\u00e9s, Rise prend en consid\u00e9ration \u00e0 la fois la personne et l\u2019entreprise pour d\u00e9cider d\u2019accorder le pr\u00eat. Pour de plus amples renseignements, appelez le 613-725-3494 au poste 118.<\/span><\/p>\n        <\/div>\n        <div class=\"employment-btn-block one-column\">\n            <a href=\"#contact-form\" class=\"btn\">NOUS JOINDRE<\/a>\n        <\/div>\n    <\/div>\n\n\n\n\n\n\n\n<div class=\"employment-support 1\" style=\"\n        margin-top: 79px;\n        width: 100%;height: 640px;\n        background: url(https:\/\/causeway.stagingservers.net\/wp-content\/uploads\/2019\/11\/needle-hunters.png) center center no-repeat;\n        -webkit-background-size: cover;\n        background-size: cover;\n        max-height: 640px;\n        \">\n\n    <div class=\"employment-support-inner\">\n\n                    <h2>CHASSEURS D\u2019AIGUILLES<\/h2>\n        \n    <\/div>\n\n<\/div>\n\n\n\n    <div class=\"employment-support-content\" style=\"margin-bottom: 72px;\">\n        <div class=\"content\">\n            <p><span style=\"font-weight: 400\">Le programme Chasseurs d\u2019aiguilles consiste \u00e0 fournir un emploi r\u00e9mun\u00e9r\u00e9 \u00e0 des personnes sans-abri ou \u00e0 risque de le devenir. Sous contrat avec la ville d\u2019Ottawa, ces chasseurs d\u2019aiguilles r\u00e9cup\u00e8rent tous les objets relatifs \u00e0 la consommation de drogues dans des secteurs cibl\u00e9s de la ville. Ce programme contribue \u00e0 rendre les parcs et les rues plus propres et plus s\u00e9curitaires. <\/span><\/p>\n        <\/div>\n        <div class=\"employment-btn-block one-column\">\n            <a href=\"#contact-form\" class=\"btn\">NOUS JOINDRE<\/a>\n        <\/div>\n    <\/div>\n\n\n\n\n\n\n\n<div class=\"video-block\" style=\"margin-bottom: 128px;\">\n\n        <div class=\"video-block-inner second-temp\">\n        <div class=\"video-block\" style=\"background: url(https:\/\/causeway.stagingservers.net\/wp-content\/uploads\/2019\/11\/pure-kitchen.png) center center no-repeat;-webkit-background-size: cover; background-size: cover;\">\n            <div style=\"position: absolute;width: 100%;height: 100%; top: 0;left: 0;\">\n                <a href=\"#video2\" class=\"play-btn\" data-fancybox style=\"background: url(https:\/\/causeway.stagingservers.net\/wp-content\/uploads\/2019\/08\/Video-Play.png) center center no-repeat;-webkit-background-size: cover;background-size: cover; width: 120px;height: 120px;    position: absolute;\n                        top: 48%;\n                        left: 50%;\n                        transform: translate(-50%, -50%);\"><\/a>\n                <div id=\"video2\" class=\"lightbox\">\n                    <div class=\"player\" data-plyr-provider=\"youtube\" data-plyr-embed-id=\"1Fv2PvpbscY\"><\/div>\n                <\/div>\n            <\/div>\n            <h3>PURE KITCHEN<\/h3>\n        <\/div>\n    <\/div>\n    \n<\/div>\n\n\n<div class=\"get-pages\" style=\"\n                       \">\n\n            <h2>AUTRES AVENUES<\/h2>\n    \n        <div class=\"get-pages-inner two-pages\">\n        \n\t\t\t\t\n    <\/div>\n    \n\n\n<\/div>\n\n\n\n\n<div id=\"contact-form\" class=\"find-work-form\" style=\"margin-bottom: 85px;\">\n\n    <div class=\"fw-form-inner\">\n\n        <div class=\"content-side\"\n                            style=\"padding-bottom: 10px\"\n                         >\n            <h2>ENTERPRISES SOCIALES<\/h2>\n            <div class=\"desc\"><p><span style=\"font-weight: 400\">Si vous souhaitez acqu\u00e9rir une bonne exp\u00e9rience professionnelle dans un milieu de travail valorisant, un poste dans une de nos entreprises sociales pourrait vous convenir.<\/span><\/p>\n<\/div>\n            <h3><\/h3>\n        <\/div>\n\n        <div class=\"form-side\">\n            \n<div class=\"wpcf7 no-js\" id=\"wpcf7-f1458-o1\" lang=\"fr-FR\" dir=\"ltr\" data-wpcf7-id=\"1458\">\n<div class=\"screen-reader-response\"><p role=\"status\" aria-live=\"polite\" aria-atomic=\"true\"><\/p> <ul><\/ul><\/div>\n<form action=\"\/fr\/wp-json\/wp\/v2\/pages\/1676#wpcf7-f1458-o1\" method=\"post\" class=\"wpcf7-form init\" aria-label=\"Formulaire de contact\" novalidate=\"novalidate\" data-status=\"init\">\n<fieldset class=\"hidden-fields-container\"><input type=\"hidden\" name=\"_wpcf7\" value=\"1458\" \/><input type=\"hidden\" name=\"_wpcf7_version\" value=\"6.1.5\" \/><input type=\"hidden\" name=\"_wpcf7_locale\" value=\"fr_FR\" \/><input type=\"hidden\" name=\"_wpcf7_unit_tag\" value=\"wpcf7-f1458-o1\" \/><input type=\"hidden\" name=\"_wpcf7_container_post\" value=\"0\" \/><input type=\"hidden\" name=\"_wpcf7_posted_data_hash\" value=\"\" \/>\n<\/fieldset>\n<p><span class=\"wpcf7-form-control-wrap\" data-name=\"your-name\"><input size=\"40\" maxlength=\"400\" class=\"wpcf7-form-control wpcf7-text wpcf7-validates-as-required\" aria-required=\"true\" aria-invalid=\"false\" placeholder=\"Pr\u00e9nom*\" value=\"\" type=\"text\" name=\"your-name\" \/><\/span>\n<\/p>\n<p><span class=\"wpcf7-form-control-wrap\" data-name=\"your-last\"><input size=\"40\" maxlength=\"400\" class=\"wpcf7-form-control wpcf7-text\" aria-invalid=\"false\" placeholder=\"Nom de famille\" value=\"\" type=\"text\" name=\"your-last\" \/><\/span>\n<\/p>\n<p><span class=\"wpcf7-form-control-wrap\" data-name=\"your-email\"><input size=\"40\" maxlength=\"400\" class=\"wpcf7-form-control wpcf7-email wpcf7-validates-as-required wpcf7-text wpcf7-validates-as-email\" aria-required=\"true\" aria-invalid=\"false\" placeholder=\"Courriel*\" value=\"\" type=\"email\" name=\"your-email\" \/><\/span>\n<\/p>\n<p><span class=\"wpcf7-form-control-wrap\" data-name=\"your-tell\"><input size=\"40\" maxlength=\"400\" class=\"wpcf7-form-control wpcf7-tel wpcf7-text wpcf7-validates-as-tel\" aria-invalid=\"false\" placeholder=\"Num\u00e9ro de t\u00e9l\u00e9phone\" value=\"\" type=\"tel\" name=\"your-tell\" \/><\/span>\n<\/p>\n<p><span class=\"wpcf7-form-control-wrap\" data-name=\"your-interest\"><select class=\"wpcf7-form-control wpcf7-select\" aria-invalid=\"false\" name=\"your-interest\"><option value=\"\">Programme qui vous int\u00e9resse<\/option><option value=\"int1\">int1<\/option><option value=\"int2\">int2<\/option><option value=\"int3\">int3<\/option><\/select><\/span>\n<\/p>\n<p><span class=\"wpcf7-form-control-wrap\" data-name=\"your-message\"><textarea cols=\"40\" rows=\"5\" maxlength=\"2000\" class=\"wpcf7-form-control wpcf7-textarea\" aria-invalid=\"false\" placeholder=\"\u201cQue peut-on faire pour vous?\u201d\" name=\"your-message\"><\/textarea><\/span>\n<\/p>\n<p><input class=\"wpcf7-form-control wpcf7-submit has-spinner\" type=\"submit\" value=\"SOUMETTRE\" \/>\n<\/p><div class=\"wpcf7-response-output\" aria-hidden=\"true\"><\/div>\n<\/form>\n<\/div>\n        <\/div>\n\n    <\/div>\n\n<\/div>\n","protected":false},"excerpt":{"rendered":"","protected":false},"author":1,"featured_media":1704,"parent":0,"menu_order":0,"comment_status":"closed","ping_status":"closed","template":"","meta":{"_acf_changed":false,"footnotes":""},"categories":[],"tags":[28],"class_list":["post-1676","page","type-page","status-publish","has-post-thumbnail","hentry","tag-chercher-du-travail"],"acf":[],"yoast_head":"<!-- This site is optimized with the Yoast SEO plugin v27.4 - https:\/\/yoast.com\/product\/yoast-seo-wordpress\/ -->\n<title>PROGRAMMES D\u2019EMPLOI - CAUSEWAY<\/title>\n<meta name=\"robots\" content=\"noindex, follow, max-snippet:-1, max-image-preview:large, max-video-preview:-1\" \/>\n<meta property=\"og:locale\" content=\"fr_FR\" \/>\n<meta property=\"og:type\" content=\"article\" \/>\n<meta property=\"og:title\" content=\"PROGRAMMES D\u2019EMPLOI - CAUSEWAY\" \/>\n<meta property=\"og:url\" content=\"https:\/\/causeway.stagingservers.net\/fr\/programmes-demploi\/\" \/>\n<meta property=\"og:site_name\" content=\"CAUSEWAY\" \/>\n<meta property=\"article:modified_time\" content=\"2020-05-08T19:27:40+00:00\" \/>\n<meta property=\"og:image\" content=\"https:\/\/causeway.stagingservers.net\/wp-content\/uploads\/2019\/11\/EmploymentPrograms.jpg\" \/>\n\t<meta property=\"og:image:width\" content=\"360\" \/>\n\t<meta property=\"og:image:height\" content=\"275\" \/>\n\t<meta property=\"og:image:type\" content=\"image\/jpeg\" \/>\n<meta name=\"twitter:card\" content=\"summary_large_image\" \/>\n<script type=\"application\/ld+json\" class=\"yoast-schema-graph\">{\"@context\":\"https:\\\/\\\/schema.org\",\"@graph\":[{\"@type\":\"WebPage\",\"@id\":\"https:\\\/\\\/causeway.stagingservers.net\\\/fr\\\/programmes-demploi\\\/\",\"url\":\"https:\\\/\\\/causeway.stagingservers.net\\\/fr\\\/programmes-demploi\\\/\",\"name\":\"PROGRAMMES D\u2019EMPLOI - CAUSEWAY\",\"isPartOf\":{\"@id\":\"https:\\\/\\\/causeway.stagingservers.net\\\/fr\\\/#website\"},\"primaryImageOfPage\":{\"@id\":\"https:\\\/\\\/causeway.stagingservers.net\\\/fr\\\/programmes-demploi\\\/#primaryimage\"},\"image\":{\"@id\":\"https:\\\/\\\/causeway.stagingservers.net\\\/fr\\\/programmes-demploi\\\/#primaryimage\"},\"thumbnailUrl\":\"https:\\\/\\\/causeway.stagingservers.net\\\/wp-content\\\/uploads\\\/2019\\\/11\\\/EmploymentPrograms.jpg\",\"datePublished\":\"2019-11-02T11:23:56+00:00\",\"dateModified\":\"2020-05-08T19:27:40+00:00\",\"breadcrumb\":{\"@id\":\"https:\\\/\\\/causeway.stagingservers.net\\\/fr\\\/programmes-demploi\\\/#breadcrumb\"},\"inLanguage\":\"fr-FR\",\"potentialAction\":[{\"@type\":\"ReadAction\",\"target\":[\"https:\\\/\\\/causeway.stagingservers.net\\\/fr\\\/programmes-demploi\\\/\"]}]},{\"@type\":\"ImageObject\",\"inLanguage\":\"fr-FR\",\"@id\":\"https:\\\/\\\/causeway.stagingservers.net\\\/fr\\\/programmes-demploi\\\/#primaryimage\",\"url\":\"https:\\\/\\\/causeway.stagingservers.net\\\/wp-content\\\/uploads\\\/2019\\\/11\\\/EmploymentPrograms.jpg\",\"contentUrl\":\"https:\\\/\\\/causeway.stagingservers.net\\\/wp-content\\\/uploads\\\/2019\\\/11\\\/EmploymentPrograms.jpg\",\"width\":360,\"height\":275},{\"@type\":\"BreadcrumbList\",\"@id\":\"https:\\\/\\\/causeway.stagingservers.net\\\/fr\\\/programmes-demploi\\\/#breadcrumb\",\"itemListElement\":[{\"@type\":\"ListItem\",\"position\":1,\"name\":\"Home\",\"item\":\"https:\\\/\\\/causeway.stagingservers.net\\\/fr\\\/\"},{\"@type\":\"ListItem\",\"position\":2,\"name\":\"PROGRAMMES D\u2019EMPLOI\"}]},{\"@type\":\"WebSite\",\"@id\":\"https:\\\/\\\/causeway.stagingservers.net\\\/fr\\\/#website\",\"url\":\"https:\\\/\\\/causeway.stagingservers.net\\\/fr\\\/\",\"name\":\"CAUSEWAY\",\"description\":\"\",\"publisher\":{\"@id\":\"https:\\\/\\\/causeway.stagingservers.net\\\/fr\\\/#organization\"},\"potentialAction\":[{\"@type\":\"SearchAction\",\"target\":{\"@type\":\"EntryPoint\",\"urlTemplate\":\"https:\\\/\\\/causeway.stagingservers.net\\\/fr\\\/?s={search_term_string}\"},\"query-input\":{\"@type\":\"PropertyValueSpecification\",\"valueRequired\":true,\"valueName\":\"search_term_string\"}}],\"inLanguage\":\"fr-FR\"},{\"@type\":\"Organization\",\"@id\":\"https:\\\/\\\/causeway.stagingservers.net\\\/fr\\\/#organization\",\"name\":\"CAUSEWAY\",\"url\":\"https:\\\/\\\/causeway.stagingservers.net\\\/fr\\\/\",\"logo\":{\"@type\":\"ImageObject\",\"inLanguage\":\"fr-FR\",\"@id\":\"https:\\\/\\\/causeway.stagingservers.net\\\/fr\\\/#\\\/schema\\\/logo\\\/image\\\/\",\"url\":\"https:\\\/\\\/causeway.stagingservers.net\\\/wp-content\\\/uploads\\\/2019\\\/08\\\/logo.png\",\"contentUrl\":\"https:\\\/\\\/causeway.stagingservers.net\\\/wp-content\\\/uploads\\\/2019\\\/08\\\/logo.png\",\"width\":366,\"height\":54,\"caption\":\"CAUSEWAY\"},\"image\":{\"@id\":\"https:\\\/\\\/causeway.stagingservers.net\\\/fr\\\/#\\\/schema\\\/logo\\\/image\\\/\"}}]}<\/script>\n<!-- \/ Yoast SEO plugin. -->","yoast_head_json":{"title":"PROGRAMMES D\u2019EMPLOI - CAUSEWAY","robots":{"index":"noindex","follow":"follow","max-snippet":"max-snippet:-1","max-image-preview":"max-image-preview:large","max-video-preview":"max-video-preview:-1"},"og_locale":"fr_FR","og_type":"article","og_title":"PROGRAMMES D\u2019EMPLOI - CAUSEWAY","og_url":"https:\/\/causeway.stagingservers.net\/fr\/programmes-demploi\/","og_site_name":"CAUSEWAY","article_modified_time":"2020-05-08T19:27:40+00:00","og_image":[{"width":360,"height":275,"url":"https:\/\/causeway.stagingservers.net\/wp-content\/uploads\/2019\/11\/EmploymentPrograms.jpg","type":"image\/jpeg"}],"twitter_card":"summary_large_image","schema":{"@context":"https:\/\/schema.org","@graph":[{"@type":"WebPage","@id":"https:\/\/causeway.stagingservers.net\/fr\/programmes-demploi\/","url":"https:\/\/causeway.stagingservers.net\/fr\/programmes-demploi\/","name":"PROGRAMMES D\u2019EMPLOI - CAUSEWAY","isPartOf":{"@id":"https:\/\/causeway.stagingservers.net\/fr\/#website"},"primaryImageOfPage":{"@id":"https:\/\/causeway.stagingservers.net\/fr\/programmes-demploi\/#primaryimage"},"image":{"@id":"https:\/\/causeway.stagingservers.net\/fr\/programmes-demploi\/#primaryimage"},"thumbnailUrl":"https:\/\/causeway.stagingservers.net\/wp-content\/uploads\/2019\/11\/EmploymentPrograms.jpg","datePublished":"2019-11-02T11:23:56+00:00","dateModified":"2020-05-08T19:27:40+00:00","breadcrumb":{"@id":"https:\/\/causeway.stagingservers.net\/fr\/programmes-demploi\/#breadcrumb"},"inLanguage":"fr-FR","potentialAction":[{"@type":"ReadAction","target":["https:\/\/causeway.stagingservers.net\/fr\/programmes-demploi\/"]}]},{"@type":"ImageObject","inLanguage":"fr-FR","@id":"https:\/\/causeway.stagingservers.net\/fr\/programmes-demploi\/#primaryimage","url":"https:\/\/causeway.stagingservers.net\/wp-content\/uploads\/2019\/11\/EmploymentPrograms.jpg","contentUrl":"https:\/\/causeway.stagingservers.net\/wp-content\/uploads\/2019\/11\/EmploymentPrograms.jpg","width":360,"height":275},{"@type":"BreadcrumbList","@id":"https:\/\/causeway.stagingservers.net\/fr\/programmes-demploi\/#breadcrumb","itemListElement":[{"@type":"ListItem","position":1,"name":"Home","item":"https:\/\/causeway.stagingservers.net\/fr\/"},{"@type":"ListItem","position":2,"name":"PROGRAMMES D\u2019EMPLOI"}]},{"@type":"WebSite","@id":"https:\/\/causeway.stagingservers.net\/fr\/#website","url":"https:\/\/causeway.stagingservers.net\/fr\/","name":"CAUSEWAY","description":"","publisher":{"@id":"https:\/\/causeway.stagingservers.net\/fr\/#organization"},"potentialAction":[{"@type":"SearchAction","target":{"@type":"EntryPoint","urlTemplate":"https:\/\/causeway.stagingservers.net\/fr\/?s={search_term_string}"},"query-input":{"@type":"PropertyValueSpecification","valueRequired":true,"valueName":"search_term_string"}}],"inLanguage":"fr-FR"},{"@type":"Organization","@id":"https:\/\/causeway.stagingservers.net\/fr\/#organization","name":"CAUSEWAY","url":"https:\/\/causeway.stagingservers.net\/fr\/","logo":{"@type":"ImageObject","inLanguage":"fr-FR","@id":"https:\/\/causeway.stagingservers.net\/fr\/#\/schema\/logo\/image\/","url":"https:\/\/causeway.stagingservers.net\/wp-content\/uploads\/2019\/08\/logo.png","contentUrl":"https:\/\/causeway.stagingservers.net\/wp-content\/uploads\/2019\/08\/logo.png","width":366,"height":54,"caption":"CAUSEWAY"},"image":{"@id":"https:\/\/causeway.stagingservers.net\/fr\/#\/schema\/logo\/image\/"}}]}},"_links":{"self":[{"href":"https:\/\/causeway.stagingservers.net\/fr\/wp-json\/wp\/v2\/pages\/1676","targetHints":{"allow":["GET"]}}],"collection":[{"href":"https:\/\/causeway.stagingservers.net\/fr\/wp-json\/wp\/v2\/pages"}],"about":[{"href":"https:\/\/causeway.stagingservers.net\/fr\/wp-json\/wp\/v2\/types\/page"}],"author":[{"embeddable":true,"href":"https:\/\/causeway.stagingservers.net\/fr\/wp-json\/wp\/v2\/users\/1"}],"replies":[{"embeddable":true,"href":"https:\/\/causeway.stagingservers.net\/fr\/wp-json\/wp\/v2\/comments?post=1676"}],"version-history":[{"count":6,"href":"https:\/\/causeway.stagingservers.net\/fr\/wp-json\/wp\/v2\/pages\/1676\/revisions"}],"predecessor-version":[{"id":2550,"href":"https:\/\/causeway.stagingservers.net\/fr\/wp-json\/wp\/v2\/pages\/1676\/revisions\/2550"}],"wp:featuredmedia":[{"embeddable":true,"href":"https:\/\/causeway.stagingservers.net\/fr\/wp-json\/wp\/v2\/media\/1704"}],"wp:attachment":[{"href":"https:\/\/causeway.stagingservers.net\/fr\/wp-json\/wp\/v2\/media?parent=1676"}],"wp:term":[{"taxonomy":"category","embeddable":true,"href":"https:\/\/causeway.stagingservers.net\/fr\/wp-json\/wp\/v2\/categories?post=1676"},{"taxonomy":"post_tag","embeddable":true,"href":"https:\/\/causeway.stagingservers.net\/fr\/wp-json\/wp\/v2\/tags?post=1676"}],"curies":[{"name":"wp","href":"https:\/\/api.w.org\/{rel}","templated":true}]}}