{"id":1618,"date":"2019-11-01T18:14:05","date_gmt":"2019-11-01T18:14:05","guid":{"rendered":"https:\/\/causeway.stagingservers.net\/?page_id=1618"},"modified":"2019-12-17T03:44:02","modified_gmt":"2019-12-17T03:44:02","slug":"donner-en-heritage","status":"publish","type":"page","link":"https:\/\/causeway.stagingservers.net\/fr\/donner-en-heritage\/","title":{"rendered":"DONNER EN H\u00c9RITAGE"},"content":{"rendered":"<div class=\"hero-block\"\n    style=\"padding-top: 50px;\"\n    >\n\n    <div class=\"hero-block-inner\" style=\"\n        max-width: 100%;\n                    max-height: 727px;\n            max-height: 100%;\n                    height: 727px;\n            background: url(https:\/\/causeway.stagingservers.net\/wp-content\/uploads\/2019\/12\/causeway_grandparents-grandchildren.jpg) top center no-repeat;\n            -webkit-background-size: cover;\n            background-size: cover;\n                    max-width: 100%;\n            margin-top: 0;\n                \">\n\n        <div class=\"content\">\n                            <h1>DONNER EN H\u00c9RITAGE<\/h1>\n            \n\t\t\t        <\/div>\n\n    <\/div>\n\n<\/div>\n\n\n<div class=\"top-content\">\n\n    \n                <div class=\"top-content-inner\" style=\"\n                            align-items: flex-start;\n                                         \">\n            <div class=\"left\">\n                <h3>QUEL SERA VOTRE H\u00c9RITAGE ?<\/h3>\n            <\/div>\n            <div class=\"right\">\n                <div class=\"desc\">\n                    <p><span style=\"font-weight: 400\">Faire un don \u00e0 Causeway, c\u2019est investir dans votre collectivit\u00e9. Votre soutien aidera des personnes en difficult\u00e9 \u00e0 trouver un poste qui leur convienne parfaitement. Il servira \u00e0 cultiver chez chacun le sentiment d\u2019appartenir \u00e0 la collectivit\u00e9, d\u2019\u00eatre utile et d\u2019\u00eatre ind\u00e9pendant. Votre legs contribuera \u00e0 enclencher un cercle vertueux dont les ondes positives, de plus en plus grandes, se r\u00e9percuteront dans toute la collectivit\u00e9 et cr\u00e9eront, chez tous ses membres, de nouveaux moments porteurs d\u2019espoir, de perspective et de sens.<\/span><\/p>\n                <\/div>\n                                    <h4>VOIL\u00c0 QUEL POURRAIT \u00caTRE VOTRE H\u00c9RITAGE.<\/h4>\n                \n            <\/div>\n        <\/div>\n\n    \n<\/div>\n\n\n\n<div class=\"story\" style=\"padding-top: px;padding-bottom: 105px;\">\n\n    <div class=\"story-inner\">\n        <div class=\"story-thumb\" style=\"\n                    background: url(https:\/\/causeway.stagingservers.net\/wp-content\/uploads\/2019\/11\/story3.png) center center no-repeat;\n                    -webkit-background-size: cover;\n                    background-size: cover;\n                    max-height:                             535px\n                        !important;\"><h2>L\u2019HISTOIRE DE MARK<\/h2><\/div>\n        <div class=\"story-content\"><p><span style=\"font-weight: 400\">Imaginez que vous avez une passion pour l\u2019art culinaire. Vous d\u00e9tenez la motivation, les comp\u00e9tences et m\u00eame la formation, mais votre anxi\u00e9t\u00e9 est telle qu\u2019il vous est impossible de travailler dans le chaos normal d\u2019une cuisine. C\u2019\u00e9tait le cas de Mark. Apr\u00e8s plus de 25\u00a0ans d\u2019exp\u00e9rience dans ce domaine, il a d\u00fb prendre un cong\u00e9 pour invalidit\u00e9 en raison de son trouble d\u2019anxi\u00e9t\u00e9. Il \u00e9tait d\u00e9vast\u00e9. Il adorait son m\u00e9tier, mais le haut niveau de stress et rythme soutenu de ce milieu l\u2019ont oblig\u00e9 \u00e0 quitter un emploi qu\u2019il aimait.\u00a0<\/span><\/p>\n<p><span style=\"font-weight: 400\">Mais Mark n\u2019a pas baiss\u00e9 les bras. Il a travaill\u00e9 dur pour g\u00e9rer son anxi\u00e9t\u00e9 et a ainsi pu renouer avec sa passion. Des donateurs comme vous contribuent \u00e0 ce que des cas comme celui de Marc se r\u00e9p\u00e8tent chaque jour. Aujourd\u2019hui, Mark est employ\u00e9 \u00e0 Krackers Katering, une entreprise sociale dirig\u00e9e par Causeway, o\u00f9 il est responsable de la pr\u00e9paration des aliments, de la confection des sandwichs et des plats principaux et de l\u2019assemblage des commandes.<\/span><\/p>\n<\/div>\n    <\/div>\n\n            <div class=\"subtitle\"><h3>\u00ab LE TRAVAIL EN CUISINE EST D\u2019HABITUDE TR\u00c8S STRESSANT, MAIS PAS \u00c0 KRACKERS. JE NE POURRAIS PAS TROUVER AILLEURS QU\u2019ICI LE M\u00caME GENRE DE COMPR\u00c9HENSION ET DE RESSOURCES N\u00c9CESSAIRES [\u00c0 MON \u00c9TAT]. \u00bb <\/h3><\/div>\n    \n<\/div>\n\n\n\n<div class=\"promise\">\n\n    <div class=\"promise-inner\">\n\n        <div class=\"promise-top\">\n            <div class=\"top-inner\">\n                <img decoding=\"async\" src=\"https:\/\/causeway.stagingservers.net\/wp-content\/uploads\/2019\/11\/promise.png\" alt=\"\">\n                <img decoding=\"async\" src=\"https:\/\/causeway.stagingservers.net\/wp-content\/uploads\/2019\/11\/promise2.png\" alt=\"\">\n            <\/div>\n            <div class=\"top-content\">\n                <h2>QUELLE EST VOTRE PROMESSE D\u2019AVENIR ?<\/h2>\n                <div class=\"desc\">Laisser un cadeau dans votre testament est une promesse aux g\u00e9n\u00e9rations futures \u2014 un engagement pour cr\u00e9er une soci\u00e9t\u00e9 qui, aujourd\u2019hui et demain, tire profit des forces et des capacit\u00e9s de chaque personne en lui confiant un emploi utile et valorisant. Et ce, quelle que soit sa situation. Vous \u00e9prouverez une tranquillit\u00e9 d\u2019esprit et un sentiment de satisfaction en sachant que le legs que vous laissez derri\u00e8re vous contribue \u00e0 placer la bonne personne \u00e0 la bonne place en vue de cr\u00e9er une culture de compassion, d\u2019acceptation et d\u2019appartenance dans les milieux de travail.<\/div>\n            <\/div>\n        <\/div>\n\n        <div class=\"promise-bottom\">\n            <div class=\"left\">\n                <img decoding=\"async\" src=\"https:\/\/causeway.stagingservers.net\/wp-content\/uploads\/2019\/11\/promise3.png\" alt=\"\">\n            <\/div>\n            <div class=\"right\">\n                <h3>VOICI LE T\u00c9MOIGNAGE DE LEAH ET JEFF QUI ONT FAIT UN DON DANS LEUR TESTAMENT :<\/h3>\n                <div class=\"text\"><p><span style=\"font-weight: 400\">\u00ab\u00a0Faire un don \u00e0 Causeway dans notre testament nous permet de prendre soin de notre famille d\u2019abord tout en r\u00e9duisant les futurs droits successoraux et en cr\u00e9ant un legs pour aider les personnes qui souffrent de maladies mentales. Il nous importe de faire un don qui d\u00e9passe largement ce que nous aurions cru possible durant notre vie.\u00a0<\/span><\/p>\n<p><span style=\"font-weight: 400\">Nous avons choisi de faire une donation au fonds de dotation de la Fondation Causeway par l\u2019interm\u00e9diaire de la Fondation communautaire d\u2019Ottawa parce qu\u2019il est r\u00e9confortant de savoir que la somme donn\u00e9e existera \u00e0 perp\u00e9tuit\u00e9 et que le revenu de ce fonds apportera une source de revenu constante \u00e0 une cause qui nous est ch\u00e8re.\u00a0\u00bb <\/span><\/p>\n<\/div>\n            <\/div>\n        <\/div>\n\n    <\/div>\n\n<\/div>\n\n\n\n<div class=\"diff-maker\" id=\"\" style=\"\n        width: 100%;\n        height: 640px;\n        background: url(https:\/\/causeway.stagingservers.net\/wp-content\/uploads\/2019\/11\/img-copy-16.png) top center no-repeat;\n        -webkit-background-size: cover;\n        background-size: cover;\n                        \">\n\n    <div class=\"diff-maker-inner\" >\n        <h2>CHANGER LES CHOSES<\/h2>\n    <\/div>\n\n<\/div>\n\n\n<div class=\"mid-content\">\n\n            <div class=\"mid-content-inner\" style=\"\n                                        padding-bottom: 161px;\n                                \">\n                                        <div class=\"desc\"><p><span style=\"font-weight: 400\">Le moyen le plus courant d\u2019encourager notre cause dans votre testament est d\u2019y inscrire un legs. Vous n\u2019avez pas besoin de r\u00e9\u00e9crire le testament, vous pouvez simplement y ajouter \u00ab\u00a0Fondation Causeway\u00a0\u00bb comme b\u00e9n\u00e9ficiaire, ce qui permet \u00e0 vos h\u00e9ritiers de recevoir un re\u00e7u officiel \u00e0 des fins fiscales pour la totalit\u00e9 du don.\u00a0<\/span><\/p>\n<p><span style=\"font-weight: 400\">Quel que soit votre choix, nous vous recommandons d\u2019en discuter avec votre famille et votre conseiller financier.<\/span><\/p>\n<p><span style=\"font-weight: 400\">Pour de plus amples renseignements, communiquez avec le bureau de la Fondation \u00e0 <a href=\"mailto:info@causewayfoundation.org\"><b>info@causewayfoundation.org<\/b><\/a><b>.<\/b>\u00a0 <\/span><\/p>\n<\/div>\n                                                    <a href=\"\/contact-us\" class=\"btn\">NOUS JOINDRE<\/a>\n                    <\/div>\n        \n<\/div>\n","protected":false},"excerpt":{"rendered":"","protected":false},"author":1,"featured_media":0,"parent":0,"menu_order":0,"comment_status":"closed","ping_status":"closed","template":"","meta":{"_acf_changed":false,"footnotes":""},"categories":[],"tags":[],"class_list":["post-1618","page","type-page","status-publish","hentry"],"acf":[],"yoast_head":"<!-- This site is optimized with the Yoast SEO plugin v27.4 - https:\/\/yoast.com\/product\/yoast-seo-wordpress\/ -->\n<title>DONNER EN H\u00c9RITAGE - CAUSEWAY<\/title>\n<meta name=\"robots\" content=\"noindex, follow, max-snippet:-1, max-image-preview:large, max-video-preview:-1\" \/>\n<meta property=\"og:locale\" content=\"fr_FR\" \/>\n<meta property=\"og:type\" content=\"article\" \/>\n<meta property=\"og:title\" content=\"DONNER EN H\u00c9RITAGE - CAUSEWAY\" \/>\n<meta property=\"og:url\" content=\"https:\/\/causeway.stagingservers.net\/fr\/donner-en-heritage\/\" \/>\n<meta property=\"og:site_name\" content=\"CAUSEWAY\" \/>\n<meta property=\"article:modified_time\" content=\"2019-12-17T03:44:02+00:00\" \/>\n<meta name=\"twitter:card\" content=\"summary_large_image\" \/>\n<script type=\"application\/ld+json\" class=\"yoast-schema-graph\">{\"@context\":\"https:\\\/\\\/schema.org\",\"@graph\":[{\"@type\":\"WebPage\",\"@id\":\"https:\\\/\\\/causeway.stagingservers.net\\\/fr\\\/donner-en-heritage\\\/\",\"url\":\"https:\\\/\\\/causeway.stagingservers.net\\\/fr\\\/donner-en-heritage\\\/\",\"name\":\"DONNER EN H\u00c9RITAGE - CAUSEWAY\",\"isPartOf\":{\"@id\":\"https:\\\/\\\/causeway.stagingservers.net\\\/fr\\\/#website\"},\"datePublished\":\"2019-11-01T18:14:05+00:00\",\"dateModified\":\"2019-12-17T03:44:02+00:00\",\"breadcrumb\":{\"@id\":\"https:\\\/\\\/causeway.stagingservers.net\\\/fr\\\/donner-en-heritage\\\/#breadcrumb\"},\"inLanguage\":\"fr-FR\",\"potentialAction\":[{\"@type\":\"ReadAction\",\"target\":[\"https:\\\/\\\/causeway.stagingservers.net\\\/fr\\\/donner-en-heritage\\\/\"]}]},{\"@type\":\"BreadcrumbList\",\"@id\":\"https:\\\/\\\/causeway.stagingservers.net\\\/fr\\\/donner-en-heritage\\\/#breadcrumb\",\"itemListElement\":[{\"@type\":\"ListItem\",\"position\":1,\"name\":\"Home\",\"item\":\"https:\\\/\\\/causeway.stagingservers.net\\\/fr\\\/\"},{\"@type\":\"ListItem\",\"position\":2,\"name\":\"DONNER EN H\u00c9RITAGE\"}]},{\"@type\":\"WebSite\",\"@id\":\"https:\\\/\\\/causeway.stagingservers.net\\\/fr\\\/#website\",\"url\":\"https:\\\/\\\/causeway.stagingservers.net\\\/fr\\\/\",\"name\":\"CAUSEWAY\",\"description\":\"\",\"publisher\":{\"@id\":\"https:\\\/\\\/causeway.stagingservers.net\\\/fr\\\/#organization\"},\"potentialAction\":[{\"@type\":\"SearchAction\",\"target\":{\"@type\":\"EntryPoint\",\"urlTemplate\":\"https:\\\/\\\/causeway.stagingservers.net\\\/fr\\\/?s={search_term_string}\"},\"query-input\":{\"@type\":\"PropertyValueSpecification\",\"valueRequired\":true,\"valueName\":\"search_term_string\"}}],\"inLanguage\":\"fr-FR\"},{\"@type\":\"Organization\",\"@id\":\"https:\\\/\\\/causeway.stagingservers.net\\\/fr\\\/#organization\",\"name\":\"CAUSEWAY\",\"url\":\"https:\\\/\\\/causeway.stagingservers.net\\\/fr\\\/\",\"logo\":{\"@type\":\"ImageObject\",\"inLanguage\":\"fr-FR\",\"@id\":\"https:\\\/\\\/causeway.stagingservers.net\\\/fr\\\/#\\\/schema\\\/logo\\\/image\\\/\",\"url\":\"https:\\\/\\\/causeway.stagingservers.net\\\/wp-content\\\/uploads\\\/2019\\\/08\\\/logo.png\",\"contentUrl\":\"https:\\\/\\\/causeway.stagingservers.net\\\/wp-content\\\/uploads\\\/2019\\\/08\\\/logo.png\",\"width\":366,\"height\":54,\"caption\":\"CAUSEWAY\"},\"image\":{\"@id\":\"https:\\\/\\\/causeway.stagingservers.net\\\/fr\\\/#\\\/schema\\\/logo\\\/image\\\/\"}}]}<\/script>\n<!-- \/ Yoast SEO plugin. -->","yoast_head_json":{"title":"DONNER EN H\u00c9RITAGE - CAUSEWAY","robots":{"index":"noindex","follow":"follow","max-snippet":"max-snippet:-1","max-image-preview":"max-image-preview:large","max-video-preview":"max-video-preview:-1"},"og_locale":"fr_FR","og_type":"article","og_title":"DONNER EN H\u00c9RITAGE - CAUSEWAY","og_url":"https:\/\/causeway.stagingservers.net\/fr\/donner-en-heritage\/","og_site_name":"CAUSEWAY","article_modified_time":"2019-12-17T03:44:02+00:00","twitter_card":"summary_large_image","schema":{"@context":"https:\/\/schema.org","@graph":[{"@type":"WebPage","@id":"https:\/\/causeway.stagingservers.net\/fr\/donner-en-heritage\/","url":"https:\/\/causeway.stagingservers.net\/fr\/donner-en-heritage\/","name":"DONNER EN H\u00c9RITAGE - CAUSEWAY","isPartOf":{"@id":"https:\/\/causeway.stagingservers.net\/fr\/#website"},"datePublished":"2019-11-01T18:14:05+00:00","dateModified":"2019-12-17T03:44:02+00:00","breadcrumb":{"@id":"https:\/\/causeway.stagingservers.net\/fr\/donner-en-heritage\/#breadcrumb"},"inLanguage":"fr-FR","potentialAction":[{"@type":"ReadAction","target":["https:\/\/causeway.stagingservers.net\/fr\/donner-en-heritage\/"]}]},{"@type":"BreadcrumbList","@id":"https:\/\/causeway.stagingservers.net\/fr\/donner-en-heritage\/#breadcrumb","itemListElement":[{"@type":"ListItem","position":1,"name":"Home","item":"https:\/\/causeway.stagingservers.net\/fr\/"},{"@type":"ListItem","position":2,"name":"DONNER EN H\u00c9RITAGE"}]},{"@type":"WebSite","@id":"https:\/\/causeway.stagingservers.net\/fr\/#website","url":"https:\/\/causeway.stagingservers.net\/fr\/","name":"CAUSEWAY","description":"","publisher":{"@id":"https:\/\/causeway.stagingservers.net\/fr\/#organization"},"potentialAction":[{"@type":"SearchAction","target":{"@type":"EntryPoint","urlTemplate":"https:\/\/causeway.stagingservers.net\/fr\/?s={search_term_string}"},"query-input":{"@type":"PropertyValueSpecification","valueRequired":true,"valueName":"search_term_string"}}],"inLanguage":"fr-FR"},{"@type":"Organization","@id":"https:\/\/causeway.stagingservers.net\/fr\/#organization","name":"CAUSEWAY","url":"https:\/\/causeway.stagingservers.net\/fr\/","logo":{"@type":"ImageObject","inLanguage":"fr-FR","@id":"https:\/\/causeway.stagingservers.net\/fr\/#\/schema\/logo\/image\/","url":"https:\/\/causeway.stagingservers.net\/wp-content\/uploads\/2019\/08\/logo.png","contentUrl":"https:\/\/causeway.stagingservers.net\/wp-content\/uploads\/2019\/08\/logo.png","width":366,"height":54,"caption":"CAUSEWAY"},"image":{"@id":"https:\/\/causeway.stagingservers.net\/fr\/#\/schema\/logo\/image\/"}}]}},"_links":{"self":[{"href":"https:\/\/causeway.stagingservers.net\/fr\/wp-json\/wp\/v2\/pages\/1618","targetHints":{"allow":["GET"]}}],"collection":[{"href":"https:\/\/causeway.stagingservers.net\/fr\/wp-json\/wp\/v2\/pages"}],"about":[{"href":"https:\/\/causeway.stagingservers.net\/fr\/wp-json\/wp\/v2\/types\/page"}],"author":[{"embeddable":true,"href":"https:\/\/causeway.stagingservers.net\/fr\/wp-json\/wp\/v2\/users\/1"}],"replies":[{"embeddable":true,"href":"https:\/\/causeway.stagingservers.net\/fr\/wp-json\/wp\/v2\/comments?post=1618"}],"version-history":[{"count":4,"href":"https:\/\/causeway.stagingservers.net\/fr\/wp-json\/wp\/v2\/pages\/1618\/revisions"}],"predecessor-version":[{"id":2572,"href":"https:\/\/causeway.stagingservers.net\/fr\/wp-json\/wp\/v2\/pages\/1618\/revisions\/2572"}],"wp:attachment":[{"href":"https:\/\/causeway.stagingservers.net\/fr\/wp-json\/wp\/v2\/media?parent=1618"}],"wp:term":[{"taxonomy":"category","embeddable":true,"href":"https:\/\/causeway.stagingservers.net\/fr\/wp-json\/wp\/v2\/categories?post=1618"},{"taxonomy":"post_tag","embeddable":true,"href":"https:\/\/causeway.stagingservers.net\/fr\/wp-json\/wp\/v2\/tags?post=1618"}],"curies":[{"name":"wp","href":"https:\/\/api.w.org\/{rel}","templated":true}]}}