{"id":1590,"date":"2019-11-01T17:56:24","date_gmt":"2019-11-01T17:56:24","guid":{"rendered":"https:\/\/causeway.stagingservers.net\/?page_id=1590"},"modified":"2020-05-08T19:48:04","modified_gmt":"2020-05-08T19:48:04","slug":"travailler-avec-nous","status":"publish","type":"page","link":"https:\/\/causeway.stagingservers.net\/fr\/travailler-avec-nous\/","title":{"rendered":"TRAVAILLER AVEC NOUS"},"content":{"rendered":"<div class=\"hero-block\"\n    >\n\n    <div class=\"hero-block-inner\" style=\"\n        max-width: 100%;\n                    max-height: 480px;\n            margin-top: 0;\n                    height: 727px;\n            background: url(https:\/\/causeway.stagingservers.net\/wp-content\/uploads\/2019\/11\/work-with-us.png) top center no-repeat;\n            -webkit-background-size: cover;\n            background-size: cover;\n                    max-width: 100%;\n            margin-top: 0;\n                \">\n\n        <div class=\"content\">\n                            <h1>TRAVAILLER AVEC NOUS<\/h1>\n            \n\t\t\t        <\/div>\n\n    <\/div>\n\n<\/div>\n\n\n<div class=\"accordion-block\">\n    \n    <div class=\"accordion-inner\" style=\"padding-top: px; padding-bottom: px;\">\n\n                    <div class=\"content\">\n                <div class=\"left\">\n                    <h2>TRAVAILLER \u00c0 CAUSEWAY<\/h2>\n                    <div class=\"desc\"><p>Un travail constructif et valorisant, voil\u00e0 ce que nous faisons. Posez votre candidature pour une carri\u00e8re \u00e0 Causeway d\u00e8s aujourd\u2019hui et d\u00e9couvrez des emplois enrichissants qui contribuent \u00e0 des changements tangibles dans la vie des gens de votre collectivit\u00e9. <\/p>\n<\/div>\n                <\/div>\n                <div class=\"right\">\n                    <img decoding=\"async\" src=\"https:\/\/causeway.stagingservers.net\/wp-content\/uploads\/2019\/11\/acc1.png\" alt=\"\">\n                <\/div>\n            <\/div>\n        \n\n        <ul class=\"accordion\">\n            \n                <li class=\"accordion-item\">\n                    <h3 class=\"accordion-thumb\">FAIRE DU B\u00c9N\u00c9VOLAT \u00c0 CAUSEWAY<i><\/i><\/h3>\n\n                    <div class=\"accordion-panel\">\n                                                                                                    <p>\u00cates-vous \u00e0 la recherche d\u2019une fa\u00e7on gratifiante de renforcer votre collectivit\u00e9 ? Faire du b\u00e9n\u00e9volat \u00e0 Causeway vous permettra de jouer un r\u00f4le dans le cheminement de nos clients. Changez le cours des choses. Soyez b\u00e9n\u00e9vole \u00e0 Causeway. <\/p>\n<p>Les b\u00e9n\u00e9voles aident souvent les utilisateurs \u00e0 notre Centre de ressources en emploi ou si\u00e8gent \u00e0 des comit\u00e9s d\u2019\u00e9v\u00e8nement ou \u00e0 notre conseil d\u2019administration. Consultez ici les diverses possibilit\u00e9s de b\u00e9n\u00e9volat ou communiquez avec la coordonnatrice des b\u00e9n\u00e9voles Luanne Gauvreau \u00e0 lgauvreau@causewayworkcentre.org.<\/p>\n                        \n\n                    <\/div>\n                <\/li>\n\n                        <\/ul>\n\n\n    <\/div>\n    \n<\/div>\n\n\n\n<div class=\"find-work\">\n\n    <div class=\"find-work-inner\" style=\"\n                                padding-top: 100px;\n                                            padding-bottom: 124px;;\n                        \">\n\n                    <div class=\"square\" style=\"\n                    background-color: #e8f528;\n                    background-image: none;\n                    width:                             680px\n                    !important;\n                            max-height:                             560px\n                    !important;\">\n                <h2>GAGNANTS DU PRIX ELEANOR-MEIER<\/h2>\n            <\/div>\n\n        \n\n                    <div class=\"content small\">\n                                <div class=\"desc\" style=\"padding-top: px;padding-left: px;\">\n                    <p>La Fondation Causeway d\u00e9cerne le prix Eleanor-Meier \u00e0 une personne b\u00e9n\u00e9vole qui, par son engagement et sa compassion, a contribu\u00e9 de fa\u00e7on exceptionnelle \u00e0 am\u00e9liorer les vies des gens atteints de maladies mentales dans notre collectivit\u00e9.<\/p>\n                <\/div>\n                                    <h3>LES GAGNANTS:<\/h3>\n                \n                <div class=\"winners-list\">\n                    \n                            <p><b>2018<\/b> &#8211;  Daniel Watson<\/p>\n\n                        \n                            <p><b>2017<\/b> &#8211; Simon Couvrette<\/p>\n\n                        \n                            <p><b>2016<\/b> &#8211; Holly Beanlands<\/p>\n\n                        \n                            <p><b>2015<\/b> &#8211; Claudia von Zweck<\/p>\n\n                        \n                            <p><b>2014<\/b> &#8211; Pamela Hilchie<\/p>\n\n                        \n                            <p><b>2013<\/b> &#8211; Donna Campbell<\/p>\n\n                        \n                            <p><b>2012<\/b> &#8211; Robert Petrie<\/p>\n\n                        \n                            <p><b>2011<\/b> &#8211; Dianne Breton<\/p>\n\n                        \n                            <p><b>2010<\/b> &#8211; Bruce Hiney<\/p>\n\n                        \n                            <p><b>2008<\/b> &#8211; Jill Mutzeneek<\/p>\n\n                        \n                            <p><b>2006<\/b> &#8211;  Eleanor Meier<\/p>\n\n                                        <\/div>\n\n                \n            <\/div>\n                <div style=\"clear: both;\"><\/div>\n    <\/div>\n\n<\/div>\n\n","protected":false},"excerpt":{"rendered":"","protected":false},"author":1,"featured_media":0,"parent":0,"menu_order":0,"comment_status":"closed","ping_status":"closed","template":"","meta":{"_acf_changed":false,"footnotes":""},"categories":[],"tags":[],"class_list":["post-1590","page","type-page","status-publish","hentry"],"acf":[],"yoast_head":"<!-- This site is optimized with the Yoast SEO plugin v27.4 - https:\/\/yoast.com\/product\/yoast-seo-wordpress\/ -->\n<title>TRAVAILLER AVEC NOUS - CAUSEWAY<\/title>\n<meta name=\"robots\" content=\"noindex, follow, max-snippet:-1, max-image-preview:large, max-video-preview:-1\" \/>\n<meta property=\"og:locale\" content=\"fr_FR\" \/>\n<meta property=\"og:type\" content=\"article\" \/>\n<meta property=\"og:title\" content=\"TRAVAILLER AVEC NOUS - CAUSEWAY\" \/>\n<meta property=\"og:url\" content=\"https:\/\/causeway.stagingservers.net\/fr\/travailler-avec-nous\/\" \/>\n<meta property=\"og:site_name\" content=\"CAUSEWAY\" \/>\n<meta property=\"article:modified_time\" content=\"2020-05-08T19:48:04+00:00\" \/>\n<meta name=\"twitter:card\" content=\"summary_large_image\" \/>\n<script type=\"application\/ld+json\" class=\"yoast-schema-graph\">{\"@context\":\"https:\\\/\\\/schema.org\",\"@graph\":[{\"@type\":\"WebPage\",\"@id\":\"https:\\\/\\\/causeway.stagingservers.net\\\/fr\\\/travailler-avec-nous\\\/\",\"url\":\"https:\\\/\\\/causeway.stagingservers.net\\\/fr\\\/travailler-avec-nous\\\/\",\"name\":\"TRAVAILLER AVEC NOUS - CAUSEWAY\",\"isPartOf\":{\"@id\":\"https:\\\/\\\/causeway.stagingservers.net\\\/fr\\\/#website\"},\"datePublished\":\"2019-11-01T17:56:24+00:00\",\"dateModified\":\"2020-05-08T19:48:04+00:00\",\"breadcrumb\":{\"@id\":\"https:\\\/\\\/causeway.stagingservers.net\\\/fr\\\/travailler-avec-nous\\\/#breadcrumb\"},\"inLanguage\":\"fr-FR\",\"potentialAction\":[{\"@type\":\"ReadAction\",\"target\":[\"https:\\\/\\\/causeway.stagingservers.net\\\/fr\\\/travailler-avec-nous\\\/\"]}]},{\"@type\":\"BreadcrumbList\",\"@id\":\"https:\\\/\\\/causeway.stagingservers.net\\\/fr\\\/travailler-avec-nous\\\/#breadcrumb\",\"itemListElement\":[{\"@type\":\"ListItem\",\"position\":1,\"name\":\"Home\",\"item\":\"https:\\\/\\\/causeway.stagingservers.net\\\/fr\\\/\"},{\"@type\":\"ListItem\",\"position\":2,\"name\":\"TRAVAILLER AVEC NOUS\"}]},{\"@type\":\"WebSite\",\"@id\":\"https:\\\/\\\/causeway.stagingservers.net\\\/fr\\\/#website\",\"url\":\"https:\\\/\\\/causeway.stagingservers.net\\\/fr\\\/\",\"name\":\"CAUSEWAY\",\"description\":\"\",\"publisher\":{\"@id\":\"https:\\\/\\\/causeway.stagingservers.net\\\/fr\\\/#organization\"},\"potentialAction\":[{\"@type\":\"SearchAction\",\"target\":{\"@type\":\"EntryPoint\",\"urlTemplate\":\"https:\\\/\\\/causeway.stagingservers.net\\\/fr\\\/?s={search_term_string}\"},\"query-input\":{\"@type\":\"PropertyValueSpecification\",\"valueRequired\":true,\"valueName\":\"search_term_string\"}}],\"inLanguage\":\"fr-FR\"},{\"@type\":\"Organization\",\"@id\":\"https:\\\/\\\/causeway.stagingservers.net\\\/fr\\\/#organization\",\"name\":\"CAUSEWAY\",\"url\":\"https:\\\/\\\/causeway.stagingservers.net\\\/fr\\\/\",\"logo\":{\"@type\":\"ImageObject\",\"inLanguage\":\"fr-FR\",\"@id\":\"https:\\\/\\\/causeway.stagingservers.net\\\/fr\\\/#\\\/schema\\\/logo\\\/image\\\/\",\"url\":\"https:\\\/\\\/causeway.stagingservers.net\\\/wp-content\\\/uploads\\\/2019\\\/08\\\/logo.png\",\"contentUrl\":\"https:\\\/\\\/causeway.stagingservers.net\\\/wp-content\\\/uploads\\\/2019\\\/08\\\/logo.png\",\"width\":366,\"height\":54,\"caption\":\"CAUSEWAY\"},\"image\":{\"@id\":\"https:\\\/\\\/causeway.stagingservers.net\\\/fr\\\/#\\\/schema\\\/logo\\\/image\\\/\"}}]}<\/script>\n<!-- \/ Yoast SEO plugin. -->","yoast_head_json":{"title":"TRAVAILLER AVEC NOUS - CAUSEWAY","robots":{"index":"noindex","follow":"follow","max-snippet":"max-snippet:-1","max-image-preview":"max-image-preview:large","max-video-preview":"max-video-preview:-1"},"og_locale":"fr_FR","og_type":"article","og_title":"TRAVAILLER AVEC NOUS - CAUSEWAY","og_url":"https:\/\/causeway.stagingservers.net\/fr\/travailler-avec-nous\/","og_site_name":"CAUSEWAY","article_modified_time":"2020-05-08T19:48:04+00:00","twitter_card":"summary_large_image","schema":{"@context":"https:\/\/schema.org","@graph":[{"@type":"WebPage","@id":"https:\/\/causeway.stagingservers.net\/fr\/travailler-avec-nous\/","url":"https:\/\/causeway.stagingservers.net\/fr\/travailler-avec-nous\/","name":"TRAVAILLER AVEC NOUS - CAUSEWAY","isPartOf":{"@id":"https:\/\/causeway.stagingservers.net\/fr\/#website"},"datePublished":"2019-11-01T17:56:24+00:00","dateModified":"2020-05-08T19:48:04+00:00","breadcrumb":{"@id":"https:\/\/causeway.stagingservers.net\/fr\/travailler-avec-nous\/#breadcrumb"},"inLanguage":"fr-FR","potentialAction":[{"@type":"ReadAction","target":["https:\/\/causeway.stagingservers.net\/fr\/travailler-avec-nous\/"]}]},{"@type":"BreadcrumbList","@id":"https:\/\/causeway.stagingservers.net\/fr\/travailler-avec-nous\/#breadcrumb","itemListElement":[{"@type":"ListItem","position":1,"name":"Home","item":"https:\/\/causeway.stagingservers.net\/fr\/"},{"@type":"ListItem","position":2,"name":"TRAVAILLER AVEC NOUS"}]},{"@type":"WebSite","@id":"https:\/\/causeway.stagingservers.net\/fr\/#website","url":"https:\/\/causeway.stagingservers.net\/fr\/","name":"CAUSEWAY","description":"","publisher":{"@id":"https:\/\/causeway.stagingservers.net\/fr\/#organization"},"potentialAction":[{"@type":"SearchAction","target":{"@type":"EntryPoint","urlTemplate":"https:\/\/causeway.stagingservers.net\/fr\/?s={search_term_string}"},"query-input":{"@type":"PropertyValueSpecification","valueRequired":true,"valueName":"search_term_string"}}],"inLanguage":"fr-FR"},{"@type":"Organization","@id":"https:\/\/causeway.stagingservers.net\/fr\/#organization","name":"CAUSEWAY","url":"https:\/\/causeway.stagingservers.net\/fr\/","logo":{"@type":"ImageObject","inLanguage":"fr-FR","@id":"https:\/\/causeway.stagingservers.net\/fr\/#\/schema\/logo\/image\/","url":"https:\/\/causeway.stagingservers.net\/wp-content\/uploads\/2019\/08\/logo.png","contentUrl":"https:\/\/causeway.stagingservers.net\/wp-content\/uploads\/2019\/08\/logo.png","width":366,"height":54,"caption":"CAUSEWAY"},"image":{"@id":"https:\/\/causeway.stagingservers.net\/fr\/#\/schema\/logo\/image\/"}}]}},"_links":{"self":[{"href":"https:\/\/causeway.stagingservers.net\/fr\/wp-json\/wp\/v2\/pages\/1590","targetHints":{"allow":["GET"]}}],"collection":[{"href":"https:\/\/causeway.stagingservers.net\/fr\/wp-json\/wp\/v2\/pages"}],"about":[{"href":"https:\/\/causeway.stagingservers.net\/fr\/wp-json\/wp\/v2\/types\/page"}],"author":[{"embeddable":true,"href":"https:\/\/causeway.stagingservers.net\/fr\/wp-json\/wp\/v2\/users\/1"}],"replies":[{"embeddable":true,"href":"https:\/\/causeway.stagingservers.net\/fr\/wp-json\/wp\/v2\/comments?post=1590"}],"version-history":[{"count":2,"href":"https:\/\/causeway.stagingservers.net\/fr\/wp-json\/wp\/v2\/pages\/1590\/revisions"}],"predecessor-version":[{"id":2568,"href":"https:\/\/causeway.stagingservers.net\/fr\/wp-json\/wp\/v2\/pages\/1590\/revisions\/2568"}],"wp:attachment":[{"href":"https:\/\/causeway.stagingservers.net\/fr\/wp-json\/wp\/v2\/media?parent=1590"}],"wp:term":[{"taxonomy":"category","embeddable":true,"href":"https:\/\/causeway.stagingservers.net\/fr\/wp-json\/wp\/v2\/categories?post=1590"},{"taxonomy":"post_tag","embeddable":true,"href":"https:\/\/causeway.stagingservers.net\/fr\/wp-json\/wp\/v2\/tags?post=1590"}],"curies":[{"name":"wp","href":"https:\/\/api.w.org\/{rel}","templated":true}]}}