{"id":1566,"date":"2019-11-01T17:22:00","date_gmt":"2019-11-01T17:22:00","guid":{"rendered":"https:\/\/causeway.stagingservers.net\/?page_id=1566"},"modified":"2020-05-11T13:31:19","modified_gmt":"2020-05-11T13:31:19","slug":"comment-aider","status":"publish","type":"page","link":"https:\/\/causeway.stagingservers.net\/fr\/comment-aider\/","title":{"rendered":"COMMENT AIDER"},"content":{"rendered":"<div class=\"hero-block\"\n    style=\"padding-top: 50px;\"\n    >\n\n    <div class=\"hero-block-inner\" style=\"\n        max-width: 100%;\n                    max-height: 480px;\n            margin-top: 0;\n                    height: 727px;\n            background: url(https:\/\/causeway.stagingservers.net\/wp-content\/uploads\/2019\/11\/how-to-help.png) top center no-repeat;\n            -webkit-background-size: cover;\n            background-size: cover;\n                    max-width: 100%;\n            margin-top: 0;\n                \">\n\n        <div class=\"content\">\n                            <h1>COMMENT AIDER<\/h1>\n            \n\t\t\t\t\t\t\t\t\t\t\t\t<a href=\"#donate\" class=\"btn\">FAIRE UN DON<\/a>\n\t\t\t\t\t\t\t        <\/div>\n\n    <\/div>\n\n<\/div>\n\n\n<div class=\"top-content\">\n\n    \n                <div class=\"top-content-inner\" style=\"\n                            align-items: flex-start;\n                                         \">\n            <div class=\"left\">\n                <h3>AIDER \u00c0 RASSEMBLER LA COLLECTIVIT\u00c9<\/h3>\n            <\/div>\n            <div class=\"right\">\n                <div class=\"desc\">\n                    <p><span style=\"font-weight: 400\">Vous savez que le travail joue un r\u00f4le important dans l\u2019opinion qu\u2019on se fait de soi. Vous avez s\u00fbrement d\u00e9j\u00e0 \u00e9prouv\u00e9 un sentiment de profonde satisfaction apr\u00e8s une contribution utile. Vous voyez \u00e0 quel point votre emploi agit sur l\u2019estime de soi et les sentiments d\u2019ind\u00e9pendance et d\u2019appartenance.\u00a0<\/span><\/p>\n<p><span style=\"font-weight: 400\">Ce sont ces raisons qui vous motivent \u00e0 favoriser le sentiment d\u2019appartenance pour toutes les personnes, quelles que soient les difficult\u00e9s auxquelles elles font face. Vous croyez dans la cr\u00e9ation de milieux de travail ou chaque personne est inestimable.\u00a0<\/span><\/p>\n<p><span style=\"font-weight: 400\">Chaque dollar donn\u00e9 \u00e0 la Fondation Causeway est un investissement dans notre collectivit\u00e9. En aidant les autres \u00e0 trouver le r\u00f4le qui leur convient parfaitement dans leur milieu, vous cr\u00e9ez des moments porteurs d\u2019espoir, de perspective et de sens pour tout le monde.\u00a0\u00a0\u00a0<\/span><\/p>\n<p><span style=\"font-weight: 400\">Votre don a le pouvoir de d\u00e9clencher un cercle vertueux dont les ondes positives se r\u00e9percutent dans toute la collectivit\u00e9. Il contribue \u00e0 utiliser les capacit\u00e9s de chacun et donc de construire une collectivit\u00e9 meilleure. Vous n\u2019aidez pas simplement quelqu\u2019un \u00e0 trouver un emploi, mais \u00e0 trouver ce qui lui correspond parfaitement.<\/span><\/p>\n                <\/div>\n                                    <h4>VOUS INVESTISSEZ DANS LES GENS. NOUS AUSSI.<\/h4>\n                \n            <\/div>\n        <\/div>\n\n    \n<\/div>\n\n\n\n<div class=\"diff-maker\" id=\"\" style=\"\n        width: 100%;\n        height: 640px;\n        background: url(https:\/\/causeway.stagingservers.net\/wp-content\/uploads\/2019\/11\/making-a-diff.png) top center no-repeat;\n        -webkit-background-size: cover;\n        background-size: cover;\n                        margin-top: 30px;\n                                margin-bottom: 140px;\n                \">\n\n    <div class=\"diff-maker-inner\" >\n        <h2>JOIGNEZ-VOUS \u00c0 NOUS. DEVENEZ UN ACTEUR DU CHANGEMENT.<\/h2>\n    <\/div>\n\n<\/div>\n\n\n\n<div class=\"story\" style=\"padding-top: px;padding-bottom: px;\">\n\n    <div class=\"story-inner\">\n        <div class=\"story-thumb\" style=\"\n                    background: url(https:\/\/causeway.stagingservers.net\/wp-content\/uploads\/2019\/11\/story2.png) center center no-repeat;\n                    -webkit-background-size: cover;\n                    background-size: cover;\n                    max-height:                             535px\n                        !important;\"><h2>HISTOIRE D\u2019ERIN<\/h2><\/div>\n        <div class=\"story-content\"><p><span style=\"font-weight: 400\">\u00ab\u00a0J\u2019ai commenc\u00e9 mon cheminement avec Causeway en 2007, alors que je souffrais d\u2019une maladie mentale et de pauvret\u00e9. J\u2019ai malheureusement d\u00fb quitter le programme \u00e0 cause de probl\u00e8mes de sant\u00e9 mais Causeway a laiss\u00e9 en moi quelque chose d\u2019inestimable. C\u2019\u00e9tait ma personnalit\u00e9 qui \u00e9tait en train de se forger avec l\u2019\u00e9quipe \u00e0 mesure qu\u2019ils me faisaient appr\u00e9cier mes capacit\u00e9s.<\/span><\/p>\n<p><b>\u00ab\u00a0IL Y AURA PROBABLEMENT TOUJOURS DES OBSTACLES DANS MA VIE, MAIS JE PEUX MIEUX LES G\u00c9RER AVEC LES APTITUDES AU TRAVAIL ACQUISES \u00c0 CAUSEWAY.\u00a0\u00bb<\/b><\/p>\n<p><span style=\"font-weight: 400\">En 2015, j\u2019allais beaucoup mieux et je suis retourn\u00e9 \u00e0 Causeway avec le souvenir de cet espoir qu\u2019ils m\u2019avaient instill\u00e9. Gr\u00e2ce \u00e0 leur <\/span><span style=\"font-weight: 400\">programme Job Quest<\/span><span style=\"font-weight: 400\">, j\u2019ai trouv\u00e9 un poste de commis \u00e0 Value Village. Le programme de soutien \u00e0 l\u2019emploi m\u2019a permis d\u2019exprimer mes doutes et de garder mon travail. Maintenant, je ne me sens plus d\u00e9muni pour trouver ou conserver un emploi.<\/span><\/p>\n<\/div>\n    <\/div>\n\n    \n<\/div>\n\n\n<div class=\"donate\" id=\"donate\">\n\n    <div class=\"donate-inner\">\n        <h2>FAIRE UN DON<\/h2>\n            <\/div>\n\n<\/div>\n\n\n\n\n<div class=\"diff-maker\" id=\"\" style=\"\n        width: 100%;\n        height: 640px;\n        background: url(https:\/\/causeway.stagingservers.net\/wp-content\/uploads\/2019\/11\/hth-diff2.png) top center no-repeat;\n        -webkit-background-size: cover;\n        background-size: cover;\n                                margin-bottom: 41px;\n                \">\n\n    <div class=\"diff-maker-inner\" >\n        <h2>SOYEZ UN B TISSEUR DE PONT<\/h2>\n    <\/div>\n\n<\/div>\n\n\n<div class=\"mid-content\">\n\n            <div class=\"mid-content-inner temp-two\">\n            <div class=\"left\"><h3>FAITES UN DON CHAQUE MOIS<\/h3><\/div>\n            <div class=\"right\">\n                <div class=\"desc\"><p><span style=\"font-weight: 400\">Avec la concurrence croissante pour les subventions et les dons, les B\u00e2tisseurs de pont de Causeway permettent d\u2019assurer un financement continu toute l\u2019ann\u00e9e. Une source de revenu stable nous permet de soutenir nos clients en leur offrant une vari\u00e9t\u00e9 d\u2019outils et de ressources et de planifier en pr\u00e9vision des ann\u00e9es \u00e0 venir. <\/span><\/p>\n<p><span style=\"font-weight: 400\">Les B\u00e2tisseurs de pont sont essentiels \u00e0 notre capacit\u00e9 d\u2019obtenir des r\u00e9sultats tangibles. Tous les donateurs mensuels sont invit\u00e9s \u00e0 une visite des locaux de Causeway afin de constater les bienfaits que financent leurs dons.\u00a0 <\/span><\/p>\n<\/div>\n                                    <a href=\"#donate\" class=\"btn\">FAITES UN DON MAINTENANT<\/a>\n                            <\/div>\n        <\/div>\n        \n<\/div>\n\n\n\n<div class=\"help-block\" id=\"thehelpblock\">\n\n    <div class=\"help-block-inner\">\n        <h2>AUTRES FA\u00c7ONS D\u2019AIDER<\/h2>\n\n        \n                <div class=\"help-article\">\n                    <a href=\"https:\/\/causeway.stagingservers.net\/fr\/donner-en-heritage\/\" class=\"thumbnail help-thumb\" style=\"\n                        background: url(https:\/\/causeway.stagingservers.net\/wp-content\/uploads\/2019\/12\/causeway_grandparents-grandchildren.jpg) center center no-repeat;\n                        -webkit-background-size: cover;\n                        background-size: cover;\">\n<!--                         <span class=\"overflow\"><span>READ FULL <br> STORY<\/span><\/span> -->\n                    <\/a>\n                    <h3>FAITES UN DON PAR TESTAMENT<\/h3>\n                    <div class=\"desc\">En pensant \u00e0 Causeway dans votre testament, vous laisserez un legs de changements r\u00e9els dans votre collectivit\u00e9 : vous contribuerez \u00e0 ce que chacun puisse trouver un emploi satisfaisant, quels que soient ses ant\u00e9c\u00e9dents. <\/div>\n                    <a href=\"https:\/\/causeway.stagingservers.net\/fr\/donner-en-heritage\/\" class=\"btn\" target=\"\">POUR EN SAVOIR DAVANTAGE<\/a>\n                <\/div>\n\n        \n                <div class=\"help-article\">\n                    <a href=\"https:\/\/www.canadahelps.org\/en\/securities\/donate?charityId=54580\" class=\"thumbnail help-thumb\" style=\"\n                        background: url(https:\/\/causeway.stagingservers.net\/wp-content\/uploads\/2019\/12\/causeway_smiling-employer-1.jpg) center center no-repeat;\n                        -webkit-background-size: cover;\n                        background-size: cover;\">\n<!--                         <span class=\"overflow\"><span>READ FULL <br> STORY<\/span><\/span> -->\n                    <\/a>\n                    <h3>FAITES DON DE TITRES<\/h3>\n                    <div class=\"desc\">Quand vous faites un don de titres par l\u2019interm\u00e9diaire de notre page CanaDon, vous b\u00e9n\u00e9ficiez d\u2019avantages fiscaux tout en investissant dans votre collectivit\u00e9 et en aidant des gens \u00e0 trouver un emploi enrichissant. <\/div>\n                    <a href=\"https:\/\/www.canadahelps.org\/en\/securities\/donate?charityId=54580\" class=\"btn\" target=\"\">FAITES UN DON MAINTENANT<\/a>\n                <\/div>\n\n        \n    <\/div>\n\n<\/div>\n","protected":false},"excerpt":{"rendered":"","protected":false},"author":1,"featured_media":0,"parent":0,"menu_order":0,"comment_status":"closed","ping_status":"closed","template":"","meta":{"_acf_changed":false,"footnotes":""},"categories":[],"tags":[],"class_list":["post-1566","page","type-page","status-publish","hentry"],"acf":[],"yoast_head":"<!-- This site is optimized with the Yoast SEO plugin v27.4 - https:\/\/yoast.com\/product\/yoast-seo-wordpress\/ -->\n<title>COMMENT AIDER - CAUSEWAY<\/title>\n<meta name=\"robots\" content=\"noindex, follow, max-snippet:-1, max-image-preview:large, max-video-preview:-1\" \/>\n<meta property=\"og:locale\" content=\"fr_FR\" \/>\n<meta property=\"og:type\" content=\"article\" \/>\n<meta property=\"og:title\" content=\"COMMENT AIDER - CAUSEWAY\" \/>\n<meta property=\"og:url\" content=\"https:\/\/causeway.stagingservers.net\/fr\/comment-aider\/\" \/>\n<meta property=\"og:site_name\" content=\"CAUSEWAY\" \/>\n<meta property=\"article:modified_time\" content=\"2020-05-11T13:31:19+00:00\" \/>\n<meta name=\"twitter:card\" content=\"summary_large_image\" \/>\n<script type=\"application\/ld+json\" class=\"yoast-schema-graph\">{\"@context\":\"https:\\\/\\\/schema.org\",\"@graph\":[{\"@type\":\"WebPage\",\"@id\":\"https:\\\/\\\/causeway.stagingservers.net\\\/fr\\\/comment-aider\\\/\",\"url\":\"https:\\\/\\\/causeway.stagingservers.net\\\/fr\\\/comment-aider\\\/\",\"name\":\"COMMENT AIDER - CAUSEWAY\",\"isPartOf\":{\"@id\":\"https:\\\/\\\/causeway.stagingservers.net\\\/fr\\\/#website\"},\"datePublished\":\"2019-11-01T17:22:00+00:00\",\"dateModified\":\"2020-05-11T13:31:19+00:00\",\"breadcrumb\":{\"@id\":\"https:\\\/\\\/causeway.stagingservers.net\\\/fr\\\/comment-aider\\\/#breadcrumb\"},\"inLanguage\":\"fr-FR\",\"potentialAction\":[{\"@type\":\"ReadAction\",\"target\":[\"https:\\\/\\\/causeway.stagingservers.net\\\/fr\\\/comment-aider\\\/\"]}]},{\"@type\":\"BreadcrumbList\",\"@id\":\"https:\\\/\\\/causeway.stagingservers.net\\\/fr\\\/comment-aider\\\/#breadcrumb\",\"itemListElement\":[{\"@type\":\"ListItem\",\"position\":1,\"name\":\"Home\",\"item\":\"https:\\\/\\\/causeway.stagingservers.net\\\/fr\\\/\"},{\"@type\":\"ListItem\",\"position\":2,\"name\":\"COMMENT AIDER\"}]},{\"@type\":\"WebSite\",\"@id\":\"https:\\\/\\\/causeway.stagingservers.net\\\/fr\\\/#website\",\"url\":\"https:\\\/\\\/causeway.stagingservers.net\\\/fr\\\/\",\"name\":\"CAUSEWAY\",\"description\":\"\",\"publisher\":{\"@id\":\"https:\\\/\\\/causeway.stagingservers.net\\\/fr\\\/#organization\"},\"potentialAction\":[{\"@type\":\"SearchAction\",\"target\":{\"@type\":\"EntryPoint\",\"urlTemplate\":\"https:\\\/\\\/causeway.stagingservers.net\\\/fr\\\/?s={search_term_string}\"},\"query-input\":{\"@type\":\"PropertyValueSpecification\",\"valueRequired\":true,\"valueName\":\"search_term_string\"}}],\"inLanguage\":\"fr-FR\"},{\"@type\":\"Organization\",\"@id\":\"https:\\\/\\\/causeway.stagingservers.net\\\/fr\\\/#organization\",\"name\":\"CAUSEWAY\",\"url\":\"https:\\\/\\\/causeway.stagingservers.net\\\/fr\\\/\",\"logo\":{\"@type\":\"ImageObject\",\"inLanguage\":\"fr-FR\",\"@id\":\"https:\\\/\\\/causeway.stagingservers.net\\\/fr\\\/#\\\/schema\\\/logo\\\/image\\\/\",\"url\":\"https:\\\/\\\/causeway.stagingservers.net\\\/wp-content\\\/uploads\\\/2019\\\/08\\\/logo.png\",\"contentUrl\":\"https:\\\/\\\/causeway.stagingservers.net\\\/wp-content\\\/uploads\\\/2019\\\/08\\\/logo.png\",\"width\":366,\"height\":54,\"caption\":\"CAUSEWAY\"},\"image\":{\"@id\":\"https:\\\/\\\/causeway.stagingservers.net\\\/fr\\\/#\\\/schema\\\/logo\\\/image\\\/\"}}]}<\/script>\n<!-- \/ Yoast SEO plugin. -->","yoast_head_json":{"title":"COMMENT AIDER - CAUSEWAY","robots":{"index":"noindex","follow":"follow","max-snippet":"max-snippet:-1","max-image-preview":"max-image-preview:large","max-video-preview":"max-video-preview:-1"},"og_locale":"fr_FR","og_type":"article","og_title":"COMMENT AIDER - CAUSEWAY","og_url":"https:\/\/causeway.stagingservers.net\/fr\/comment-aider\/","og_site_name":"CAUSEWAY","article_modified_time":"2020-05-11T13:31:19+00:00","twitter_card":"summary_large_image","schema":{"@context":"https:\/\/schema.org","@graph":[{"@type":"WebPage","@id":"https:\/\/causeway.stagingservers.net\/fr\/comment-aider\/","url":"https:\/\/causeway.stagingservers.net\/fr\/comment-aider\/","name":"COMMENT AIDER - CAUSEWAY","isPartOf":{"@id":"https:\/\/causeway.stagingservers.net\/fr\/#website"},"datePublished":"2019-11-01T17:22:00+00:00","dateModified":"2020-05-11T13:31:19+00:00","breadcrumb":{"@id":"https:\/\/causeway.stagingservers.net\/fr\/comment-aider\/#breadcrumb"},"inLanguage":"fr-FR","potentialAction":[{"@type":"ReadAction","target":["https:\/\/causeway.stagingservers.net\/fr\/comment-aider\/"]}]},{"@type":"BreadcrumbList","@id":"https:\/\/causeway.stagingservers.net\/fr\/comment-aider\/#breadcrumb","itemListElement":[{"@type":"ListItem","position":1,"name":"Home","item":"https:\/\/causeway.stagingservers.net\/fr\/"},{"@type":"ListItem","position":2,"name":"COMMENT AIDER"}]},{"@type":"WebSite","@id":"https:\/\/causeway.stagingservers.net\/fr\/#website","url":"https:\/\/causeway.stagingservers.net\/fr\/","name":"CAUSEWAY","description":"","publisher":{"@id":"https:\/\/causeway.stagingservers.net\/fr\/#organization"},"potentialAction":[{"@type":"SearchAction","target":{"@type":"EntryPoint","urlTemplate":"https:\/\/causeway.stagingservers.net\/fr\/?s={search_term_string}"},"query-input":{"@type":"PropertyValueSpecification","valueRequired":true,"valueName":"search_term_string"}}],"inLanguage":"fr-FR"},{"@type":"Organization","@id":"https:\/\/causeway.stagingservers.net\/fr\/#organization","name":"CAUSEWAY","url":"https:\/\/causeway.stagingservers.net\/fr\/","logo":{"@type":"ImageObject","inLanguage":"fr-FR","@id":"https:\/\/causeway.stagingservers.net\/fr\/#\/schema\/logo\/image\/","url":"https:\/\/causeway.stagingservers.net\/wp-content\/uploads\/2019\/08\/logo.png","contentUrl":"https:\/\/causeway.stagingservers.net\/wp-content\/uploads\/2019\/08\/logo.png","width":366,"height":54,"caption":"CAUSEWAY"},"image":{"@id":"https:\/\/causeway.stagingservers.net\/fr\/#\/schema\/logo\/image\/"}}]}},"_links":{"self":[{"href":"https:\/\/causeway.stagingservers.net\/fr\/wp-json\/wp\/v2\/pages\/1566","targetHints":{"allow":["GET"]}}],"collection":[{"href":"https:\/\/causeway.stagingservers.net\/fr\/wp-json\/wp\/v2\/pages"}],"about":[{"href":"https:\/\/causeway.stagingservers.net\/fr\/wp-json\/wp\/v2\/types\/page"}],"author":[{"embeddable":true,"href":"https:\/\/causeway.stagingservers.net\/fr\/wp-json\/wp\/v2\/users\/1"}],"replies":[{"embeddable":true,"href":"https:\/\/causeway.stagingservers.net\/fr\/wp-json\/wp\/v2\/comments?post=1566"}],"version-history":[{"count":12,"href":"https:\/\/causeway.stagingservers.net\/fr\/wp-json\/wp\/v2\/pages\/1566\/revisions"}],"predecessor-version":[{"id":2575,"href":"https:\/\/causeway.stagingservers.net\/fr\/wp-json\/wp\/v2\/pages\/1566\/revisions\/2575"}],"wp:attachment":[{"href":"https:\/\/causeway.stagingservers.net\/fr\/wp-json\/wp\/v2\/media?parent=1566"}],"wp:term":[{"taxonomy":"category","embeddable":true,"href":"https:\/\/causeway.stagingservers.net\/fr\/wp-json\/wp\/v2\/categories?post=1566"},{"taxonomy":"post_tag","embeddable":true,"href":"https:\/\/causeway.stagingservers.net\/fr\/wp-json\/wp\/v2\/tags?post=1566"}],"curies":[{"name":"wp","href":"https:\/\/api.w.org\/{rel}","templated":true}]}}