{"id":1553,"date":"2019-11-01T17:17:03","date_gmt":"2019-11-01T17:17:03","guid":{"rendered":"https:\/\/causeway.stagingservers.net\/?page_id=1553"},"modified":"2020-05-08T19:41:54","modified_gmt":"2020-05-08T19:41:54","slug":"fondation-causeway","status":"publish","type":"page","link":"https:\/\/causeway.stagingservers.net\/fr\/fondation-causeway\/","title":{"rendered":"FONDATION CAUSEWAY"},"content":{"rendered":"<div class=\"hero-block\"\n    style=\"padding-top: 50px;\"\n    >\n\n    <div class=\"hero-block-inner\" style=\"\n        max-width: 100%;\n                    max-height: 480px;\n            margin-top: 0;\n                    height: 727px;\n            background: url(https:\/\/causeway.stagingservers.net\/wp-content\/uploads\/2019\/11\/foundation.png) top center no-repeat;\n            -webkit-background-size: cover;\n            background-size: cover;\n                    max-width: 100%;\n            margin-top: 0;\n                \">\n\n        <div class=\"content\">\n                            <h1>FONDATION CAUSEWAY <\/h1>\n            \n\t\t\t        <\/div>\n\n    <\/div>\n\n<\/div>\n\n\n<div class=\"top-content\">\n\n    \n                <div class=\"top-content-inner\" style=\"\n                            align-items: flex-start;\n                                         \">\n            <div class=\"left\">\n                <h3>UN MOT SUR LA FONDATION CAUSEWAY<\/h3>\n            <\/div>\n            <div class=\"right\">\n                <div class=\"desc\">\n                    <p><span style=\"font-weight: 400\">La Fondation Causeway est un organisme de bienfaisance enregistr\u00e9 qui se consacre \u00e0 aider les gens \u00e0 trouver du travail et \u00e0 rassembler la collectivit\u00e9 en rendant autonomes les personnes d\u00e9favoris\u00e9es de la ville d\u2019Ottawa et en transformant leur vie. Les donateurs de Causeway investissent dans notre mission parce qu\u2019ils croient en notre action, en nos clients, en notre agence. Ils croient en Anthony.<\/span><\/p>\n                <\/div>\n                \n            <\/div>\n        <\/div>\n\n    \n<\/div>\n\n\n\n<div class=\"story\" style=\"padding-top: 42px;padding-bottom: 54px;\">\n\n    <div class=\"story-inner\">\n        <div class=\"story-thumb\" style=\"\n                    background: url(https:\/\/causeway.stagingservers.net\/wp-content\/uploads\/2019\/11\/story1.png) center center no-repeat;\n                    -webkit-background-size: cover;\n                    background-size: cover;\n                    max-height:                             480px\n                        !important;\"><h2>HISTOIRE D\u2019ANTHONY<\/h2><\/div>\n        <div class=\"story-content\"><p><span style=\"font-weight: 400\">\u00ab\u00a0Je m\u2019appelle Anthony. Il y a quelques d\u00e9cennies, j\u2019ai re\u00e7u le diagnostic de schizophr\u00e9nie parano\u00efde. On m\u2019a dit que je ne pourrai jamais travailler ou aller \u00e0 l\u2019\u00e9cole et que je devais accepter ma retraite pr\u00e9matur\u00e9e. Et pendant des ann\u00e9es c\u2019est ce que j\u2019ai fait. Mais un jour, j\u2019ai d\u00e9cid\u00e9 que je voulais une vie meilleure. <\/span><\/p>\n<h4><b>JE SUIS VENU \u00c0 CAUSEWAY ET ILS M\u2019ONT FAIT SENTIR CE QUE JE PRESSENTAIS DEPUIS TOUJOURS\u00a0: JE POUVAIS ESP\u00c9RER D\u2019OBTENIR UN EMPLOI SI ON ME SOUTENAIT. <\/b><\/h4>\n<p><span style=\"font-weight: 400\">Avec l\u2019aide de Causeway et de ses entreprises sociales, j\u2019occupe actuellement quatre postes \u00e0 temps partiel. Je dois composer avec les effets des m\u00e9dicaments, mais plus je travaille, mieux je me sens. Je dis \u00e0 toutes les personnes dans ma situation que Causeway est une solution gagnante-gagnante.\u00a0\u00bb<\/span><\/p>\n<\/div>\n    <\/div>\n\n    \n<\/div>\n\n\n\n<div class=\"diff-maker\" id=\"\" style=\"\n        width: 100%;\n        height: 640px;\n        background: url(https:\/\/causeway.stagingservers.net\/wp-content\/uploads\/2019\/11\/found-diff.png) top center no-repeat;\n        -webkit-background-size: cover;\n        background-size: cover;\n                        \">\n\n    <div class=\"diff-maker-inner\" >\n        <h2>AGIR POUR CHANGER LES CHOSES<\/h2>\n    <\/div>\n\n<\/div>\n\n\n<div class=\"mid-content\">\n\n            <div class=\"mid-content-inner\" style=\"\n                                \">\n                            <div class=\"desc\">Les gens de notre collectivit\u00e9 ont besoin de gens comme vous pour faire bouger les choses. Nous sommes unis par l\u2019action. Nous sommes unis par notre engagement\u00a0: le travail pour tous dans la collectivit\u00e9; et nous sommes soutenus par nos acteurs du changement. Nous tentons de rendre le monde meilleur. Gr\u00e2ce \u00e0 notre action commune, nous contribuons \u00e0 rassembler la collectivit\u00e9.<\/div>\n                                                                <a href=\"https:\/\/causeway.stagingservers.net\/fr\/comment-aider\/\" class=\"btn\">FAITES UN DON MAINTENANT<\/a>\n                    <\/div>\n        \n<\/div>\n\n\n\n<div class=\"get-posts\">\n\n    <div class=\"get-posts-inner\"\n                            style=\"padding-top: 157px;\"\n                     >\n                    <h2>NOUVELLES DE CAUSEWAY <\/h2>\n        \n        <div class=\"posts-loop\">\n            \n                    <article>\n                        <a href=\"https:\/\/causeway.stagingservers.net\/fr\/thank-you-don\/\" class=\"thumbnail\" style=\"background: url(https:\/\/causeway.stagingservers.net\/wp-content\/uploads\/2019\/11\/post1.jpg) center center no-repeat;background-size: cover; display: block;\">\n                            <span class=\"overflow\"><span>\r\nLIRE LE COMPLET<br> R\u00c9CIT<\/span><\/span>\n                        <\/a>\n                        <a href=\"https:\/\/causeway.stagingservers.net\/fr\/thank-you-don\/\"><h3>(FR)Thank you, Don!<\/h3><\/a>\n                        <div class=\"excerpt\">\n Causeway is incredibly grateful for Don Palmer\u2019s work for over the past two decades. He has been a hardworking and dedicated Executive&#8230;<\/div>\n                    <\/article>\n\n                    \n                    <article>\n                        <a href=\"https:\/\/causeway.stagingservers.net\/fr\/frpierce-finds-success-at-the-third\/\" class=\"thumbnail\" style=\"background: url(https:\/\/causeway.stagingservers.net\/wp-content\/uploads\/2019\/11\/post2.jpg) center center no-repeat;background-size: cover; display: block;\">\n                            <span class=\"overflow\"><span>\r\nLIRE LE COMPLET<br> R\u00c9CIT<\/span><\/span>\n                        <\/a>\n                        <a href=\"https:\/\/causeway.stagingservers.net\/fr\/frpierce-finds-success-at-the-third\/\"><h3>(FR)Pierce Finds Success at The Third<\/h3><\/a>\n                        <div class=\"excerpt\">\n When you first meet Pierce James, you are immediately drawn in by his infectiously funny and quirky personality. When he speaks, he will&#8230;<\/div>\n                    <\/article>\n\n                    \n                    <article>\n                        <a href=\"https:\/\/causeway.stagingservers.net\/fr\/frcauseways-holiday-card-campaign\/\" class=\"thumbnail\" style=\"background: url(https:\/\/causeway.stagingservers.net\/wp-content\/uploads\/2019\/11\/Tony1-e1567622973996.png) center center no-repeat;background-size: cover; display: block;\">\n                            <span class=\"overflow\"><span>\r\nLIRE LE COMPLET<br> R\u00c9CIT<\/span><\/span>\n                        <\/a>\n                        <a href=\"https:\/\/causeway.stagingservers.net\/fr\/frcauseways-holiday-card-campaign\/\"><h3>(FR)Causeway\u2019s Holiday Card Campaign<\/h3><\/a>\n                        <div class=\"excerpt\">\n It\u2019s that time of year again! As soon as Halloween is over, all the decorations are taken down and the Christmas decorations are put up &#8230;<\/div>\n                    <\/article>\n\n                            <\/div>\n    <\/div>\n\n<\/div>\n\n\n\n\n\n\n<div class=\"board\">\n\n    \n        <div class=\"board-inner template-two\">\n            <div class=\"border\" style=\"border-top:none;\"><\/div>\n            <div class=\"board-top\">\n                <div class=\"title\">\n                    <h3>CONSEIL D\u2019ADMINISTRATION<\/h3>\n                <\/div>\n                <div class=\"content\">\n\n                    <div class=\"desc\">La Fondation Causeway est g\u00e9r\u00e9e par un conseil d\u2019administration compos\u00e9 de b\u00e9n\u00e9voles et emploie une personne \u00e0 temps plein.<\/div>\n                    \n                <\/div>\n            <\/div>\n            <div class=\"directors\">\n                <div class=\"title\">\n                    <h4>MEMBRES DU CONSEIL D\u2019ADMINISTRATION DE LA FONDATION CAUSEWAY<\/h4>\n                <\/div>\n                                <div class=\"dir-content\" style=\"justify-content: flex-start\">\n\n                    \n                            <div class=\"dir-block\">\n                                <h5>Stephen Willetts<\/h5>\n                                \n                                <p>Pr\u00e9sident<\/p>\n                            <\/div>\n\n                        \n                            <div class=\"dir-block\">\n                                <h5>Louise Boudreau<\/h5>\n                                \n                                <p>Secr\u00e9taire<\/p>\n                            <\/div>\n\n                        \n                            <div class=\"dir-block\">\n                                <h5>Eric Thomas<\/h5>\n                                \n                                <p>Tr\u00e9sorier<\/p>\n                            <\/div>\n\n                        \n                            <div class=\"dir-block\">\n                                <h5>Kate Faughnan<\/h5>\n                                \n                                <p>Directeur<\/p>\n                            <\/div>\n\n                        \n                            <div class=\"dir-block\">\n                                <h5>Kylie Patrick<\/h5>\n                                \n                                <p>Directeur<\/p>\n                            <\/div>\n\n                        \n                            <div class=\"dir-block\">\n                                <h5>Ryan Holm<\/h5>\n                                \n                                <p>Directeur<\/p>\n                            <\/div>\n\n                        \n                            <div class=\"dir-block\">\n                                <h5>Andrew Vey<\/h5>\n                                \n                                <p>Repr\u00e9sentant du Centre d\u2019emploi Causeway <\/p>\n                            <\/div>\n\n                        \n                <\/div>\n            <\/div>\n\n            <div class=\"members\">\n\n                <div class=\"title\">\n                    <h4>PERSONNEL DE LA FONDATION CAUSEWAY<\/h4>\n                <\/div>\n                                <div class=\"mem-content\" style=\"justify-content: flex-start\">\n\n                    \n                            <div class=\"mem-block\">\n                                <h5>Juliana Rodger<\/h5>\n                                <p>Agente de direction<\/p>\n                            <\/div>\n\n                        \n                <\/div>\n\n            <\/div>\n\n        <\/div>\n\n    \n<\/div>\n","protected":false},"excerpt":{"rendered":"","protected":false},"author":1,"featured_media":0,"parent":0,"menu_order":0,"comment_status":"closed","ping_status":"closed","template":"","meta":{"_acf_changed":false,"footnotes":""},"categories":[],"tags":[],"class_list":["post-1553","page","type-page","status-publish","hentry"],"acf":[],"yoast_head":"<!-- This site is optimized with the Yoast SEO plugin v27.4 - https:\/\/yoast.com\/product\/yoast-seo-wordpress\/ -->\n<title>FONDATION CAUSEWAY - CAUSEWAY<\/title>\n<meta name=\"robots\" content=\"noindex, follow, max-snippet:-1, max-image-preview:large, max-video-preview:-1\" \/>\n<meta property=\"og:locale\" content=\"fr_FR\" \/>\n<meta property=\"og:type\" content=\"article\" \/>\n<meta property=\"og:title\" content=\"FONDATION CAUSEWAY - CAUSEWAY\" \/>\n<meta property=\"og:url\" content=\"https:\/\/causeway.stagingservers.net\/fr\/fondation-causeway\/\" \/>\n<meta property=\"og:site_name\" content=\"CAUSEWAY\" \/>\n<meta property=\"article:modified_time\" content=\"2020-05-08T19:41:54+00:00\" \/>\n<meta name=\"twitter:card\" content=\"summary_large_image\" \/>\n<script type=\"application\/ld+json\" class=\"yoast-schema-graph\">{\"@context\":\"https:\\\/\\\/schema.org\",\"@graph\":[{\"@type\":\"WebPage\",\"@id\":\"https:\\\/\\\/causeway.stagingservers.net\\\/fr\\\/fondation-causeway\\\/\",\"url\":\"https:\\\/\\\/causeway.stagingservers.net\\\/fr\\\/fondation-causeway\\\/\",\"name\":\"FONDATION CAUSEWAY - CAUSEWAY\",\"isPartOf\":{\"@id\":\"https:\\\/\\\/causeway.stagingservers.net\\\/fr\\\/#website\"},\"datePublished\":\"2019-11-01T17:17:03+00:00\",\"dateModified\":\"2020-05-08T19:41:54+00:00\",\"breadcrumb\":{\"@id\":\"https:\\\/\\\/causeway.stagingservers.net\\\/fr\\\/fondation-causeway\\\/#breadcrumb\"},\"inLanguage\":\"fr-FR\",\"potentialAction\":[{\"@type\":\"ReadAction\",\"target\":[\"https:\\\/\\\/causeway.stagingservers.net\\\/fr\\\/fondation-causeway\\\/\"]}]},{\"@type\":\"BreadcrumbList\",\"@id\":\"https:\\\/\\\/causeway.stagingservers.net\\\/fr\\\/fondation-causeway\\\/#breadcrumb\",\"itemListElement\":[{\"@type\":\"ListItem\",\"position\":1,\"name\":\"Home\",\"item\":\"https:\\\/\\\/causeway.stagingservers.net\\\/fr\\\/\"},{\"@type\":\"ListItem\",\"position\":2,\"name\":\"FONDATION CAUSEWAY\"}]},{\"@type\":\"WebSite\",\"@id\":\"https:\\\/\\\/causeway.stagingservers.net\\\/fr\\\/#website\",\"url\":\"https:\\\/\\\/causeway.stagingservers.net\\\/fr\\\/\",\"name\":\"CAUSEWAY\",\"description\":\"\",\"publisher\":{\"@id\":\"https:\\\/\\\/causeway.stagingservers.net\\\/fr\\\/#organization\"},\"potentialAction\":[{\"@type\":\"SearchAction\",\"target\":{\"@type\":\"EntryPoint\",\"urlTemplate\":\"https:\\\/\\\/causeway.stagingservers.net\\\/fr\\\/?s={search_term_string}\"},\"query-input\":{\"@type\":\"PropertyValueSpecification\",\"valueRequired\":true,\"valueName\":\"search_term_string\"}}],\"inLanguage\":\"fr-FR\"},{\"@type\":\"Organization\",\"@id\":\"https:\\\/\\\/causeway.stagingservers.net\\\/fr\\\/#organization\",\"name\":\"CAUSEWAY\",\"url\":\"https:\\\/\\\/causeway.stagingservers.net\\\/fr\\\/\",\"logo\":{\"@type\":\"ImageObject\",\"inLanguage\":\"fr-FR\",\"@id\":\"https:\\\/\\\/causeway.stagingservers.net\\\/fr\\\/#\\\/schema\\\/logo\\\/image\\\/\",\"url\":\"https:\\\/\\\/causeway.stagingservers.net\\\/wp-content\\\/uploads\\\/2019\\\/08\\\/logo.png\",\"contentUrl\":\"https:\\\/\\\/causeway.stagingservers.net\\\/wp-content\\\/uploads\\\/2019\\\/08\\\/logo.png\",\"width\":366,\"height\":54,\"caption\":\"CAUSEWAY\"},\"image\":{\"@id\":\"https:\\\/\\\/causeway.stagingservers.net\\\/fr\\\/#\\\/schema\\\/logo\\\/image\\\/\"}}]}<\/script>\n<!-- \/ Yoast SEO plugin. -->","yoast_head_json":{"title":"FONDATION CAUSEWAY - CAUSEWAY","robots":{"index":"noindex","follow":"follow","max-snippet":"max-snippet:-1","max-image-preview":"max-image-preview:large","max-video-preview":"max-video-preview:-1"},"og_locale":"fr_FR","og_type":"article","og_title":"FONDATION CAUSEWAY - CAUSEWAY","og_url":"https:\/\/causeway.stagingservers.net\/fr\/fondation-causeway\/","og_site_name":"CAUSEWAY","article_modified_time":"2020-05-08T19:41:54+00:00","twitter_card":"summary_large_image","schema":{"@context":"https:\/\/schema.org","@graph":[{"@type":"WebPage","@id":"https:\/\/causeway.stagingservers.net\/fr\/fondation-causeway\/","url":"https:\/\/causeway.stagingservers.net\/fr\/fondation-causeway\/","name":"FONDATION CAUSEWAY - CAUSEWAY","isPartOf":{"@id":"https:\/\/causeway.stagingservers.net\/fr\/#website"},"datePublished":"2019-11-01T17:17:03+00:00","dateModified":"2020-05-08T19:41:54+00:00","breadcrumb":{"@id":"https:\/\/causeway.stagingservers.net\/fr\/fondation-causeway\/#breadcrumb"},"inLanguage":"fr-FR","potentialAction":[{"@type":"ReadAction","target":["https:\/\/causeway.stagingservers.net\/fr\/fondation-causeway\/"]}]},{"@type":"BreadcrumbList","@id":"https:\/\/causeway.stagingservers.net\/fr\/fondation-causeway\/#breadcrumb","itemListElement":[{"@type":"ListItem","position":1,"name":"Home","item":"https:\/\/causeway.stagingservers.net\/fr\/"},{"@type":"ListItem","position":2,"name":"FONDATION CAUSEWAY"}]},{"@type":"WebSite","@id":"https:\/\/causeway.stagingservers.net\/fr\/#website","url":"https:\/\/causeway.stagingservers.net\/fr\/","name":"CAUSEWAY","description":"","publisher":{"@id":"https:\/\/causeway.stagingservers.net\/fr\/#organization"},"potentialAction":[{"@type":"SearchAction","target":{"@type":"EntryPoint","urlTemplate":"https:\/\/causeway.stagingservers.net\/fr\/?s={search_term_string}"},"query-input":{"@type":"PropertyValueSpecification","valueRequired":true,"valueName":"search_term_string"}}],"inLanguage":"fr-FR"},{"@type":"Organization","@id":"https:\/\/causeway.stagingservers.net\/fr\/#organization","name":"CAUSEWAY","url":"https:\/\/causeway.stagingservers.net\/fr\/","logo":{"@type":"ImageObject","inLanguage":"fr-FR","@id":"https:\/\/causeway.stagingservers.net\/fr\/#\/schema\/logo\/image\/","url":"https:\/\/causeway.stagingservers.net\/wp-content\/uploads\/2019\/08\/logo.png","contentUrl":"https:\/\/causeway.stagingservers.net\/wp-content\/uploads\/2019\/08\/logo.png","width":366,"height":54,"caption":"CAUSEWAY"},"image":{"@id":"https:\/\/causeway.stagingservers.net\/fr\/#\/schema\/logo\/image\/"}}]}},"_links":{"self":[{"href":"https:\/\/causeway.stagingservers.net\/fr\/wp-json\/wp\/v2\/pages\/1553","targetHints":{"allow":["GET"]}}],"collection":[{"href":"https:\/\/causeway.stagingservers.net\/fr\/wp-json\/wp\/v2\/pages"}],"about":[{"href":"https:\/\/causeway.stagingservers.net\/fr\/wp-json\/wp\/v2\/types\/page"}],"author":[{"embeddable":true,"href":"https:\/\/causeway.stagingservers.net\/fr\/wp-json\/wp\/v2\/users\/1"}],"replies":[{"embeddable":true,"href":"https:\/\/causeway.stagingservers.net\/fr\/wp-json\/wp\/v2\/comments?post=1553"}],"version-history":[{"count":6,"href":"https:\/\/causeway.stagingservers.net\/fr\/wp-json\/wp\/v2\/pages\/1553\/revisions"}],"predecessor-version":[{"id":2562,"href":"https:\/\/causeway.stagingservers.net\/fr\/wp-json\/wp\/v2\/pages\/1553\/revisions\/2562"}],"wp:attachment":[{"href":"https:\/\/causeway.stagingservers.net\/fr\/wp-json\/wp\/v2\/media?parent=1553"}],"wp:term":[{"taxonomy":"category","embeddable":true,"href":"https:\/\/causeway.stagingservers.net\/fr\/wp-json\/wp\/v2\/categories?post=1553"},{"taxonomy":"post_tag","embeddable":true,"href":"https:\/\/causeway.stagingservers.net\/fr\/wp-json\/wp\/v2\/tags?post=1553"}],"curies":[{"name":"wp","href":"https:\/\/api.w.org\/{rel}","templated":true}]}}