{"id":1534,"date":"2019-11-01T16:54:25","date_gmt":"2019-11-01T16:54:25","guid":{"rendered":"https:\/\/causeway.stagingservers.net\/?page_id=1534"},"modified":"2020-05-08T19:34:23","modified_gmt":"2020-05-08T19:34:23","slug":"entreprises-sociales","status":"publish","type":"page","link":"https:\/\/causeway.stagingservers.net\/fr\/entreprises-sociales\/","title":{"rendered":"ENTREPRISES SOCIALES"},"content":{"rendered":"<div class=\"hero-block\"\n    style=\"padding-top: 50px;\"\n    >\n\n    <div class=\"hero-block-inner\" style=\"\n        max-width: 100%;\n                    max-height: 480px;\n            margin-top: 0;\n                    height: 727px;\n            background: url(https:\/\/causeway.stagingservers.net\/wp-content\/uploads\/2019\/11\/Social-Enterprise.png) top center no-repeat;\n            -webkit-background-size: cover;\n            background-size: cover;\n                    max-width: 100%;\n            margin-top: 0;\n                \">\n\n        <div class=\"content\">\n                            <h1>ENTREPRISES SOCIALES<\/h1>\n            \n\t\t\t\t\t\t\t\t\t\t\t\t<a href=\"#video3\" class=\"btn play-btn\" data-fancybox>VISIONNER L\u2019HISTOIRE \u00c0 SUCC\u00c8S DE CAUSEWAY<\/a>\n\t\t\t\t\t<div id=\"video3\" class=\"lightbox\">\n\t\t\t\t\t\t<div class=\"player2\" data-plyr-provider=\"youtube\" data-plyr-embed-id=\"5Z9beIoRHJk\"><\/div>\n\t\t\t\t\t<\/div>\n\t\t\t\t\t\t\t\n\t\t\t\n\t\t\t        <\/div>\n\n    <\/div>\n\n<\/div>\n\n\n<div class=\"top-content\">\n\n    \n                <div class=\"top-content-inner\" style=\"\n                            align-items: center;\n                                        padding-bottom: 135px;\n                             \">\n            <div class=\"left\">\n                <h3>ENTREPRISES SOCIALES ET CAUSEWAY<\/h3>\n            <\/div>\n            <div class=\"right\">\n                <div class=\"desc\">\n                    <p><span style=\"font-weight: 400\">Notre r\u00e9seau d\u2019entreprises sociales ne cesse de cro\u00eetre. Il s\u2019agit de petites entreprises g\u00e9r\u00e9es selon le principe que le profit financier ne doit jamais se faire aux d\u00e9pens de l\u2019\u00e9panouissement, de l\u2019ind\u00e9pendance et du bien-\u00eatre des gens. Ces entreprises offrent une exp\u00e9rience de travail enrichissante \u00e0 nos clients et, de ce fait, contribuent \u00e0 la cr\u00e9ation d\u2019une collectivit\u00e9 dynamique, inclusive et bienveillante. <\/span><\/p>\n                <\/div>\n                \n            <\/div>\n        <\/div>\n\n    \n<\/div>\n\n\n\n<div class=\"social-enterprise\">\n\n    \n            <div class=\"social-enterprise-inner\">\n                <div class=\"thumb-block\" style=\"\n                        background: url(https:\/\/causeway.stagingservers.net\/wp-content\/uploads\/2019\/11\/ent1.png) center center no-repeat;\n                        -webkit-background-size: cover;\n                        background-size: cover;\n                        \">\n                <\/div>\n                <div class=\"content-block\">\n                    <img decoding=\"async\" src=\"https:\/\/causeway.stagingservers.net\/wp-content\/uploads\/2019\/11\/ent1_icon.png\" alt=\"\" class=\"social-int-icon\">\n                    <h3>KRACKERS KATERING<\/h3>\n                    <div class=\"desc\">Krackers Katering est un petit traiteur au grand c\u0153ur qui fournit ses services \u00e0 tous les niveaux des secteurs priv\u00e9s et publics.<\/div>\n                    <a href=\"http:\/\/www.krackerskatering.org\/\" class=\"btn\">POUR EN SAVOIR PLUS<\/a>\n                <\/div>\n            <\/div>\n\n        \n            <div class=\"social-enterprise-inner\">\n                <div class=\"thumb-block\" style=\"\n                        background: url(https:\/\/causeway.stagingservers.net\/wp-content\/uploads\/2019\/12\/causeway_city-farmer@720px.jpg) center center no-repeat;\n                        -webkit-background-size: cover;\n                        background-size: cover;\n                        \">\n                <\/div>\n                <div class=\"content-block\">\n                    <img decoding=\"async\" src=\"https:\/\/causeway.stagingservers.net\/wp-content\/uploads\/2019\/11\/ent2_icon.png\" alt=\"\" class=\"social-int-icon\">\n                    <h3>GOOD NATURE GROUNDSKEEPING<\/h3>\n                    <div class=\"desc\">Good Nature Groundskeeping fournit des services professionnels d\u2019am\u00e9nagement paysager agr\u00e9ment\u00e9s d\u2019une touche personnelle.<\/div>\n                    <a href=\"http:\/\/www.goodnaturegroundskeeping.org\/\" class=\"btn\">POUR EN SAVOIR PLUS<\/a>\n                <\/div>\n            <\/div>\n\n        \n            <div class=\"social-enterprise-inner\">\n                <div class=\"thumb-block\" style=\"\n                        background: url(https:\/\/causeway.stagingservers.net\/wp-content\/uploads\/2019\/11\/ent3.png) center center no-repeat;\n                        -webkit-background-size: cover;\n                        background-size: cover;\n                        \">\n                <\/div>\n                <div class=\"content-block\">\n                    <img decoding=\"async\" src=\"https:\/\/causeway.stagingservers.net\/wp-content\/uploads\/2019\/11\/ent3_icon.png\" alt=\"\" class=\"social-int-icon\">\n                    <h3>CYCLE SALVATION<\/h3>\n                    <div class=\"desc\">Cycle Salvation vend des bicyclettes et des accessoires de v\u00e9lo remis \u00e0 neuf, organise des s\u00e9ances de mise au point de v\u00e9lo en plus de fournir un services de petites r\u00e9parations. Cette entreprise transforme les v\u00e9los qu\u2019on lui donne en possibilit\u00e9s de formation pour des gens qui sont \u00e9conomiquement d\u00e9favoris\u00e9s.  <\/div>\n                    <a href=\"http:\/\/www.cyclesalvation.org\/\" class=\"btn\">POUR EN SAVOIR PLUS<\/a>\n                <\/div>\n            <\/div>\n\n        \n\n<\/div>\n","protected":false},"excerpt":{"rendered":"","protected":false},"author":1,"featured_media":1693,"parent":0,"menu_order":0,"comment_status":"closed","ping_status":"closed","template":"","meta":{"_acf_changed":false,"footnotes":""},"categories":[],"tags":[28],"class_list":["post-1534","page","type-page","status-publish","has-post-thumbnail","hentry","tag-chercher-du-travail"],"acf":[],"yoast_head":"<!-- This site is optimized with the Yoast SEO plugin v27.4 - https:\/\/yoast.com\/product\/yoast-seo-wordpress\/ -->\n<title>ENTREPRISES SOCIALES - CAUSEWAY<\/title>\n<meta name=\"robots\" content=\"noindex, follow, max-snippet:-1, max-image-preview:large, max-video-preview:-1\" \/>\n<meta property=\"og:locale\" content=\"fr_FR\" \/>\n<meta property=\"og:type\" content=\"article\" \/>\n<meta property=\"og:title\" content=\"ENTREPRISES SOCIALES - CAUSEWAY\" \/>\n<meta property=\"og:url\" content=\"https:\/\/causeway.stagingservers.net\/fr\/entreprises-sociales\/\" \/>\n<meta property=\"og:site_name\" content=\"CAUSEWAY\" \/>\n<meta property=\"article:modified_time\" content=\"2020-05-08T19:34:23+00:00\" \/>\n<meta property=\"og:image\" content=\"https:\/\/causeway.stagingservers.net\/wp-content\/uploads\/2019\/11\/SocialEnterprise.jpg\" \/>\n\t<meta property=\"og:image:width\" content=\"360\" \/>\n\t<meta property=\"og:image:height\" content=\"275\" \/>\n\t<meta property=\"og:image:type\" content=\"image\/jpeg\" \/>\n<meta name=\"twitter:card\" content=\"summary_large_image\" \/>\n<script type=\"application\/ld+json\" class=\"yoast-schema-graph\">{\"@context\":\"https:\\\/\\\/schema.org\",\"@graph\":[{\"@type\":\"WebPage\",\"@id\":\"https:\\\/\\\/causeway.stagingservers.net\\\/fr\\\/entreprises-sociales\\\/\",\"url\":\"https:\\\/\\\/causeway.stagingservers.net\\\/fr\\\/entreprises-sociales\\\/\",\"name\":\"ENTREPRISES SOCIALES - CAUSEWAY\",\"isPartOf\":{\"@id\":\"https:\\\/\\\/causeway.stagingservers.net\\\/fr\\\/#website\"},\"primaryImageOfPage\":{\"@id\":\"https:\\\/\\\/causeway.stagingservers.net\\\/fr\\\/entreprises-sociales\\\/#primaryimage\"},\"image\":{\"@id\":\"https:\\\/\\\/causeway.stagingservers.net\\\/fr\\\/entreprises-sociales\\\/#primaryimage\"},\"thumbnailUrl\":\"https:\\\/\\\/causeway.stagingservers.net\\\/wp-content\\\/uploads\\\/2019\\\/11\\\/SocialEnterprise.jpg\",\"datePublished\":\"2019-11-01T16:54:25+00:00\",\"dateModified\":\"2020-05-08T19:34:23+00:00\",\"breadcrumb\":{\"@id\":\"https:\\\/\\\/causeway.stagingservers.net\\\/fr\\\/entreprises-sociales\\\/#breadcrumb\"},\"inLanguage\":\"fr-FR\",\"potentialAction\":[{\"@type\":\"ReadAction\",\"target\":[\"https:\\\/\\\/causeway.stagingservers.net\\\/fr\\\/entreprises-sociales\\\/\"]}]},{\"@type\":\"ImageObject\",\"inLanguage\":\"fr-FR\",\"@id\":\"https:\\\/\\\/causeway.stagingservers.net\\\/fr\\\/entreprises-sociales\\\/#primaryimage\",\"url\":\"https:\\\/\\\/causeway.stagingservers.net\\\/wp-content\\\/uploads\\\/2019\\\/11\\\/SocialEnterprise.jpg\",\"contentUrl\":\"https:\\\/\\\/causeway.stagingservers.net\\\/wp-content\\\/uploads\\\/2019\\\/11\\\/SocialEnterprise.jpg\",\"width\":360,\"height\":275},{\"@type\":\"BreadcrumbList\",\"@id\":\"https:\\\/\\\/causeway.stagingservers.net\\\/fr\\\/entreprises-sociales\\\/#breadcrumb\",\"itemListElement\":[{\"@type\":\"ListItem\",\"position\":1,\"name\":\"Home\",\"item\":\"https:\\\/\\\/causeway.stagingservers.net\\\/fr\\\/\"},{\"@type\":\"ListItem\",\"position\":2,\"name\":\"ENTREPRISES SOCIALES\"}]},{\"@type\":\"WebSite\",\"@id\":\"https:\\\/\\\/causeway.stagingservers.net\\\/fr\\\/#website\",\"url\":\"https:\\\/\\\/causeway.stagingservers.net\\\/fr\\\/\",\"name\":\"CAUSEWAY\",\"description\":\"\",\"publisher\":{\"@id\":\"https:\\\/\\\/causeway.stagingservers.net\\\/fr\\\/#organization\"},\"potentialAction\":[{\"@type\":\"SearchAction\",\"target\":{\"@type\":\"EntryPoint\",\"urlTemplate\":\"https:\\\/\\\/causeway.stagingservers.net\\\/fr\\\/?s={search_term_string}\"},\"query-input\":{\"@type\":\"PropertyValueSpecification\",\"valueRequired\":true,\"valueName\":\"search_term_string\"}}],\"inLanguage\":\"fr-FR\"},{\"@type\":\"Organization\",\"@id\":\"https:\\\/\\\/causeway.stagingservers.net\\\/fr\\\/#organization\",\"name\":\"CAUSEWAY\",\"url\":\"https:\\\/\\\/causeway.stagingservers.net\\\/fr\\\/\",\"logo\":{\"@type\":\"ImageObject\",\"inLanguage\":\"fr-FR\",\"@id\":\"https:\\\/\\\/causeway.stagingservers.net\\\/fr\\\/#\\\/schema\\\/logo\\\/image\\\/\",\"url\":\"https:\\\/\\\/causeway.stagingservers.net\\\/wp-content\\\/uploads\\\/2019\\\/08\\\/logo.png\",\"contentUrl\":\"https:\\\/\\\/causeway.stagingservers.net\\\/wp-content\\\/uploads\\\/2019\\\/08\\\/logo.png\",\"width\":366,\"height\":54,\"caption\":\"CAUSEWAY\"},\"image\":{\"@id\":\"https:\\\/\\\/causeway.stagingservers.net\\\/fr\\\/#\\\/schema\\\/logo\\\/image\\\/\"}}]}<\/script>\n<!-- \/ Yoast SEO plugin. -->","yoast_head_json":{"title":"ENTREPRISES SOCIALES - CAUSEWAY","robots":{"index":"noindex","follow":"follow","max-snippet":"max-snippet:-1","max-image-preview":"max-image-preview:large","max-video-preview":"max-video-preview:-1"},"og_locale":"fr_FR","og_type":"article","og_title":"ENTREPRISES SOCIALES - CAUSEWAY","og_url":"https:\/\/causeway.stagingservers.net\/fr\/entreprises-sociales\/","og_site_name":"CAUSEWAY","article_modified_time":"2020-05-08T19:34:23+00:00","og_image":[{"width":360,"height":275,"url":"https:\/\/causeway.stagingservers.net\/wp-content\/uploads\/2019\/11\/SocialEnterprise.jpg","type":"image\/jpeg"}],"twitter_card":"summary_large_image","schema":{"@context":"https:\/\/schema.org","@graph":[{"@type":"WebPage","@id":"https:\/\/causeway.stagingservers.net\/fr\/entreprises-sociales\/","url":"https:\/\/causeway.stagingservers.net\/fr\/entreprises-sociales\/","name":"ENTREPRISES SOCIALES - CAUSEWAY","isPartOf":{"@id":"https:\/\/causeway.stagingservers.net\/fr\/#website"},"primaryImageOfPage":{"@id":"https:\/\/causeway.stagingservers.net\/fr\/entreprises-sociales\/#primaryimage"},"image":{"@id":"https:\/\/causeway.stagingservers.net\/fr\/entreprises-sociales\/#primaryimage"},"thumbnailUrl":"https:\/\/causeway.stagingservers.net\/wp-content\/uploads\/2019\/11\/SocialEnterprise.jpg","datePublished":"2019-11-01T16:54:25+00:00","dateModified":"2020-05-08T19:34:23+00:00","breadcrumb":{"@id":"https:\/\/causeway.stagingservers.net\/fr\/entreprises-sociales\/#breadcrumb"},"inLanguage":"fr-FR","potentialAction":[{"@type":"ReadAction","target":["https:\/\/causeway.stagingservers.net\/fr\/entreprises-sociales\/"]}]},{"@type":"ImageObject","inLanguage":"fr-FR","@id":"https:\/\/causeway.stagingservers.net\/fr\/entreprises-sociales\/#primaryimage","url":"https:\/\/causeway.stagingservers.net\/wp-content\/uploads\/2019\/11\/SocialEnterprise.jpg","contentUrl":"https:\/\/causeway.stagingservers.net\/wp-content\/uploads\/2019\/11\/SocialEnterprise.jpg","width":360,"height":275},{"@type":"BreadcrumbList","@id":"https:\/\/causeway.stagingservers.net\/fr\/entreprises-sociales\/#breadcrumb","itemListElement":[{"@type":"ListItem","position":1,"name":"Home","item":"https:\/\/causeway.stagingservers.net\/fr\/"},{"@type":"ListItem","position":2,"name":"ENTREPRISES SOCIALES"}]},{"@type":"WebSite","@id":"https:\/\/causeway.stagingservers.net\/fr\/#website","url":"https:\/\/causeway.stagingservers.net\/fr\/","name":"CAUSEWAY","description":"","publisher":{"@id":"https:\/\/causeway.stagingservers.net\/fr\/#organization"},"potentialAction":[{"@type":"SearchAction","target":{"@type":"EntryPoint","urlTemplate":"https:\/\/causeway.stagingservers.net\/fr\/?s={search_term_string}"},"query-input":{"@type":"PropertyValueSpecification","valueRequired":true,"valueName":"search_term_string"}}],"inLanguage":"fr-FR"},{"@type":"Organization","@id":"https:\/\/causeway.stagingservers.net\/fr\/#organization","name":"CAUSEWAY","url":"https:\/\/causeway.stagingservers.net\/fr\/","logo":{"@type":"ImageObject","inLanguage":"fr-FR","@id":"https:\/\/causeway.stagingservers.net\/fr\/#\/schema\/logo\/image\/","url":"https:\/\/causeway.stagingservers.net\/wp-content\/uploads\/2019\/08\/logo.png","contentUrl":"https:\/\/causeway.stagingservers.net\/wp-content\/uploads\/2019\/08\/logo.png","width":366,"height":54,"caption":"CAUSEWAY"},"image":{"@id":"https:\/\/causeway.stagingservers.net\/fr\/#\/schema\/logo\/image\/"}}]}},"_links":{"self":[{"href":"https:\/\/causeway.stagingservers.net\/fr\/wp-json\/wp\/v2\/pages\/1534","targetHints":{"allow":["GET"]}}],"collection":[{"href":"https:\/\/causeway.stagingservers.net\/fr\/wp-json\/wp\/v2\/pages"}],"about":[{"href":"https:\/\/causeway.stagingservers.net\/fr\/wp-json\/wp\/v2\/types\/page"}],"author":[{"embeddable":true,"href":"https:\/\/causeway.stagingservers.net\/fr\/wp-json\/wp\/v2\/users\/1"}],"replies":[{"embeddable":true,"href":"https:\/\/causeway.stagingservers.net\/fr\/wp-json\/wp\/v2\/comments?post=1534"}],"version-history":[{"count":10,"href":"https:\/\/causeway.stagingservers.net\/fr\/wp-json\/wp\/v2\/pages\/1534\/revisions"}],"predecessor-version":[{"id":2556,"href":"https:\/\/causeway.stagingservers.net\/fr\/wp-json\/wp\/v2\/pages\/1534\/revisions\/2556"}],"wp:featuredmedia":[{"embeddable":true,"href":"https:\/\/causeway.stagingservers.net\/fr\/wp-json\/wp\/v2\/media\/1693"}],"wp:attachment":[{"href":"https:\/\/causeway.stagingservers.net\/fr\/wp-json\/wp\/v2\/media?parent=1534"}],"wp:term":[{"taxonomy":"category","embeddable":true,"href":"https:\/\/causeway.stagingservers.net\/fr\/wp-json\/wp\/v2\/categories?post=1534"},{"taxonomy":"post_tag","embeddable":true,"href":"https:\/\/causeway.stagingservers.net\/fr\/wp-json\/wp\/v2\/tags?post=1534"}],"curies":[{"name":"wp","href":"https:\/\/api.w.org\/{rel}","templated":true}]}}