{"id":1517,"date":"2019-11-01T16:28:40","date_gmt":"2019-11-01T16:28:40","guid":{"rendered":"https:\/\/causeway.stagingservers.net\/?page_id=1517"},"modified":"2020-05-08T19:43:06","modified_gmt":"2020-05-08T19:43:06","slug":"employeurs","status":"publish","type":"page","link":"https:\/\/causeway.stagingservers.net\/fr\/employeurs\/","title":{"rendered":"EMPLOYEURS"},"content":{"rendered":"<div class=\"hero-block\"\n    >\n\n    <div class=\"hero-block-inner\" style=\"\n        max-width: 100%;\n                    max-height: 480px;\n            margin-top: 0;\n                    height: 727px;\n            background: url(https:\/\/causeway.stagingservers.net\/wp-content\/uploads\/2019\/11\/hiring.png) top center no-repeat;\n            -webkit-background-size: cover;\n            background-size: cover;\n                    max-width: 100%;\n            margin-top: 0;\n                \">\n\n        <div class=\"content\">\n                            <h1>VOUS EMBAUCHEZ ? LAISSEZ-NOUS VOUS AIDER<\/h1>\n            \n\t\t\t        <\/div>\n\n    <\/div>\n\n<\/div>\n\n\n<div class=\"top-content\">\n\n    \n                <div class=\"top-content-inner\" style=\"\n                            align-items: flex-start;\n                                        padding-bottom: 36px;\n                             \">\n            <div class=\"left\">\n                <h3>TROUVER VOTRE PROCHAIN EMPLOY\u00c9 DU MOIS \u00c0 CAUSEWAY<\/h3>\n            <\/div>\n            <div class=\"right\">\n                <div class=\"desc\">\n                    <p><span style=\"font-weight: 400\">Les employeurs de Causeway sont des personnes qui n\u2019h\u00e9sitent pas \u00e0 sortir des sentiers battus et qui cherchent \u00e0 employer des gens repr\u00e9sentant la diversit\u00e9 de la collectivit\u00e9. Les clients de Causeway sont uniques, motiv\u00e9s et poss\u00e8dent des comp\u00e9tences qui ne sont pas utilis\u00e9es \u00e0 leur plein potentiel. Nous ne nous contentons pas d\u2019\u00e9tablir un lien entre nos clients et les emplois vacants, nous les mettons en contact avec les possibilit\u00e9s d\u2019emploi qui profiteront tant \u00e0 nos clients qu\u2019\u00e0 nos employeurs partenaires. Notre seul objectif est une relation de travail harmonieuse entre l\u2019employeur et le candidat. Voici pourquoi nous fournissons un soutien continu tout au long du processus et nous veillons \u00e0 ce que tous les partis soient satisfaits. <\/span><\/p>\n                <\/div>\n                                    <h4>NE NOUS CROYEZ PAS SUR PAROLE. VOYEZ COMMENT UNE CLIENTE DE CAUSEWAY S\u2019\u00c9PANOUIT DANS SON TRAVAIL \u00c0 PURE KITCHEN.<\/h4>\n                \n            <\/div>\n        <\/div>\n\n    \n<\/div>\n\n\n\n<div class=\"video-block\" style=\"margin-bottom: 79px;\">\n\n        <div class=\"video-block-inner second-temp\">\n        <div class=\"video-block\" style=\"background: url(https:\/\/causeway.stagingservers.net\/wp-content\/uploads\/2019\/11\/pure-kitchen.png) center center no-repeat;-webkit-background-size: cover; background-size: cover;\">\n            <div style=\"position: absolute;width: 100%;height: 100%; top: 0;left: 0;\">\n                <a href=\"#video2\" class=\"play-btn\" data-fancybox style=\"background: url(https:\/\/causeway.stagingservers.net\/wp-content\/uploads\/2019\/08\/Video-Play.png) center center no-repeat;-webkit-background-size: cover;background-size: cover; width: 120px;height: 120px;    position: absolute;\n                        top: 48%;\n                        left: 50%;\n                        transform: translate(-50%, -50%);\"><\/a>\n                <div id=\"video2\" class=\"lightbox\">\n                    <div class=\"player\" data-plyr-provider=\"youtube\" data-plyr-embed-id=\"1Fv2PvpbscY\"><\/div>\n                <\/div>\n            <\/div>\n            <h3>PURE KITCHEN<\/h3>\n        <\/div>\n    <\/div>\n    \n<\/div>\n\n\n<div id=\"contact-form\" class=\"find-work-form\" style=\"margin-bottom: px;\">\n\n    <div class=\"fw-form-inner\">\n\n        <div class=\"content-side\"\n                            style=\"padding-bottom: 5px\"\n                         >\n            <h2>COMMUNIQUEZ AVEC NOUS D\u00c8S AUJOURD\u2019HUI POUR EN SAVOIR PLUS.<\/h2>\n            <div class=\"desc\"><p><span style=\"font-weight: 400\">Trouvez votre prochain employ\u00e9 du mois \u00e0 Causeway. Il vous y attend. Appelez-nous \u00e0 613-725-3494, poste 106, ou remplissez le formulaire de contact suivant et nous communiquerons avec vous rapidement.<\/span><\/p>\n<\/div>\n            <h3><\/h3>\n        <\/div>\n\n        <div class=\"form-side\">\n            \n<div class=\"wpcf7 no-js\" id=\"wpcf7-f1526-o1\" lang=\"fr-FR\" dir=\"ltr\" data-wpcf7-id=\"1526\">\n<div class=\"screen-reader-response\"><p role=\"status\" aria-live=\"polite\" aria-atomic=\"true\"><\/p> <ul><\/ul><\/div>\n<form action=\"\/fr\/wp-json\/wp\/v2\/pages\/1517#wpcf7-f1526-o1\" method=\"post\" class=\"wpcf7-form init\" aria-label=\"Formulaire de contact\" novalidate=\"novalidate\" data-status=\"init\">\n<fieldset class=\"hidden-fields-container\"><input type=\"hidden\" name=\"_wpcf7\" value=\"1526\" \/><input type=\"hidden\" name=\"_wpcf7_version\" value=\"6.1.5\" \/><input type=\"hidden\" name=\"_wpcf7_locale\" value=\"fr_FR\" \/><input type=\"hidden\" name=\"_wpcf7_unit_tag\" value=\"wpcf7-f1526-o1\" \/><input type=\"hidden\" name=\"_wpcf7_container_post\" value=\"0\" \/><input type=\"hidden\" name=\"_wpcf7_posted_data_hash\" value=\"\" \/>\n<\/fieldset>\n<p><span class=\"wpcf7-form-control-wrap\" data-name=\"your-name\"><input size=\"40\" maxlength=\"400\" class=\"wpcf7-form-control wpcf7-text wpcf7-validates-as-required\" aria-required=\"true\" aria-invalid=\"false\" placeholder=\"Pr\u00e9nom*\" value=\"\" type=\"text\" name=\"your-name\" \/><\/span>\n<\/p>\n<p><span class=\"wpcf7-form-control-wrap\" data-name=\"your-last\"><input size=\"40\" maxlength=\"400\" class=\"wpcf7-form-control wpcf7-text\" aria-invalid=\"false\" placeholder=\"Nom de famille\" value=\"\" type=\"text\" name=\"your-last\" \/><\/span>\n<\/p>\n<p><span class=\"wpcf7-form-control-wrap\" data-name=\"your-email\"><input size=\"40\" maxlength=\"400\" class=\"wpcf7-form-control wpcf7-email wpcf7-validates-as-required wpcf7-text wpcf7-validates-as-email\" aria-required=\"true\" aria-invalid=\"false\" placeholder=\"Courriel*\" value=\"\" type=\"email\" name=\"your-email\" \/><\/span>\n<\/p>\n<p><span class=\"wpcf7-form-control-wrap\" data-name=\"your-tell\"><input size=\"40\" maxlength=\"400\" class=\"wpcf7-form-control wpcf7-tel wpcf7-text wpcf7-validates-as-tel\" aria-invalid=\"false\" placeholder=\"Num\u00e9ro de t\u00e9l\u00e9phone\" value=\"\" type=\"tel\" name=\"your-tell\" \/><\/span>\n<\/p>\n<p><span class=\"wpcf7-form-control-wrap\" data-name=\"your-message\"><textarea cols=\"40\" rows=\"7\" maxlength=\"2000\" class=\"wpcf7-form-control wpcf7-textarea textarea-big\" aria-invalid=\"false\" placeholder=\"\u201cQue peut-on faire pour vous ?\u201d\" name=\"your-message\"><\/textarea><\/span>\n<\/p>\n<div style=\"display: block;width: 100%;text-align: center;\">\n\t<p><input class=\"wpcf7-form-control wpcf7-submit has-spinner\" type=\"submit\" value=\"SOUMETTRE\" \/>\n\t<\/p>\n<\/div><div class=\"wpcf7-response-output\" aria-hidden=\"true\"><\/div>\n<\/form>\n<\/div>\n        <\/div>\n\n    <\/div>\n\n<\/div>\n\n\n\n<div class=\"slider-section\">\n\n    <div class=\"slider-section-inner\">\n        <div class=\"slider\">\n            \n                    <div class=\"slide\">\n                        <div class=\"quote\">\u00ab\u00a0Having a job teaches you a lot and gives you purpose. Anyone can benefit from that positive impact.\u00a0\u00bb<\/div>\n                        <div class=\"author\">-Thyme and Again<\/div>\n                    <\/div>\n\n                        <\/div>\n        <div class=\"prev-slider\"><i class=\"fa fa-chevron-left\" aria-hidden=\"true\"><\/i><\/div>\n        <div class=\"next-slider\"><i class=\"fa fa-chevron-right\" aria-hidden=\"true\"><\/i><\/div>\n    <\/div>\n\n<\/div>\n\n\n<div class=\"find-work\">\n\n    <div class=\"find-work-inner\" style=\"\n                                            padding-bottom: 140px;;\n                        \">\n\n                    <div class=\"square\" style=\"\n                    background-color: #e8f528;\n                    background-image: none;\n                    width:                             680px\n                    !important;\n                            max-height:                             560px\n                    !important;\">\n                <h2>PRIX DU PARTENAIRE EN EMPLOI COMMUNAUTAIRE<\/h2>\n            <\/div>\n\n        \n\n                    <div class=\"content\">\n                                <div class=\"desc\" style=\"\n                                                        padding-top: 100px;\n                                                                                padding-left: 100px;\n                                                \">\n                    <p><span style=\"font-weight: 400\">Chaque ann\u00e9e, le <\/span><i><span style=\"font-weight: 400\">Prix du partenaire en emploi communautaire<\/span><\/i><span style=\"font-weight: 400\"> r\u00e9compense un employeur de la collectivit\u00e9 qui a donn\u00e9 un appui exceptionnel aux clients de Causeway qu\u2019il employait.<\/span><\/p>\n<p>&nbsp;<\/p>\n<div>\n<p><strong>2018  \u2013 <\/strong><\/p>\n<p>The Third<\/p>\n<\/div>\n<div>\n<p><strong>2017  \u2013 <\/strong><\/p>\n<p>Hintonburger, Pure Kitchen &amp; Value Village<\/p>\n<\/div>\n<div>\n<p><strong>2016  \u2013 <\/strong><\/p>\n<p> Claudio Wensel, Pedal Easy<\/p>\n<\/div>\n<div>\n<p><strong>2015  \u2013 <\/strong><\/p>\n<p>John Ferguson, manager of the Wellington Giant Tiger<\/p>\n<\/div>\n<div>\n<p><strong>2014  \u2013 <\/strong><\/p>\n<p>Kunstadt Sports<\/p>\n<\/div>\n                <\/div>\n                \n                <div class=\"winners-list\">\n                                    <\/div>\n\n                \n            <\/div>\n                <div style=\"clear: both;\"><\/div>\n    <\/div>\n\n<\/div>\n\n","protected":false},"excerpt":{"rendered":"","protected":false},"author":1,"featured_media":0,"parent":0,"menu_order":0,"comment_status":"closed","ping_status":"closed","template":"","meta":{"_acf_changed":false,"footnotes":""},"categories":[],"tags":[],"class_list":["post-1517","page","type-page","status-publish","hentry"],"acf":[],"yoast_head":"<!-- This site is optimized with the Yoast SEO plugin v27.4 - https:\/\/yoast.com\/product\/yoast-seo-wordpress\/ -->\n<title>EMPLOYEURS - CAUSEWAY<\/title>\n<meta name=\"robots\" content=\"noindex, follow, max-snippet:-1, max-image-preview:large, max-video-preview:-1\" \/>\n<meta property=\"og:locale\" content=\"fr_FR\" \/>\n<meta property=\"og:type\" content=\"article\" \/>\n<meta property=\"og:title\" content=\"EMPLOYEURS - CAUSEWAY\" \/>\n<meta property=\"og:url\" content=\"https:\/\/causeway.stagingservers.net\/fr\/employeurs\/\" \/>\n<meta property=\"og:site_name\" content=\"CAUSEWAY\" \/>\n<meta property=\"article:modified_time\" content=\"2020-05-08T19:43:06+00:00\" \/>\n<meta name=\"twitter:card\" content=\"summary_large_image\" \/>\n<script type=\"application\/ld+json\" class=\"yoast-schema-graph\">{\"@context\":\"https:\\\/\\\/schema.org\",\"@graph\":[{\"@type\":\"WebPage\",\"@id\":\"https:\\\/\\\/causeway.stagingservers.net\\\/fr\\\/employeurs\\\/\",\"url\":\"https:\\\/\\\/causeway.stagingservers.net\\\/fr\\\/employeurs\\\/\",\"name\":\"EMPLOYEURS - CAUSEWAY\",\"isPartOf\":{\"@id\":\"https:\\\/\\\/causeway.stagingservers.net\\\/fr\\\/#website\"},\"datePublished\":\"2019-11-01T16:28:40+00:00\",\"dateModified\":\"2020-05-08T19:43:06+00:00\",\"breadcrumb\":{\"@id\":\"https:\\\/\\\/causeway.stagingservers.net\\\/fr\\\/employeurs\\\/#breadcrumb\"},\"inLanguage\":\"fr-FR\",\"potentialAction\":[{\"@type\":\"ReadAction\",\"target\":[\"https:\\\/\\\/causeway.stagingservers.net\\\/fr\\\/employeurs\\\/\"]}]},{\"@type\":\"BreadcrumbList\",\"@id\":\"https:\\\/\\\/causeway.stagingservers.net\\\/fr\\\/employeurs\\\/#breadcrumb\",\"itemListElement\":[{\"@type\":\"ListItem\",\"position\":1,\"name\":\"Home\",\"item\":\"https:\\\/\\\/causeway.stagingservers.net\\\/fr\\\/\"},{\"@type\":\"ListItem\",\"position\":2,\"name\":\"EMPLOYEURS\"}]},{\"@type\":\"WebSite\",\"@id\":\"https:\\\/\\\/causeway.stagingservers.net\\\/fr\\\/#website\",\"url\":\"https:\\\/\\\/causeway.stagingservers.net\\\/fr\\\/\",\"name\":\"CAUSEWAY\",\"description\":\"\",\"publisher\":{\"@id\":\"https:\\\/\\\/causeway.stagingservers.net\\\/fr\\\/#organization\"},\"potentialAction\":[{\"@type\":\"SearchAction\",\"target\":{\"@type\":\"EntryPoint\",\"urlTemplate\":\"https:\\\/\\\/causeway.stagingservers.net\\\/fr\\\/?s={search_term_string}\"},\"query-input\":{\"@type\":\"PropertyValueSpecification\",\"valueRequired\":true,\"valueName\":\"search_term_string\"}}],\"inLanguage\":\"fr-FR\"},{\"@type\":\"Organization\",\"@id\":\"https:\\\/\\\/causeway.stagingservers.net\\\/fr\\\/#organization\",\"name\":\"CAUSEWAY\",\"url\":\"https:\\\/\\\/causeway.stagingservers.net\\\/fr\\\/\",\"logo\":{\"@type\":\"ImageObject\",\"inLanguage\":\"fr-FR\",\"@id\":\"https:\\\/\\\/causeway.stagingservers.net\\\/fr\\\/#\\\/schema\\\/logo\\\/image\\\/\",\"url\":\"https:\\\/\\\/causeway.stagingservers.net\\\/wp-content\\\/uploads\\\/2019\\\/08\\\/logo.png\",\"contentUrl\":\"https:\\\/\\\/causeway.stagingservers.net\\\/wp-content\\\/uploads\\\/2019\\\/08\\\/logo.png\",\"width\":366,\"height\":54,\"caption\":\"CAUSEWAY\"},\"image\":{\"@id\":\"https:\\\/\\\/causeway.stagingservers.net\\\/fr\\\/#\\\/schema\\\/logo\\\/image\\\/\"}}]}<\/script>\n<!-- \/ Yoast SEO plugin. -->","yoast_head_json":{"title":"EMPLOYEURS - CAUSEWAY","robots":{"index":"noindex","follow":"follow","max-snippet":"max-snippet:-1","max-image-preview":"max-image-preview:large","max-video-preview":"max-video-preview:-1"},"og_locale":"fr_FR","og_type":"article","og_title":"EMPLOYEURS - CAUSEWAY","og_url":"https:\/\/causeway.stagingservers.net\/fr\/employeurs\/","og_site_name":"CAUSEWAY","article_modified_time":"2020-05-08T19:43:06+00:00","twitter_card":"summary_large_image","schema":{"@context":"https:\/\/schema.org","@graph":[{"@type":"WebPage","@id":"https:\/\/causeway.stagingservers.net\/fr\/employeurs\/","url":"https:\/\/causeway.stagingservers.net\/fr\/employeurs\/","name":"EMPLOYEURS - CAUSEWAY","isPartOf":{"@id":"https:\/\/causeway.stagingservers.net\/fr\/#website"},"datePublished":"2019-11-01T16:28:40+00:00","dateModified":"2020-05-08T19:43:06+00:00","breadcrumb":{"@id":"https:\/\/causeway.stagingservers.net\/fr\/employeurs\/#breadcrumb"},"inLanguage":"fr-FR","potentialAction":[{"@type":"ReadAction","target":["https:\/\/causeway.stagingservers.net\/fr\/employeurs\/"]}]},{"@type":"BreadcrumbList","@id":"https:\/\/causeway.stagingservers.net\/fr\/employeurs\/#breadcrumb","itemListElement":[{"@type":"ListItem","position":1,"name":"Home","item":"https:\/\/causeway.stagingservers.net\/fr\/"},{"@type":"ListItem","position":2,"name":"EMPLOYEURS"}]},{"@type":"WebSite","@id":"https:\/\/causeway.stagingservers.net\/fr\/#website","url":"https:\/\/causeway.stagingservers.net\/fr\/","name":"CAUSEWAY","description":"","publisher":{"@id":"https:\/\/causeway.stagingservers.net\/fr\/#organization"},"potentialAction":[{"@type":"SearchAction","target":{"@type":"EntryPoint","urlTemplate":"https:\/\/causeway.stagingservers.net\/fr\/?s={search_term_string}"},"query-input":{"@type":"PropertyValueSpecification","valueRequired":true,"valueName":"search_term_string"}}],"inLanguage":"fr-FR"},{"@type":"Organization","@id":"https:\/\/causeway.stagingservers.net\/fr\/#organization","name":"CAUSEWAY","url":"https:\/\/causeway.stagingservers.net\/fr\/","logo":{"@type":"ImageObject","inLanguage":"fr-FR","@id":"https:\/\/causeway.stagingservers.net\/fr\/#\/schema\/logo\/image\/","url":"https:\/\/causeway.stagingservers.net\/wp-content\/uploads\/2019\/08\/logo.png","contentUrl":"https:\/\/causeway.stagingservers.net\/wp-content\/uploads\/2019\/08\/logo.png","width":366,"height":54,"caption":"CAUSEWAY"},"image":{"@id":"https:\/\/causeway.stagingservers.net\/fr\/#\/schema\/logo\/image\/"}}]}},"_links":{"self":[{"href":"https:\/\/causeway.stagingservers.net\/fr\/wp-json\/wp\/v2\/pages\/1517","targetHints":{"allow":["GET"]}}],"collection":[{"href":"https:\/\/causeway.stagingservers.net\/fr\/wp-json\/wp\/v2\/pages"}],"about":[{"href":"https:\/\/causeway.stagingservers.net\/fr\/wp-json\/wp\/v2\/types\/page"}],"author":[{"embeddable":true,"href":"https:\/\/causeway.stagingservers.net\/fr\/wp-json\/wp\/v2\/users\/1"}],"replies":[{"embeddable":true,"href":"https:\/\/causeway.stagingservers.net\/fr\/wp-json\/wp\/v2\/comments?post=1517"}],"version-history":[{"count":2,"href":"https:\/\/causeway.stagingservers.net\/fr\/wp-json\/wp\/v2\/pages\/1517\/revisions"}],"predecessor-version":[{"id":2565,"href":"https:\/\/causeway.stagingservers.net\/fr\/wp-json\/wp\/v2\/pages\/1517\/revisions\/2565"}],"wp:attachment":[{"href":"https:\/\/causeway.stagingservers.net\/fr\/wp-json\/wp\/v2\/media?parent=1517"}],"wp:term":[{"taxonomy":"category","embeddable":true,"href":"https:\/\/causeway.stagingservers.net\/fr\/wp-json\/wp\/v2\/categories?post=1517"},{"taxonomy":"post_tag","embeddable":true,"href":"https:\/\/causeway.stagingservers.net\/fr\/wp-json\/wp\/v2\/tags?post=1517"}],"curies":[{"name":"wp","href":"https:\/\/api.w.org\/{rel}","templated":true}]}}