{"id":1494,"date":"2019-11-01T15:57:21","date_gmt":"2019-11-01T15:57:21","guid":{"rendered":"https:\/\/causeway.stagingservers.net\/?page_id=1494"},"modified":"2020-05-08T19:33:14","modified_gmt":"2020-05-08T19:33:14","slug":"services-de-soutien","status":"publish","type":"page","link":"https:\/\/causeway.stagingservers.net\/fr\/services-de-soutien\/","title":{"rendered":"SERVICES DE SOUTIEN"},"content":{"rendered":"<div class=\"hero-block\"\n    >\n\n    <div class=\"hero-block-inner\" style=\"\n        max-width: 100%;\n                    max-height: 480px;\n            margin-top: 0;\n                    height: 727px;\n            background: url(https:\/\/causeway.stagingservers.net\/wp-content\/uploads\/2019\/11\/support-services-bg.png) top center no-repeat;\n            -webkit-background-size: cover;\n            background-size: cover;\n                    max-width: 100%;\n            margin-top: 0;\n                \">\n\n        <div class=\"content\">\n                            <h1>SERVICES DE SOUTIEN<\/h1>\n            \n\t\t\t        <\/div>\n\n    <\/div>\n\n<\/div>\n\n\n<div class=\"top-content\">\n\n    \n                <div class=\"top-content-inner\" style=\"\n                            align-items: flex-start;\n                                         \">\n            <div class=\"left\">\n                <h3>NOUS SAVONS QUE LE CHEMIN VERS UN EMPLOI EST DIFF\u00c9RENT POUR CHACUN<\/h3>\n            <\/div>\n            <div class=\"right\">\n                <div class=\"desc\">\n                    <p><span style=\"font-weight: 400\">Nous avons parfois besoin d\u2019aide dans d\u2019autres secteurs de notre vie. Causeway prend en consid\u00e9ration tous les aspects de la personne pour s\u2019assurer que vous commencez votre recherche d\u2019emploi dans des conditions stables et favorables. C\u2019est pourquoi Causeway met \u00e0 votre disposition plusieurs services durant votre recherche d\u2019emploi. Ils sont accessibles gratuitement \u00e0 toutes les personnes participant \u00e0 une de nos avenues. <\/span><\/p>\n                <\/div>\n                \n            <\/div>\n        <\/div>\n\n    \n<\/div>\n\n\n\n<div class=\"info-block\">\n\n    \n            <div class=\"info-block-inner\">\n                <div class=\"thumb-block\" style=\"background: url(https:\/\/causeway.stagingservers.net\/wp-content\/uploads\/2019\/11\/wellness-program.png) center center no-repeat;-webkit-background-size: cover;background-size: cover;\"><\/div>\n                <div class=\"content-block\"\n                                            style=\"padding-bottom: 29px;\"\n                                            >\n                    <h4>PROGRAMME BIEN-\u00caTRE<\/h4>\n                    <div class=\"text\"><p><span style=\"font-weight: 400;padding-bottom: 20px\">Causeway croit que votre sant\u00e9 physique et votre \u00e9quilibre mental sont des \u00e9l\u00e9ments essentiels \u00e0 votre aptitude au travail. Notre programme Bien-\u00eatre est con\u00e7u pour vous aider \u00e0 fixer vos objectifs de nutrition et d\u2019exercices physiques et de les atteindre. Dans notre Centre de conditionnement physique situ\u00e9 dans nos locaux, un entra\u00eeneur personnel se fera un plaisir de vous aider et de r\u00e9pondre \u00e0 toutes vos questions sur votre bien-\u00eatre physique. <\/span><\/p>\n<h5><b>Heures d\u2019ouverture du Centre de conditionnement physique<\/b><\/h5>\n<p><span style=\"font-weight: 400\"><strong>Lundi<\/strong> : 9 h \u2013 12 h, 12 h 30 \u2013 19 h<\/span><\/p>\n<p><span style=\"font-weight: 400\"><strong>Mardi<\/strong> : 8\u00a0h \u2013 12\u00a0h, 12 h\u00a030 \u2013 17\u00a0h<\/span><\/p>\n<p><span style=\"font-weight: 400\"><strong>Mercredi<\/strong> : 8 h \u2013 12 h, 12 h 30 \u2013 15 h 30<\/span><\/p>\n<p><span style=\"font-weight: 400\"><strong>Jeudi<\/strong> : 8 h \u2013 12 h, 12 h 30 \u2013 17 h<\/span><\/p>\n<p><span style=\"font-weight: 400\"><strong>Vendredi<\/strong> : 11 h 30 \u2013 12 h, 12 h 30 \u2013 19 h 30<\/span><\/p>\n<\/div>\n                <\/div>\n            <\/div>\n\n        \n            <div class=\"info-block-inner\">\n                <div class=\"thumb-block\" style=\"background: url(https:\/\/causeway.stagingservers.net\/wp-content\/uploads\/2019\/11\/employment-resources.png) center center no-repeat;-webkit-background-size: cover;background-size: cover;\"><\/div>\n                <div class=\"content-block\"\n                                            >\n                    <h4>Centre de ressources en emploi<\/h4>\n                    <div class=\"text\"><p><span style=\"font-weight: 400;padding-bottom: 20px\">Notre Centre de ressources en emploi est un outil qui vous sera extr\u00eamement utile pendant votre recherche d\u2019emploi. Voici les services que vous y trouverez\u00a0:<\/span><\/p>\n<ul>\n<li><span style=\"font-weight: 400\">utilisation d\u2019ordinateurs, d\u2019un t\u00e9l\u00e9phone, d\u2019une imprimante, d\u2019un t\u00e9l\u00e9copieur, d\u2019un photocopieur, de fournitures d\u2019exp\u00e9dition et autres;<\/span><\/li>\n<li><span style=\"font-weight: 400\">pr\u00e9paration d\u2019un CV et d\u2019une lettre d\u2019introduction;<\/span><\/li>\n<li><span style=\"font-weight: 400\">aide \u00e0 la pr\u00e9paration aux entrevues;<\/span><\/li>\n<li><span style=\"font-weight: 400\">recherche d\u2019emploi de fa\u00e7on autonome ou avec de l\u2019aide;<\/span><\/li>\n<li><span style=\"font-weight: 400\">acc\u00e8s aux ressources d\u2019emploi, aux avis d\u2019emplois vacants et aux employeurs possibles.<\/span><\/li>\n<\/ul>\n<h5><b>Heures d\u2019ouverture du Centre de ressources en emploi<\/b><\/h5>\n<p><span style=\"font-weight: 400\"><strong>Lundi \u2013 Vendredi <\/strong>: 8\u00a0h \u2013 12\u00a0h, 13\u00a0h\u00a0\u2013 16\u00a0h<\/span><\/p>\n<p>&nbsp;<\/p>\n<\/div>\n                <\/div>\n            <\/div>\n\n        \n            <div class=\"info-block-inner\">\n                <div class=\"thumb-block\" style=\"background: url(https:\/\/causeway.stagingservers.net\/wp-content\/uploads\/2019\/11\/community-support.png) center center no-repeat;-webkit-background-size: cover;background-size: cover;\"><\/div>\n                <div class=\"content-block\"\n                                            >\n                    <h4>Soutien communautaire<\/h4>\n                    <div class=\"text\"><p><span style=\"font-weight: 400\">Le programme Soutien communautaire a pour but de vous aider \u00e0 surmonter d\u2019autres obstacles qui pourraient se pr\u00e9senter comme le logement, les probl\u00e8mes m\u00e9dicaux et un soutien financier. Notre personnel vous aiguillera vers d\u2019autres services utiles, vous fournira de l\u2019aide dans les domaines autres que l\u2019emploi et vous dirigera vers des partenaires communautaires.<\/span><\/p>\n<\/div>\n                <\/div>\n            <\/div>\n\n        \n\n<\/div>\n\n\n\n<div class=\"get-pages\" style=\"\n                        margin-top: 112px;\n                                margin-bottom: 36px;\n               \">\n\n            <h2>AUTRES AVENUES<\/h2>\n    \n        <div class=\"get-pages-inner two-pages\">\n        \n\t\t\t\t\t\n\t\t\t\t<article>\n                    <a href=\"\/fr\/programmes-demploi\/\" class=\"thumbnail\" style=\"background: url(https:\/\/causeway.stagingservers.net\/wp-content\/uploads\/2019\/11\/EmploymentPrograms.jpg) center center no-repeat;background-size: cover; display: block;\">\n                    <\/a>\n                    <a href=\"\/fr\/programmes-demploi\/\"><h3>PROGRAMMES D\u2019EMPLOI<\/h3><\/a>\n                    <div class=\"excerpt\">Need to add excerpt (FR)<\/div>\n                    <a href=\"\/fr\/programmes-demploi\/\" class=\"btn learn-more\">\r\nApprendre encore plus<\/a>\n                <\/article>\n\n\t\t\t\t\t\t\n\t\t\t\t<article>\n                    <a href=\"\/fr\/entreprises-sociales\/\" class=\"thumbnail\" style=\"background: url(https:\/\/causeway.stagingservers.net\/wp-content\/uploads\/2019\/11\/SocialEnterprise.jpg) center center no-repeat;background-size: cover; display: block;\">\n                    <\/a>\n                    <a href=\"\/fr\/entreprises-sociales\/\"><h3>ENTREPRISES SOCIALES<\/h3><\/a>\n                    <div class=\"excerpt\">Need to add excerpt (FR)<\/div>\n                    <a href=\"\/fr\/entreprises-sociales\/\" class=\"btn learn-more\">\r\nApprendre encore plus<\/a>\n                <\/article>\n\n\t\t\t\t\t\n    <\/div>\n    \n\n\n<\/div>\n\n","protected":false},"excerpt":{"rendered":"","protected":false},"author":1,"featured_media":0,"parent":0,"menu_order":0,"comment_status":"closed","ping_status":"closed","template":"","meta":{"_acf_changed":false,"footnotes":""},"categories":[],"tags":[28],"class_list":["post-1494","page","type-page","status-publish","hentry","tag-chercher-du-travail"],"acf":[],"yoast_head":"<!-- This site is optimized with the Yoast SEO plugin v27.4 - https:\/\/yoast.com\/product\/yoast-seo-wordpress\/ -->\n<title>SERVICES DE SOUTIEN - CAUSEWAY<\/title>\n<meta name=\"robots\" content=\"noindex, follow, max-snippet:-1, max-image-preview:large, max-video-preview:-1\" \/>\n<meta property=\"og:locale\" content=\"fr_FR\" \/>\n<meta property=\"og:type\" content=\"article\" \/>\n<meta property=\"og:title\" content=\"SERVICES DE SOUTIEN - CAUSEWAY\" \/>\n<meta property=\"og:url\" content=\"https:\/\/causeway.stagingservers.net\/fr\/services-de-soutien\/\" \/>\n<meta property=\"og:site_name\" content=\"CAUSEWAY\" \/>\n<meta property=\"article:modified_time\" content=\"2020-05-08T19:33:14+00:00\" \/>\n<meta name=\"twitter:card\" content=\"summary_large_image\" \/>\n<script type=\"application\/ld+json\" class=\"yoast-schema-graph\">{\"@context\":\"https:\\\/\\\/schema.org\",\"@graph\":[{\"@type\":\"WebPage\",\"@id\":\"https:\\\/\\\/causeway.stagingservers.net\\\/fr\\\/services-de-soutien\\\/\",\"url\":\"https:\\\/\\\/causeway.stagingservers.net\\\/fr\\\/services-de-soutien\\\/\",\"name\":\"SERVICES DE SOUTIEN - CAUSEWAY\",\"isPartOf\":{\"@id\":\"https:\\\/\\\/causeway.stagingservers.net\\\/fr\\\/#website\"},\"datePublished\":\"2019-11-01T15:57:21+00:00\",\"dateModified\":\"2020-05-08T19:33:14+00:00\",\"breadcrumb\":{\"@id\":\"https:\\\/\\\/causeway.stagingservers.net\\\/fr\\\/services-de-soutien\\\/#breadcrumb\"},\"inLanguage\":\"fr-FR\",\"potentialAction\":[{\"@type\":\"ReadAction\",\"target\":[\"https:\\\/\\\/causeway.stagingservers.net\\\/fr\\\/services-de-soutien\\\/\"]}]},{\"@type\":\"BreadcrumbList\",\"@id\":\"https:\\\/\\\/causeway.stagingservers.net\\\/fr\\\/services-de-soutien\\\/#breadcrumb\",\"itemListElement\":[{\"@type\":\"ListItem\",\"position\":1,\"name\":\"Home\",\"item\":\"https:\\\/\\\/causeway.stagingservers.net\\\/fr\\\/\"},{\"@type\":\"ListItem\",\"position\":2,\"name\":\"SERVICES DE SOUTIEN\"}]},{\"@type\":\"WebSite\",\"@id\":\"https:\\\/\\\/causeway.stagingservers.net\\\/fr\\\/#website\",\"url\":\"https:\\\/\\\/causeway.stagingservers.net\\\/fr\\\/\",\"name\":\"CAUSEWAY\",\"description\":\"\",\"publisher\":{\"@id\":\"https:\\\/\\\/causeway.stagingservers.net\\\/fr\\\/#organization\"},\"potentialAction\":[{\"@type\":\"SearchAction\",\"target\":{\"@type\":\"EntryPoint\",\"urlTemplate\":\"https:\\\/\\\/causeway.stagingservers.net\\\/fr\\\/?s={search_term_string}\"},\"query-input\":{\"@type\":\"PropertyValueSpecification\",\"valueRequired\":true,\"valueName\":\"search_term_string\"}}],\"inLanguage\":\"fr-FR\"},{\"@type\":\"Organization\",\"@id\":\"https:\\\/\\\/causeway.stagingservers.net\\\/fr\\\/#organization\",\"name\":\"CAUSEWAY\",\"url\":\"https:\\\/\\\/causeway.stagingservers.net\\\/fr\\\/\",\"logo\":{\"@type\":\"ImageObject\",\"inLanguage\":\"fr-FR\",\"@id\":\"https:\\\/\\\/causeway.stagingservers.net\\\/fr\\\/#\\\/schema\\\/logo\\\/image\\\/\",\"url\":\"https:\\\/\\\/causeway.stagingservers.net\\\/wp-content\\\/uploads\\\/2019\\\/08\\\/logo.png\",\"contentUrl\":\"https:\\\/\\\/causeway.stagingservers.net\\\/wp-content\\\/uploads\\\/2019\\\/08\\\/logo.png\",\"width\":366,\"height\":54,\"caption\":\"CAUSEWAY\"},\"image\":{\"@id\":\"https:\\\/\\\/causeway.stagingservers.net\\\/fr\\\/#\\\/schema\\\/logo\\\/image\\\/\"}}]}<\/script>\n<!-- \/ Yoast SEO plugin. -->","yoast_head_json":{"title":"SERVICES DE SOUTIEN - CAUSEWAY","robots":{"index":"noindex","follow":"follow","max-snippet":"max-snippet:-1","max-image-preview":"max-image-preview:large","max-video-preview":"max-video-preview:-1"},"og_locale":"fr_FR","og_type":"article","og_title":"SERVICES DE SOUTIEN - CAUSEWAY","og_url":"https:\/\/causeway.stagingservers.net\/fr\/services-de-soutien\/","og_site_name":"CAUSEWAY","article_modified_time":"2020-05-08T19:33:14+00:00","twitter_card":"summary_large_image","schema":{"@context":"https:\/\/schema.org","@graph":[{"@type":"WebPage","@id":"https:\/\/causeway.stagingservers.net\/fr\/services-de-soutien\/","url":"https:\/\/causeway.stagingservers.net\/fr\/services-de-soutien\/","name":"SERVICES DE SOUTIEN - CAUSEWAY","isPartOf":{"@id":"https:\/\/causeway.stagingservers.net\/fr\/#website"},"datePublished":"2019-11-01T15:57:21+00:00","dateModified":"2020-05-08T19:33:14+00:00","breadcrumb":{"@id":"https:\/\/causeway.stagingservers.net\/fr\/services-de-soutien\/#breadcrumb"},"inLanguage":"fr-FR","potentialAction":[{"@type":"ReadAction","target":["https:\/\/causeway.stagingservers.net\/fr\/services-de-soutien\/"]}]},{"@type":"BreadcrumbList","@id":"https:\/\/causeway.stagingservers.net\/fr\/services-de-soutien\/#breadcrumb","itemListElement":[{"@type":"ListItem","position":1,"name":"Home","item":"https:\/\/causeway.stagingservers.net\/fr\/"},{"@type":"ListItem","position":2,"name":"SERVICES DE SOUTIEN"}]},{"@type":"WebSite","@id":"https:\/\/causeway.stagingservers.net\/fr\/#website","url":"https:\/\/causeway.stagingservers.net\/fr\/","name":"CAUSEWAY","description":"","publisher":{"@id":"https:\/\/causeway.stagingservers.net\/fr\/#organization"},"potentialAction":[{"@type":"SearchAction","target":{"@type":"EntryPoint","urlTemplate":"https:\/\/causeway.stagingservers.net\/fr\/?s={search_term_string}"},"query-input":{"@type":"PropertyValueSpecification","valueRequired":true,"valueName":"search_term_string"}}],"inLanguage":"fr-FR"},{"@type":"Organization","@id":"https:\/\/causeway.stagingservers.net\/fr\/#organization","name":"CAUSEWAY","url":"https:\/\/causeway.stagingservers.net\/fr\/","logo":{"@type":"ImageObject","inLanguage":"fr-FR","@id":"https:\/\/causeway.stagingservers.net\/fr\/#\/schema\/logo\/image\/","url":"https:\/\/causeway.stagingservers.net\/wp-content\/uploads\/2019\/08\/logo.png","contentUrl":"https:\/\/causeway.stagingservers.net\/wp-content\/uploads\/2019\/08\/logo.png","width":366,"height":54,"caption":"CAUSEWAY"},"image":{"@id":"https:\/\/causeway.stagingservers.net\/fr\/#\/schema\/logo\/image\/"}}]}},"_links":{"self":[{"href":"https:\/\/causeway.stagingservers.net\/fr\/wp-json\/wp\/v2\/pages\/1494","targetHints":{"allow":["GET"]}}],"collection":[{"href":"https:\/\/causeway.stagingservers.net\/fr\/wp-json\/wp\/v2\/pages"}],"about":[{"href":"https:\/\/causeway.stagingservers.net\/fr\/wp-json\/wp\/v2\/types\/page"}],"author":[{"embeddable":true,"href":"https:\/\/causeway.stagingservers.net\/fr\/wp-json\/wp\/v2\/users\/1"}],"replies":[{"embeddable":true,"href":"https:\/\/causeway.stagingservers.net\/fr\/wp-json\/wp\/v2\/comments?post=1494"}],"version-history":[{"count":6,"href":"https:\/\/causeway.stagingservers.net\/fr\/wp-json\/wp\/v2\/pages\/1494\/revisions"}],"predecessor-version":[{"id":2553,"href":"https:\/\/causeway.stagingservers.net\/fr\/wp-json\/wp\/v2\/pages\/1494\/revisions\/2553"}],"wp:attachment":[{"href":"https:\/\/causeway.stagingservers.net\/fr\/wp-json\/wp\/v2\/media?parent=1494"}],"wp:term":[{"taxonomy":"category","embeddable":true,"href":"https:\/\/causeway.stagingservers.net\/fr\/wp-json\/wp\/v2\/categories?post=1494"},{"taxonomy":"post_tag","embeddable":true,"href":"https:\/\/causeway.stagingservers.net\/fr\/wp-json\/wp\/v2\/tags?post=1494"}],"curies":[{"name":"wp","href":"https:\/\/api.w.org\/{rel}","templated":true}]}}