{"id":1463,"date":"2019-11-01T15:16:40","date_gmt":"2019-11-01T15:16:40","guid":{"rendered":"https:\/\/causeway.stagingservers.net\/?page_id=1463"},"modified":"2020-05-08T19:35:36","modified_gmt":"2020-05-08T19:35:36","slug":"about","status":"publish","type":"page","link":"https:\/\/causeway.stagingservers.net\/fr\/about\/","title":{"rendered":"PROPOS DE NOUS"},"content":{"rendered":"<div class=\"hero-block\"\n    style=\"padding-top: 50px;\"\n    >\n\n    <div class=\"hero-block-inner\" style=\"\n        max-width: 100%;\n                    max-height: 480px;\n            margin-top: 0;\n                    height: 727px;\n            background: url(https:\/\/causeway.stagingservers.net\/wp-content\/uploads\/2019\/11\/we-make-community.png) top center no-repeat;\n            -webkit-background-size: cover;\n            background-size: cover;\n                    max-width: 100%;\n            margin-top: 0;\n                \">\n\n        <div class=\"content\">\n                            <h1>TRAVAIL POUR TOUS DANS LA COLLECTIVIT\u00c9<\/h1>\n            \n\t\t\t\t\t\t\t\t\t\t        <\/div>\n\n    <\/div>\n\n<\/div>\n\n\n<div class=\"top-content\">\n\n    \n                <div class=\"top-content-inner\" style=\"\n                            align-items: flex-start;\n                                        padding-bottom: 65px;\n                             \">\n            <div class=\"left\">\n                <h3>NOTRE HISTOIRE<\/h3>\n            <\/div>\n            <div class=\"right\">\n                <div class=\"desc\">\n                    <p><span style=\"font-weight: 400\">Causeway est un organisme sans but lucratif qui aide les personnes atteintes de maladies mentales et autres troubles \u00e0 trouver un emploi enrichissant et constructif et \u00e0 vivre de fa\u00e7on plus ind\u00e9pendante. En aidant ces personnes \u00e0 surmonter leurs difficult\u00e9s et \u00e0 atteindre leur plein potentiel, nous contribuons \u00e0 cr\u00e9er des collectivit\u00e9s plus fortes et plus inclusives.\u00a0 <\/span><\/p>\n<p><span style=\"font-weight: 400\">Fond\u00e9 en 1977, Causeway a pour mission d\u2019aider les personnes atteintes de maladies mentales \u00e0 trouver un emploi. Au cours de sa quarantaine d\u2019ann\u00e9es d\u2019existence, Causeway a \u00e9largi ses activit\u00e9s et accru ses r\u00e9sultats en vue de r\u00e9pondre aux besoins d\u2019un spectre plus large de personnes. Nous sommes constamment \u00e0 la recherche d\u2019innovations. C\u2019est cette philosophie qui nous distingue vraiment des autres. Elle nous permet de transformer des vies et de changer la collectivit\u00e9 en menant de nouvelles initiatives communautaires et en faisant \u0153uvre de pionnier dans le domaine de l\u2019entreprise sociale. <\/span><\/p>\n<p><span style=\"font-weight: 400\">Causeway est soutenu par la Fondation Causeway, un organisme de bienfaisance enregistr\u00e9. Gr\u00e2ce au soutien transformateur de nos donateurs, nos clients acqui\u00e8rent les outils et le soutien dont ils ont besoin pour trouver un emploi satisfaisant. <\/span><\/p>\n                <\/div>\n                \n            <\/div>\n        <\/div>\n\n    \n<\/div>\n\n\n\n<div class=\"find-work\">\n\n    <div class=\"find-work-inner fw-with-title\">\n\n        \n            <div class=\"square\" style=\"\n                    background-color: #F99BC2;\n                    background-image: none;\n                    width:                                 580px\n                            !important;\n                    max-height:                                 580px\n                            !important;\">\n\n                <h2>NOTRE MISSION<\/h2>\n            <\/div>\n        \n        <div class=\"content\">\n                            <h3\n                                    style=\"padding-top: 33px\"\n                                >RENFORCER LA COLLECTIVIT\u00c9 EN TIRANT PROFIT DES CAPACIT\u00c9S DE CHACUN<\/h3>\n                        <div class=\"desc\">\n                En aidant chaque personne \u00e0 trouver un emploi productif et gratifiant, nous instaurons un cercle vertueux dont les ondes positives se r\u00e9percutent dans toute la collectivit\u00e9.  <br><br>\r\n\r\nNotre vision : un milieu de travail o\u00f9 l\u2019apport de chaque personne est inestimable, c\u2019est-\u00e0-dire que les capacit\u00e9s et les contributions de tous sont si pr\u00e9cieuses qu\u2019il est impossible de les estimer. Ce que chaque personne offre \u00e0 la soci\u00e9t\u00e9 ne se mesure pas seulement en terme d\u2019\u00e9conomie. En jouant un r\u00f4le actif dans la collectivit\u00e9 et en travaillant au bien commun, on engendre de nouveaux moments porteurs d\u2019espoir, de perspective et de sens pour soi et pour les autres. On ne peut mettre un prix l\u00e0-dessus. C\u2019est inestimable.             <\/div>\n                        \n        <\/div>\n        <div style=\"clear: both;\"><\/div>\n    <\/div>\n<\/div>\n\n\n\n\n<div class=\"diff-maker\" id=\"\" style=\"\n        width: 100%;\n        height: 640px;\n        background: url(https:\/\/causeway.stagingservers.net\/wp-content\/uploads\/2019\/11\/finding-work.png) top center no-repeat;\n        -webkit-background-size: cover;\n        background-size: cover;\n                        margin-top: 56px;\n                                margin-bottom: 43px;\n                \">\n\n    <div class=\"diff-maker-inner\" >\n        <h2>TROUVER UN EMPLOI<\/h2>\n    <\/div>\n\n<\/div>\n\n\n<div class=\"mid-content\">\n\n            <div class=\"mid-content-inner\" style=\"\n                                \">\n                            <div class=\"desc\">Nous croyons que le potentiel de chaque personne n\u2019a pas de limite. Il existe quelque part un emploi qui vous convient, quelles que soient votre situation et vos difficult\u00e9s. <\/div>\n                                        <div class=\"desc\"><p><span style=\"font-weight: 400\">Nous croyons que le potentiel de chaque personne n\u2019a pas de limite. Il existe quelque part un emploi qui vous convient, quelles que soient votre situation et vos difficult\u00e9s. <\/span><\/p>\n<\/div>\n                                        <div class=\"subtitle\"><h3>VOUS TROUVEREZ DU TRAVAIL.  MALGR\u00c9 TOUT.<\/h3><\/div>\n                                        <a href=\"https:\/\/causeway.stagingservers.net\/fr\/programmes-demploi\/\" class=\"btn\">EXPLORER LES PROGRAMMES<\/a>\n                    <\/div>\n        \n<\/div>\n\n\n\n<div class=\"diff-maker\" id=\"\" style=\"\n        width: 100%;\n        height: 640px;\n        background: url(https:\/\/causeway.stagingservers.net\/wp-content\/uploads\/2019\/11\/invest-in-community.png) top center no-repeat;\n        -webkit-background-size: cover;\n        background-size: cover;\n                        margin-top: 166px;\n                                margin-bottom: 29px;\n                \">\n\n    <div class=\"diff-maker-inner\" >\n        <h2>INVESTIR DANS LA COLLECTIVIT\u00c9<\/h2>\n    <\/div>\n\n<\/div>\n\n\n<div class=\"mid-content\">\n\n            <div class=\"mid-content-inner\" style=\"\n                                \">\n                            <div class=\"desc\">Nos entreprises sociales proposent une exp\u00e9rience de travail pr\u00e9cieuse \u00e0 nos clients tout en cr\u00e9ant une collectivit\u00e9 inclusive pour tous.  <\/div>\n                                                                <a href=\"https:\/\/causeway.stagingservers.net\/fr\/entreprises-sociales\/\" class=\"btn\">EN SAVOIR PLUS<\/a>\n                    <\/div>\n        \n<\/div>\n\n\n\n<div class=\"employers\"\n            style=\"margin-top: 109px;\"\n        >\n\n    <div class=\"employers-inner\" style=\"\n            background: url(https:\/\/causeway.stagingservers.net\/wp-content\/uploads\/2019\/11\/making-a-diff.png) center center no-repeat;\n            -webkit-background-size: cover;\n            background-size: cover;\">\n        <div class=\"content\">\n            <h2>AGIR POUR CHANGER LES CHOSES<\/h2>\n        <\/div>\n    <\/div>\n\n    <div class=\"info\">\n        <div class=\"desc\">Nous sommes unis dans l\u2019action. Transformez des vies, ici m\u00eame, au sein de votre collectivit\u00e9, en soutenant la Fondation Causeway.<\/div>\n\n                            <a href=\"https:\/\/causeway.stagingservers.net\/fr\/comment-aider\/\" class=\"btn\">COMMENT NOUS AIDER<\/a>\n        \n    <\/div>\n\n<\/div>\n\n\n\n\n\n<div class=\"board\">\n\n    \n        <div class=\"board-inner\">\n            <div class=\"border\" style=\"border-top:none;\"><\/div>\n            <div class=\"board-top\">\n                <div class=\"title\">\n                    <h3>CONSEIL D\u2019ADMINISTRATION<\/h3>\n                <\/div>\n                <div class=\"content\">\n\n                    <div class=\"desc\">Causeway est soutenu par un conseil d\u2019administration compos\u00e9 de b\u00e9n\u00e9voles qui apportent une vaste gamme de comp\u00e9tences et d\u2019exp\u00e9riences pour relever le d\u00e9fi de d\u00e9velopper notre organisation et d\u2019\u00e9valuer les changements durables produits dans la collectivit\u00e9. <\/div>\n                                            <a href=\"#0\" class=\"btn\">COMMENT PARTICIPER<\/a>\n                    \n                <\/div>\n            <\/div>\n            <div class=\"directors\">\n                <div class=\"title\">\n                    <h4>RENCONTRER LE CONSEIL D\u2019ADMINISTRATION 2018-2019 DE CAUSEWAY<\/h4>\n                <\/div>\n                                <div class=\"dir-content\" style=\"justify-content: flex-start\">\n\n                    \n                            <div class=\"dir-block\">\n                                <h5>Andrew N. Vey<\/h5>\n                                                                    <p>Avocat du travail, Vey Willetts LLP<\/p>\n                                \n                                <p>Pr\u00e9sident<\/p>\n                            <\/div>\n\n                        \n                            <div class=\"dir-block\">\n                                <h5>Michael Brownell<\/h5>\n                                                                    <p>Retrait\u00e9, Affaires \u00e9trang\u00e8res et ACDI<\/p>\n                                \n                                <p>Vice-pr\u00e9sident<\/p>\n                            <\/div>\n\n                        \n                            <div class=\"dir-block\">\n                                <h5>Katharine Cornfield<\/h5>\n                                                                    <p>Gestionnaire principale, BigCityMix Consulting<\/p>\n                                \n                                <p>Ancienne pr\u00e9sidente<\/p>\n                            <\/div>\n\n                        \n                            <div class=\"dir-block\">\n                                <h5>Colin Goodfellow (MBA, CPA)<\/h5>\n                                                                    <p>Propri\u00e9taire, O-F National; consultant, Laridae Communications<\/p>\n                                \n                                <p>Secr\u00e9taire-tr\u00e9sorier<\/p>\n                            <\/div>\n\n                        \n                <\/div>\n            <\/div>\n\n            <div class=\"members\">\n\n                <div class=\"title\">\n                    <h4>MEMBRES<\/h4>\n                <\/div>\n                                <div class=\"mem-content\" style=\"justify-content: flex-start\">\n\n                    \n                            <div class=\"mem-block\">\n                                <h5>Margot Geduld<\/h5>\n                                <p>Gestionnaire, Communications internes; Innovation, Sciences et D\u00e9veloppement \u00e9conomique Canada<\/p>\n                            <\/div>\n\n                        \n                            <div class=\"mem-block\">\n                                <h5>Nathan Hall<\/h5>\n                                <p>Directeur g\u00e9n\u00e9ral, Simple Story<\/p>\n                            <\/div>\n\n                        \n                            <div class=\"mem-block\">\n                                <h5>Francesco Manganiello<\/h5>\n                                <p>Directeur, Biblioth\u00e8que et Archives Canada<\/p>\n                            <\/div>\n\n                        \n                            <div class=\"mem-block\">\n                                <h5>Richard Smith<\/h5>\n                                <p>Gestionnaire principal, F\u00e9d\u00e9ration canadienne des municipalit\u00e9s<\/p>\n                            <\/div>\n\n                        \n                            <div class=\"mem-block\">\n                                <h5>Mike Vieira<\/h5>\n                                <p>Gestionnaire, Performance paralympique, Comit\u00e9 paralympique canadien<\/p>\n                            <\/div>\n\n                        \n                            <div class=\"mem-block\">\n                                <h5>Stephen Willetts (CA)<\/h5>\n                                <p>Retrait\u00e9, V.-P. Finance, UWindsor<\/p>\n                            <\/div>\n\n                        \n                            <div class=\"mem-block\">\n                                <h5>Albert Wong (CPA, CA)<\/h5>\n                                <p>Directeur, Junior Achievement Ottawa<\/p>\n                            <\/div>\n\n                        \n                <\/div>\n\n            <\/div>\n\n        <\/div>\n\n    \n<\/div>\n\n\n\n<div class=\"newsletter\">\n\n    <div class=\"newsletter-content\">\n        <div class=\"newsletter-content-inner\">\n            <h3>RESTER AU COURANT<\/h3>\n            <div class=\"desc\">Inscrivez-vous \u00e0 notre bulletin \u00e9lectronique pour recevoir les derni\u00e8res nouvelles concernant les projets, les appels et les activit\u00e9s \u00e0 venir de Causeway, qui \u0153uvre pour le travail pour tous \u00e0 Ottawa. Notre bulletin ne contient que du contenu de qualit\u00e9 et nous ne transmettons pas vos coordonn\u00e9es \u00e0 quiconque.   <\/div>\n            \n<div class=\"wpcf7 no-js\" id=\"wpcf7-f1491-o1\" lang=\"fr-FR\" dir=\"ltr\" data-wpcf7-id=\"1491\">\n<div class=\"screen-reader-response\"><p role=\"status\" aria-live=\"polite\" aria-atomic=\"true\"><\/p> <ul><\/ul><\/div>\n<form action=\"\/fr\/wp-json\/wp\/v2\/pages\/1463#wpcf7-f1491-o1\" method=\"post\" class=\"wpcf7-form init\" aria-label=\"Formulaire de contact\" novalidate=\"novalidate\" data-status=\"init\">\n<fieldset class=\"hidden-fields-container\"><input type=\"hidden\" name=\"_wpcf7\" value=\"1491\" \/><input type=\"hidden\" name=\"_wpcf7_version\" value=\"6.1.5\" \/><input type=\"hidden\" name=\"_wpcf7_locale\" value=\"fr_FR\" \/><input type=\"hidden\" name=\"_wpcf7_unit_tag\" value=\"wpcf7-f1491-o1\" \/><input type=\"hidden\" name=\"_wpcf7_container_post\" value=\"0\" \/><input type=\"hidden\" name=\"_wpcf7_posted_data_hash\" value=\"\" \/>\n<\/fieldset>\n<p><span class=\"wpcf7-form-control-wrap\" data-name=\"your-email\"><input size=\"40\" maxlength=\"400\" class=\"wpcf7-form-control wpcf7-email wpcf7-validates-as-required wpcf7-text wpcf7-validates-as-email\" aria-required=\"true\" aria-invalid=\"false\" value=\"\" type=\"email\" name=\"your-email\" \/><\/span>\n<\/p>\n<div class=\"submit-wrap\">\n\t<p><input class=\"wpcf7-form-control wpcf7-submit has-spinner\" type=\"submit\" value=\"INSCRIVEZ-VOUS!\" \/>\n\t<\/p>\n<\/div><div class=\"wpcf7-response-output\" aria-hidden=\"true\"><\/div>\n<\/form>\n<\/div>\n        <\/div>\n    <\/div>\n\n    <div class=\"newsletter-thumb\" style=\"\n        background: url(https:\/\/causeway.stagingservers.net\/wp-content\/uploads\/2019\/08\/causeway_newspapers@720px.jpg) center center no-repeat;\n        -webkit-background-size: cover;\n        background-size: cover;\"><\/div>\n\n<\/div>\n","protected":false},"excerpt":{"rendered":"","protected":false},"author":1,"featured_media":0,"parent":0,"menu_order":0,"comment_status":"closed","ping_status":"closed","template":"","meta":{"_acf_changed":false,"footnotes":""},"categories":[],"tags":[],"class_list":["post-1463","page","type-page","status-publish","hentry"],"acf":[],"yoast_head":"<!-- This site is optimized with the Yoast SEO plugin v27.4 - https:\/\/yoast.com\/product\/yoast-seo-wordpress\/ -->\n<title>PROPOS DE NOUS - CAUSEWAY<\/title>\n<meta name=\"robots\" content=\"noindex, follow, max-snippet:-1, max-image-preview:large, max-video-preview:-1\" \/>\n<meta property=\"og:locale\" content=\"fr_FR\" \/>\n<meta property=\"og:type\" content=\"article\" \/>\n<meta property=\"og:title\" content=\"PROPOS DE NOUS - CAUSEWAY\" \/>\n<meta property=\"og:url\" content=\"https:\/\/causeway.stagingservers.net\/fr\/about\/\" \/>\n<meta property=\"og:site_name\" content=\"CAUSEWAY\" \/>\n<meta property=\"article:modified_time\" content=\"2020-05-08T19:35:36+00:00\" \/>\n<meta name=\"twitter:card\" content=\"summary_large_image\" \/>\n<script type=\"application\/ld+json\" class=\"yoast-schema-graph\">{\"@context\":\"https:\\\/\\\/schema.org\",\"@graph\":[{\"@type\":\"WebPage\",\"@id\":\"https:\\\/\\\/causeway.stagingservers.net\\\/fr\\\/about\\\/\",\"url\":\"https:\\\/\\\/causeway.stagingservers.net\\\/fr\\\/about\\\/\",\"name\":\"PROPOS DE NOUS - CAUSEWAY\",\"isPartOf\":{\"@id\":\"https:\\\/\\\/causeway.stagingservers.net\\\/fr\\\/#website\"},\"datePublished\":\"2019-11-01T15:16:40+00:00\",\"dateModified\":\"2020-05-08T19:35:36+00:00\",\"breadcrumb\":{\"@id\":\"https:\\\/\\\/causeway.stagingservers.net\\\/fr\\\/about\\\/#breadcrumb\"},\"inLanguage\":\"fr-FR\",\"potentialAction\":[{\"@type\":\"ReadAction\",\"target\":[\"https:\\\/\\\/causeway.stagingservers.net\\\/fr\\\/about\\\/\"]}]},{\"@type\":\"BreadcrumbList\",\"@id\":\"https:\\\/\\\/causeway.stagingservers.net\\\/fr\\\/about\\\/#breadcrumb\",\"itemListElement\":[{\"@type\":\"ListItem\",\"position\":1,\"name\":\"Home\",\"item\":\"https:\\\/\\\/causeway.stagingservers.net\\\/fr\\\/\"},{\"@type\":\"ListItem\",\"position\":2,\"name\":\"PROPOS DE NOUS\"}]},{\"@type\":\"WebSite\",\"@id\":\"https:\\\/\\\/causeway.stagingservers.net\\\/fr\\\/#website\",\"url\":\"https:\\\/\\\/causeway.stagingservers.net\\\/fr\\\/\",\"name\":\"CAUSEWAY\",\"description\":\"\",\"publisher\":{\"@id\":\"https:\\\/\\\/causeway.stagingservers.net\\\/fr\\\/#organization\"},\"potentialAction\":[{\"@type\":\"SearchAction\",\"target\":{\"@type\":\"EntryPoint\",\"urlTemplate\":\"https:\\\/\\\/causeway.stagingservers.net\\\/fr\\\/?s={search_term_string}\"},\"query-input\":{\"@type\":\"PropertyValueSpecification\",\"valueRequired\":true,\"valueName\":\"search_term_string\"}}],\"inLanguage\":\"fr-FR\"},{\"@type\":\"Organization\",\"@id\":\"https:\\\/\\\/causeway.stagingservers.net\\\/fr\\\/#organization\",\"name\":\"CAUSEWAY\",\"url\":\"https:\\\/\\\/causeway.stagingservers.net\\\/fr\\\/\",\"logo\":{\"@type\":\"ImageObject\",\"inLanguage\":\"fr-FR\",\"@id\":\"https:\\\/\\\/causeway.stagingservers.net\\\/fr\\\/#\\\/schema\\\/logo\\\/image\\\/\",\"url\":\"https:\\\/\\\/causeway.stagingservers.net\\\/wp-content\\\/uploads\\\/2019\\\/08\\\/logo.png\",\"contentUrl\":\"https:\\\/\\\/causeway.stagingservers.net\\\/wp-content\\\/uploads\\\/2019\\\/08\\\/logo.png\",\"width\":366,\"height\":54,\"caption\":\"CAUSEWAY\"},\"image\":{\"@id\":\"https:\\\/\\\/causeway.stagingservers.net\\\/fr\\\/#\\\/schema\\\/logo\\\/image\\\/\"}}]}<\/script>\n<!-- \/ Yoast SEO plugin. -->","yoast_head_json":{"title":"PROPOS DE NOUS - CAUSEWAY","robots":{"index":"noindex","follow":"follow","max-snippet":"max-snippet:-1","max-image-preview":"max-image-preview:large","max-video-preview":"max-video-preview:-1"},"og_locale":"fr_FR","og_type":"article","og_title":"PROPOS DE NOUS - CAUSEWAY","og_url":"https:\/\/causeway.stagingservers.net\/fr\/about\/","og_site_name":"CAUSEWAY","article_modified_time":"2020-05-08T19:35:36+00:00","twitter_card":"summary_large_image","schema":{"@context":"https:\/\/schema.org","@graph":[{"@type":"WebPage","@id":"https:\/\/causeway.stagingservers.net\/fr\/about\/","url":"https:\/\/causeway.stagingservers.net\/fr\/about\/","name":"PROPOS DE NOUS - CAUSEWAY","isPartOf":{"@id":"https:\/\/causeway.stagingservers.net\/fr\/#website"},"datePublished":"2019-11-01T15:16:40+00:00","dateModified":"2020-05-08T19:35:36+00:00","breadcrumb":{"@id":"https:\/\/causeway.stagingservers.net\/fr\/about\/#breadcrumb"},"inLanguage":"fr-FR","potentialAction":[{"@type":"ReadAction","target":["https:\/\/causeway.stagingservers.net\/fr\/about\/"]}]},{"@type":"BreadcrumbList","@id":"https:\/\/causeway.stagingservers.net\/fr\/about\/#breadcrumb","itemListElement":[{"@type":"ListItem","position":1,"name":"Home","item":"https:\/\/causeway.stagingservers.net\/fr\/"},{"@type":"ListItem","position":2,"name":"PROPOS DE NOUS"}]},{"@type":"WebSite","@id":"https:\/\/causeway.stagingservers.net\/fr\/#website","url":"https:\/\/causeway.stagingservers.net\/fr\/","name":"CAUSEWAY","description":"","publisher":{"@id":"https:\/\/causeway.stagingservers.net\/fr\/#organization"},"potentialAction":[{"@type":"SearchAction","target":{"@type":"EntryPoint","urlTemplate":"https:\/\/causeway.stagingservers.net\/fr\/?s={search_term_string}"},"query-input":{"@type":"PropertyValueSpecification","valueRequired":true,"valueName":"search_term_string"}}],"inLanguage":"fr-FR"},{"@type":"Organization","@id":"https:\/\/causeway.stagingservers.net\/fr\/#organization","name":"CAUSEWAY","url":"https:\/\/causeway.stagingservers.net\/fr\/","logo":{"@type":"ImageObject","inLanguage":"fr-FR","@id":"https:\/\/causeway.stagingservers.net\/fr\/#\/schema\/logo\/image\/","url":"https:\/\/causeway.stagingservers.net\/wp-content\/uploads\/2019\/08\/logo.png","contentUrl":"https:\/\/causeway.stagingservers.net\/wp-content\/uploads\/2019\/08\/logo.png","width":366,"height":54,"caption":"CAUSEWAY"},"image":{"@id":"https:\/\/causeway.stagingservers.net\/fr\/#\/schema\/logo\/image\/"}}]}},"_links":{"self":[{"href":"https:\/\/causeway.stagingservers.net\/fr\/wp-json\/wp\/v2\/pages\/1463","targetHints":{"allow":["GET"]}}],"collection":[{"href":"https:\/\/causeway.stagingservers.net\/fr\/wp-json\/wp\/v2\/pages"}],"about":[{"href":"https:\/\/causeway.stagingservers.net\/fr\/wp-json\/wp\/v2\/types\/page"}],"author":[{"embeddable":true,"href":"https:\/\/causeway.stagingservers.net\/fr\/wp-json\/wp\/v2\/users\/1"}],"replies":[{"embeddable":true,"href":"https:\/\/causeway.stagingservers.net\/fr\/wp-json\/wp\/v2\/comments?post=1463"}],"version-history":[{"count":8,"href":"https:\/\/causeway.stagingservers.net\/fr\/wp-json\/wp\/v2\/pages\/1463\/revisions"}],"predecessor-version":[{"id":2559,"href":"https:\/\/causeway.stagingservers.net\/fr\/wp-json\/wp\/v2\/pages\/1463\/revisions\/2559"}],"wp:attachment":[{"href":"https:\/\/causeway.stagingservers.net\/fr\/wp-json\/wp\/v2\/media?parent=1463"}],"wp:term":[{"taxonomy":"category","embeddable":true,"href":"https:\/\/causeway.stagingservers.net\/fr\/wp-json\/wp\/v2\/categories?post=1463"},{"taxonomy":"post_tag","embeddable":true,"href":"https:\/\/causeway.stagingservers.net\/fr\/wp-json\/wp\/v2\/tags?post=1463"}],"curies":[{"name":"wp","href":"https:\/\/api.w.org\/{rel}","templated":true}]}}