{"id":1411,"date":"2019-11-01T14:26:09","date_gmt":"2019-11-01T14:26:09","guid":{"rendered":"https:\/\/causeway.stagingservers.net\/?page_id=1411"},"modified":"2020-05-08T19:23:16","modified_gmt":"2020-05-08T19:23:16","slug":"find-work","status":"publish","type":"page","link":"https:\/\/causeway.stagingservers.net\/fr\/find-work\/","title":{"rendered":"PROGRAMMES ET SERVICES"},"content":{"rendered":"<div class=\"hero-block\"\n    >\n\n    <div class=\"hero-block-inner\" style=\"\n        max-width: 100%;\n                    max-height: 480px;\n            margin-top: 0;\n                    height: 727px;\n            background: url(https:\/\/causeway.stagingservers.net\/wp-content\/uploads\/2019\/11\/fw-bg-1.jpg) top center no-repeat;\n            -webkit-background-size: cover;\n            background-size: cover;\n                    max-width: 100%;\n            margin-top: 0;\n                \">\n\n        <div class=\"content\">\n                            <h1>TRAVAILLER. MALGR\u00c9 TOUT.<\/h1>\n            \n\t\t\t\t\t\t\t\t\t\t\t\t<a href=\"#video3\" class=\"btn play-btn\" data-fancybox>VISIONNER L\u2019HISTOIRE \u00c0 SUCC\u00c8S DE CAUSEWAY<\/a>\n\t\t\t\t\t<div id=\"video3\" class=\"lightbox\">\n\t\t\t\t\t\t<div class=\"player2\" data-plyr-provider=\"youtube\" data-plyr-embed-id=\"2E4bxvAk3NQ\"><\/div>\n\t\t\t\t\t<\/div>\n\t\t\t\t\t\t\t\n\t\t\t\n\t\t\t        <\/div>\n\n    <\/div>\n\n<\/div>\n\n\n<div class=\"top-content\">\n\n    \n        <div class=\"top-content-inner-hor\">\n            <div class=\"desc\"><p>Nous travaillons avec vous pour trouver les possibilit\u00e9s d\u2019emploi qui correspondent \u00e0 vos forces et vos capacit\u00e9s. C\u2019est notre r\u00f4le de vous aider \u00e0 r\u00e9aliser votre potentiel. Quelle que soit votre situation, vous pouvez travailler.   <\/p>\n<\/div>\n            <h3>ASSEYEZ-VOUS ET METTONS-NOUS AU TRAVAIL. <\/h3>\n        <\/div>\n\n    \n<\/div>\n\n\n\n<div id=\"contact-form\" class=\"find-work-form\" style=\"margin-bottom: px;\">\n\n    <div class=\"fw-form-inner\">\n\n        <div class=\"content-side\"\n                         >\n            <h2>TROUVER DU TRAVAIL<\/h2>\n            <div class=\"desc\"><p>Nous savons que tout le monde est diff\u00e9rent. C\u2019est pourquoi nous proposons une vari\u00e9t\u00e9 de programmes qui conviennent \u00e0 une diversit\u00e9 de personnes. Qui que vous soyez et quoi que vous cherchiez, Causeway a une place pour vous. La premi\u00e8re \u00e9tape pour trouver un travail enrichissant est de communiquer avec notre bureau d\u2019accueil.<br \/>\n<br \/>\n<strong>Pour le service en fran\u00e7ais, t\u00e9l\u00e9phonez \u00e0 Lin Ouellette au 613-725-3494, poste 107.<\/strong><\/p>\n<\/div>\n            <h3>COMMUNIQUEZ AVEC NOUS POUR DE PLUS AMPLES RENSEIGNEMENTS.<\/h3>\n        <\/div>\n\n        <div class=\"form-side\">\n            \n<div class=\"wpcf7 no-js\" id=\"wpcf7-f1458-o1\" lang=\"fr-FR\" dir=\"ltr\" data-wpcf7-id=\"1458\">\n<div class=\"screen-reader-response\"><p role=\"status\" aria-live=\"polite\" aria-atomic=\"true\"><\/p> <ul><\/ul><\/div>\n<form action=\"\/fr\/wp-json\/wp\/v2\/pages\/1411#wpcf7-f1458-o1\" method=\"post\" class=\"wpcf7-form init\" aria-label=\"Formulaire de contact\" novalidate=\"novalidate\" data-status=\"init\">\n<fieldset class=\"hidden-fields-container\"><input type=\"hidden\" name=\"_wpcf7\" value=\"1458\" \/><input type=\"hidden\" name=\"_wpcf7_version\" value=\"6.1.5\" \/><input type=\"hidden\" name=\"_wpcf7_locale\" value=\"fr_FR\" \/><input type=\"hidden\" name=\"_wpcf7_unit_tag\" value=\"wpcf7-f1458-o1\" \/><input type=\"hidden\" name=\"_wpcf7_container_post\" value=\"0\" \/><input type=\"hidden\" name=\"_wpcf7_posted_data_hash\" value=\"\" \/>\n<\/fieldset>\n<p><span class=\"wpcf7-form-control-wrap\" data-name=\"your-name\"><input size=\"40\" maxlength=\"400\" class=\"wpcf7-form-control wpcf7-text wpcf7-validates-as-required\" aria-required=\"true\" aria-invalid=\"false\" placeholder=\"Pr\u00e9nom*\" value=\"\" type=\"text\" name=\"your-name\" \/><\/span>\n<\/p>\n<p><span class=\"wpcf7-form-control-wrap\" data-name=\"your-last\"><input size=\"40\" maxlength=\"400\" class=\"wpcf7-form-control wpcf7-text\" aria-invalid=\"false\" placeholder=\"Nom de famille\" value=\"\" type=\"text\" name=\"your-last\" \/><\/span>\n<\/p>\n<p><span class=\"wpcf7-form-control-wrap\" data-name=\"your-email\"><input size=\"40\" maxlength=\"400\" class=\"wpcf7-form-control wpcf7-email wpcf7-validates-as-required wpcf7-text wpcf7-validates-as-email\" aria-required=\"true\" aria-invalid=\"false\" placeholder=\"Courriel*\" value=\"\" type=\"email\" name=\"your-email\" \/><\/span>\n<\/p>\n<p><span class=\"wpcf7-form-control-wrap\" data-name=\"your-tell\"><input size=\"40\" maxlength=\"400\" class=\"wpcf7-form-control wpcf7-tel wpcf7-text wpcf7-validates-as-tel\" aria-invalid=\"false\" placeholder=\"Num\u00e9ro de t\u00e9l\u00e9phone\" value=\"\" type=\"tel\" name=\"your-tell\" \/><\/span>\n<\/p>\n<p><span class=\"wpcf7-form-control-wrap\" data-name=\"your-interest\"><select class=\"wpcf7-form-control wpcf7-select\" aria-invalid=\"false\" name=\"your-interest\"><option value=\"\">Programme qui vous int\u00e9resse<\/option><option value=\"int1\">int1<\/option><option value=\"int2\">int2<\/option><option value=\"int3\">int3<\/option><\/select><\/span>\n<\/p>\n<p><span class=\"wpcf7-form-control-wrap\" data-name=\"your-message\"><textarea cols=\"40\" rows=\"5\" maxlength=\"2000\" class=\"wpcf7-form-control wpcf7-textarea\" aria-invalid=\"false\" placeholder=\"\u201cQue peut-on faire pour vous?\u201d\" name=\"your-message\"><\/textarea><\/span>\n<\/p>\n<p><input class=\"wpcf7-form-control wpcf7-submit has-spinner\" type=\"submit\" value=\"SOUMETTRE\" \/>\n<\/p><div class=\"wpcf7-response-output\" aria-hidden=\"true\"><\/div>\n<\/form>\n<\/div>\n        <\/div>\n\n    <\/div>\n\n<\/div>\n\n\n\n<div class=\"diff-maker\" id=\"\" style=\"\n        width: 100%;\n        height: 640px;\n        background: url(https:\/\/causeway.stagingservers.net\/wp-content\/uploads\/2019\/11\/fw-bg2.jpg) top center no-repeat;\n        -webkit-background-size: cover;\n        background-size: cover;\n                        \">\n\n    <div class=\"diff-maker-inner\" >\n        <h2>NOS AVENUES VERS L\u2019EMPLOI<\/h2>\n    <\/div>\n\n<\/div>\n\n\n<div class=\"mid-content\">\n\n            <div class=\"mid-content-inner\" style=\"\n                                \">\n                                        <div class=\"desc\"><p><span style=\"font-weight: 400\">\u00c0 Causeway, nous appelons \u00ab\u00a0avenues\u00a0\u00bb nos programmes d\u2019emploi, nos entreprises sociales et nos services de soutien, en raison du cheminement que nous faisons ensemble avec nos clients. Chaque <\/span><span style=\"font-weight: 400\">personne peut emprunter plusieurs avenues. Elles m\u00e8nent toutes au m\u00eame endroit\u00a0: un emploi enrichissant et durable. <\/span><\/p>\n<\/div>\n                                            <\/div>\n        \n<\/div>\n\n\n\n<div class=\"video-block\" style=\"margin-bottom: 33px;\">\n\n        <div class=\"video-block-inner\">\n\n        <div class=\"video-block\" style=\"background: url(https:\/\/causeway.stagingservers.net\/wp-content\/uploads\/2019\/08\/fw-video-bg.jpg) center center no-repeat;-webkit-background-size: cover; background-size: cover;\">\n            <a href=\"#video2\" class=\"play-btn\" data-fancybox style=\"background: url(https:\/\/causeway.stagingservers.net\/wp-content\/uploads\/2019\/08\/Video-Play.png) center center no-repeat;-webkit-background-size: cover;background-size: cover; width: 120px;height: 120px;\"><\/a>\n            <div id=\"video2\" class=\"lightbox\">\n                <div class=\"player\" data-plyr-provider=\"youtube\" data-plyr-embed-id=\"2E4bxvAk3NQ\"><\/div>\n            <\/div>\n            <h3>VOYEZ COMMENT LES DIVERSES AVENUES DE CAUSEWAY ONT AID\u00c9 THERESA \u00c0 TROUVER UN EMPLOI ENRICHISSANT ET ONT TRANSFORM\u00c9 SA VIE.<\/h3>\n\n        <\/div>\n\n    <\/div>\n    \n<\/div>","protected":false},"excerpt":{"rendered":"","protected":false},"author":1,"featured_media":0,"parent":0,"menu_order":0,"comment_status":"closed","ping_status":"closed","template":"","meta":{"_acf_changed":false,"footnotes":""},"categories":[],"tags":[],"class_list":["post-1411","page","type-page","status-publish","hentry"],"acf":[],"yoast_head":"<!-- This site is optimized with the Yoast SEO plugin v27.4 - https:\/\/yoast.com\/product\/yoast-seo-wordpress\/ -->\n<title>PROGRAMMES ET SERVICES - CAUSEWAY<\/title>\n<meta name=\"robots\" content=\"noindex, follow, max-snippet:-1, max-image-preview:large, max-video-preview:-1\" \/>\n<meta property=\"og:locale\" content=\"fr_FR\" \/>\n<meta property=\"og:type\" content=\"article\" \/>\n<meta property=\"og:title\" content=\"PROGRAMMES ET SERVICES - CAUSEWAY\" \/>\n<meta property=\"og:url\" content=\"https:\/\/causeway.stagingservers.net\/fr\/find-work\/\" \/>\n<meta property=\"og:site_name\" content=\"CAUSEWAY\" \/>\n<meta property=\"article:modified_time\" content=\"2020-05-08T19:23:16+00:00\" \/>\n<meta name=\"twitter:card\" content=\"summary_large_image\" \/>\n<script type=\"application\/ld+json\" class=\"yoast-schema-graph\">{\"@context\":\"https:\\\/\\\/schema.org\",\"@graph\":[{\"@type\":\"WebPage\",\"@id\":\"https:\\\/\\\/causeway.stagingservers.net\\\/fr\\\/find-work\\\/\",\"url\":\"https:\\\/\\\/causeway.stagingservers.net\\\/fr\\\/find-work\\\/\",\"name\":\"PROGRAMMES ET SERVICES - CAUSEWAY\",\"isPartOf\":{\"@id\":\"https:\\\/\\\/causeway.stagingservers.net\\\/fr\\\/#website\"},\"datePublished\":\"2019-11-01T14:26:09+00:00\",\"dateModified\":\"2020-05-08T19:23:16+00:00\",\"breadcrumb\":{\"@id\":\"https:\\\/\\\/causeway.stagingservers.net\\\/fr\\\/find-work\\\/#breadcrumb\"},\"inLanguage\":\"fr-FR\",\"potentialAction\":[{\"@type\":\"ReadAction\",\"target\":[\"https:\\\/\\\/causeway.stagingservers.net\\\/fr\\\/find-work\\\/\"]}]},{\"@type\":\"BreadcrumbList\",\"@id\":\"https:\\\/\\\/causeway.stagingservers.net\\\/fr\\\/find-work\\\/#breadcrumb\",\"itemListElement\":[{\"@type\":\"ListItem\",\"position\":1,\"name\":\"Home\",\"item\":\"https:\\\/\\\/causeway.stagingservers.net\\\/fr\\\/\"},{\"@type\":\"ListItem\",\"position\":2,\"name\":\"PROGRAMMES ET SERVICES\"}]},{\"@type\":\"WebSite\",\"@id\":\"https:\\\/\\\/causeway.stagingservers.net\\\/fr\\\/#website\",\"url\":\"https:\\\/\\\/causeway.stagingservers.net\\\/fr\\\/\",\"name\":\"CAUSEWAY\",\"description\":\"\",\"publisher\":{\"@id\":\"https:\\\/\\\/causeway.stagingservers.net\\\/fr\\\/#organization\"},\"potentialAction\":[{\"@type\":\"SearchAction\",\"target\":{\"@type\":\"EntryPoint\",\"urlTemplate\":\"https:\\\/\\\/causeway.stagingservers.net\\\/fr\\\/?s={search_term_string}\"},\"query-input\":{\"@type\":\"PropertyValueSpecification\",\"valueRequired\":true,\"valueName\":\"search_term_string\"}}],\"inLanguage\":\"fr-FR\"},{\"@type\":\"Organization\",\"@id\":\"https:\\\/\\\/causeway.stagingservers.net\\\/fr\\\/#organization\",\"name\":\"CAUSEWAY\",\"url\":\"https:\\\/\\\/causeway.stagingservers.net\\\/fr\\\/\",\"logo\":{\"@type\":\"ImageObject\",\"inLanguage\":\"fr-FR\",\"@id\":\"https:\\\/\\\/causeway.stagingservers.net\\\/fr\\\/#\\\/schema\\\/logo\\\/image\\\/\",\"url\":\"https:\\\/\\\/causeway.stagingservers.net\\\/wp-content\\\/uploads\\\/2019\\\/08\\\/logo.png\",\"contentUrl\":\"https:\\\/\\\/causeway.stagingservers.net\\\/wp-content\\\/uploads\\\/2019\\\/08\\\/logo.png\",\"width\":366,\"height\":54,\"caption\":\"CAUSEWAY\"},\"image\":{\"@id\":\"https:\\\/\\\/causeway.stagingservers.net\\\/fr\\\/#\\\/schema\\\/logo\\\/image\\\/\"}}]}<\/script>\n<!-- \/ Yoast SEO plugin. -->","yoast_head_json":{"title":"PROGRAMMES ET SERVICES - CAUSEWAY","robots":{"index":"noindex","follow":"follow","max-snippet":"max-snippet:-1","max-image-preview":"max-image-preview:large","max-video-preview":"max-video-preview:-1"},"og_locale":"fr_FR","og_type":"article","og_title":"PROGRAMMES ET SERVICES - CAUSEWAY","og_url":"https:\/\/causeway.stagingservers.net\/fr\/find-work\/","og_site_name":"CAUSEWAY","article_modified_time":"2020-05-08T19:23:16+00:00","twitter_card":"summary_large_image","schema":{"@context":"https:\/\/schema.org","@graph":[{"@type":"WebPage","@id":"https:\/\/causeway.stagingservers.net\/fr\/find-work\/","url":"https:\/\/causeway.stagingservers.net\/fr\/find-work\/","name":"PROGRAMMES ET SERVICES - CAUSEWAY","isPartOf":{"@id":"https:\/\/causeway.stagingservers.net\/fr\/#website"},"datePublished":"2019-11-01T14:26:09+00:00","dateModified":"2020-05-08T19:23:16+00:00","breadcrumb":{"@id":"https:\/\/causeway.stagingservers.net\/fr\/find-work\/#breadcrumb"},"inLanguage":"fr-FR","potentialAction":[{"@type":"ReadAction","target":["https:\/\/causeway.stagingservers.net\/fr\/find-work\/"]}]},{"@type":"BreadcrumbList","@id":"https:\/\/causeway.stagingservers.net\/fr\/find-work\/#breadcrumb","itemListElement":[{"@type":"ListItem","position":1,"name":"Home","item":"https:\/\/causeway.stagingservers.net\/fr\/"},{"@type":"ListItem","position":2,"name":"PROGRAMMES ET SERVICES"}]},{"@type":"WebSite","@id":"https:\/\/causeway.stagingservers.net\/fr\/#website","url":"https:\/\/causeway.stagingservers.net\/fr\/","name":"CAUSEWAY","description":"","publisher":{"@id":"https:\/\/causeway.stagingservers.net\/fr\/#organization"},"potentialAction":[{"@type":"SearchAction","target":{"@type":"EntryPoint","urlTemplate":"https:\/\/causeway.stagingservers.net\/fr\/?s={search_term_string}"},"query-input":{"@type":"PropertyValueSpecification","valueRequired":true,"valueName":"search_term_string"}}],"inLanguage":"fr-FR"},{"@type":"Organization","@id":"https:\/\/causeway.stagingservers.net\/fr\/#organization","name":"CAUSEWAY","url":"https:\/\/causeway.stagingservers.net\/fr\/","logo":{"@type":"ImageObject","inLanguage":"fr-FR","@id":"https:\/\/causeway.stagingservers.net\/fr\/#\/schema\/logo\/image\/","url":"https:\/\/causeway.stagingservers.net\/wp-content\/uploads\/2019\/08\/logo.png","contentUrl":"https:\/\/causeway.stagingservers.net\/wp-content\/uploads\/2019\/08\/logo.png","width":366,"height":54,"caption":"CAUSEWAY"},"image":{"@id":"https:\/\/causeway.stagingservers.net\/fr\/#\/schema\/logo\/image\/"}}]}},"_links":{"self":[{"href":"https:\/\/causeway.stagingservers.net\/fr\/wp-json\/wp\/v2\/pages\/1411","targetHints":{"allow":["GET"]}}],"collection":[{"href":"https:\/\/causeway.stagingservers.net\/fr\/wp-json\/wp\/v2\/pages"}],"about":[{"href":"https:\/\/causeway.stagingservers.net\/fr\/wp-json\/wp\/v2\/types\/page"}],"author":[{"embeddable":true,"href":"https:\/\/causeway.stagingservers.net\/fr\/wp-json\/wp\/v2\/users\/1"}],"replies":[{"embeddable":true,"href":"https:\/\/causeway.stagingservers.net\/fr\/wp-json\/wp\/v2\/comments?post=1411"}],"version-history":[{"count":10,"href":"https:\/\/causeway.stagingservers.net\/fr\/wp-json\/wp\/v2\/pages\/1411\/revisions"}],"predecessor-version":[{"id":2547,"href":"https:\/\/causeway.stagingservers.net\/fr\/wp-json\/wp\/v2\/pages\/1411\/revisions\/2547"}],"wp:attachment":[{"href":"https:\/\/causeway.stagingservers.net\/fr\/wp-json\/wp\/v2\/media?parent=1411"}],"wp:term":[{"taxonomy":"category","embeddable":true,"href":"https:\/\/causeway.stagingservers.net\/fr\/wp-json\/wp\/v2\/categories?post=1411"},{"taxonomy":"post_tag","embeddable":true,"href":"https:\/\/causeway.stagingservers.net\/fr\/wp-json\/wp\/v2\/tags?post=1411"}],"curies":[{"name":"wp","href":"https:\/\/api.w.org\/{rel}","templated":true}]}}