{"id":1306,"date":"2019-09-05T14:08:09","date_gmt":"2019-09-05T14:08:09","guid":{"rendered":"https:\/\/causeway.stagingservers.net\/?page_id=1306"},"modified":"2026-03-20T11:09:25","modified_gmt":"2026-03-20T11:09:25","slug":"1306-2","status":"publish","type":"page","link":"https:\/\/causeway.stagingservers.net\/fr\/","title":{"rendered":"PAGE D\u2019ACCUEIL"},"content":{"rendered":"<div class=\"hero-block\"\n    >\n\n    <div class=\"hero-block-inner\" style=\"\n        max-width: 100%;\n                    max-height: 727px;\n            max-height: 100%;\n                    height: 727px;\n            background: url(https:\/\/causeway.stagingservers.net\/wp-content\/uploads\/2019\/08\/fw-bg2.jpg) top center no-repeat;\n            -webkit-background-size: cover;\n            background-size: cover;\n                    max-width: 100%;\n            margin-top: 0;\n                \">\n\n        <div class=\"content\">\n                            <h1><span>TRAVAILLER<\/span>. <br>MALGR\u00c9 TOUT.<\/h1>\n            \n\t\t\t\t\t\t\t\t\t\t\t\t<a href=\"#video3\" class=\"btn play-btn\" data-fancybox>VISIONNER L\u2019HISTOIRE \u00c0 SUCC\u00c8S DE CAUSEWAY<\/a>\n\t\t\t\t\t<div id=\"video3\" class=\"lightbox\">\n\t\t\t\t\t\t<div class=\"player2\" data-plyr-provider=\"youtube\" data-plyr-embed-id=\"2E4bxvAk3NQ\"><\/div>\n\t\t\t\t\t<\/div>\n\t\t\t\t\t\t\t\n\t\t\t\n\t\t\t        <\/div>\n\n    <\/div>\n\n<\/div>\n\n\n<div class=\"top-content\">\n\n    \n                <div class=\"top-content-inner\" style=\"\n                            align-items: center;\n                                         \">\n            <div class=\"left\">\n                <h3>UN MILIEU DE TRAVAIL O\u00d9 CHACUN A SA PLACE  NOUS CONSTRUISONS DES COLLECTIVIT\u00c9S INCLUSIVES<\/h3>\n            <\/div>\n            <div class=\"right\">\n                <div class=\"desc\">\n                    <p>Causeway est une agence \u00e0 but non lucratif qui profite \u00e0 TOUS en aidant les personnes ayant des maladies mentales ou d\u2019autres difficult\u00e9s \u00e0 trouver un travail valorisant. Nous souhaitons que les gens soient trait\u00e9s avec dignit\u00e9 et respect. Nous croyons qu\u2019il n\u2019existe pas de limite au potentiel des personnes, quelles qu\u2019elles soient. En misant sur leurs talents et leurs capacit\u00e9s, nous nous effor\u00e7ons de changer la perspective de la soci\u00e9t\u00e9 \u00e0 l\u2019\u00e9gard des personnes dont on ne reconna\u00eet pas encore la valeur. <\/p>\n                <\/div>\n                \n            <\/div>\n        <\/div>\n\n    \n<\/div>\n\n\n\n<div class=\"find-work\">\n\n    <div class=\"find-work-inner\" style=\"\n                                    \">\n\n                    <div class=\"square\" style=\"\n                    background-color: #F99BC2;\n                    background-image: none;\n                    width:                             580px\n                    !important;\n                            max-height:                             580px\n                    !important;\">\n                <h2>TROUVER DU TRAVAIL<\/h2>\n            <\/div>\n\n        \n\n                    <div class=\"content\">\n                                <div class=\"desc\" style=\"\n                                                                        \">\n                    <p>Trouver un emploi enrichissant peut se r\u00e9v\u00e9ler ardu, surtout si vous avez des difficult\u00e9s comme le manque d\u2019exp\u00e9rience, une invalidit\u00e9 ou une maladie mentale. Mais ne vous en faites pas. Vous \u00eates au bon endroit. C\u2019est pr\u00e9cis\u00e9ment ce que nous faisons.<\/p>\n                <\/div>\n                                    <h3>QUELLE QUE SOIT VOTRE SITUATION, QUELLES  QUE SOIENT VOS DIFFICULT\u00c9S, NOUS VOUS TROUVERONS UN TRAVAIL. MALGR\u00c9\u00a0TOUT.<\/h3>\n                \n                <div class=\"winners-list\">\n                                    <\/div>\n\n                                    <a href=\"https:\/\/causeway.stagingservers.net\/fr\/find-work\/\" class=\"btn\">EXPLORER LES PROGRAMMES<\/a>\n                \n            <\/div>\n                <div style=\"clear: both;\"><\/div>\n    <\/div>\n\n<\/div>\n\n\n\n\n<div class=\"diff-maker\" id=\"\" style=\"\n        width: 100%;\n        height: 640px;\n        background: url(https:\/\/causeway.stagingservers.net\/wp-content\/uploads\/2019\/11\/DIFFERENCE-MAKER.png) top center no-repeat;\n        -webkit-background-size: cover;\n        background-size: cover;\n                        \">\n\n    <div class=\"diff-maker-inner\" >\n        <h2>DEVENIR <br> ACTEUR DU <br>CHANGEMENT<\/h2>\n    <\/div>\n\n<\/div>\n\n\n<div class=\"mid-content\">\n\n            <div class=\"mid-content-inner\" style=\"\n                                \">\n                            <div class=\"desc\">La Fondation Causeway est un organisme de bienfaisance enregistr\u00e9 qui soutient Causeway gr\u00e2ce \u00e0 des collectes de fonds et lui permet d\u2019am\u00e9liorer ses installations, de financer ses programmes et d\u2019accro\u00eetre ses r\u00e9sultats. La communaut\u00e9 Causeway est unie dans l\u2019action. Nous sommes unis par notre engagement \u00e0 l\u2019\u00e9gard du travail pour tous et nous sommes soutenus par nos \u00ab acteurs du changement \u00bb. Un acteur du changement est quelqu\u2019un qui croit \u00e0 la cr\u00e9ation de collectivit\u00e9s inclusives, qui croit \u00e0 son effet, qui croit aux gens et qui croit en Causeway.  Nous tentons de rendre le monde meilleur pour tous. <\/div>\n                                                    <div class=\"subtitle\"><h3>ENSEMBLE, CR\u00c9ONS UN MILIEU DE TRAVAIL O\u00d9 CHACUN A SA PLACE.<\/h3><\/div>\n                                        <a href=\"https:\/\/causeway.stagingservers.net\/fr\/comment-aider\/\" class=\"btn\">DEMANDER DE L\u2019AIDE<\/a>\n                    <\/div>\n        \n<\/div>\n\n\n\n<div class=\"get-posts\">\n\n    <div class=\"get-posts-inner\"\n                     >\n                    <h2>NOUVELLES DE CAUSEWAY<\/h2>\n        \n        <div class=\"posts-loop\">\n            \n                    <article>\n                        <a href=\"https:\/\/causeway.stagingservers.net\/fr\/thank-you-don\/\" class=\"thumbnail\" style=\"background: url(https:\/\/causeway.stagingservers.net\/wp-content\/uploads\/2019\/11\/post1.jpg) center center no-repeat;background-size: cover; display: block;\">\n                            <span class=\"overflow\"><span>\r\nLIRE LE COMPLET<br> R\u00c9CIT<\/span><\/span>\n                        <\/a>\n                        <a href=\"https:\/\/causeway.stagingservers.net\/fr\/thank-you-don\/\"><h3>(FR)Thank you, Don!<\/h3><\/a>\n                        <div class=\"excerpt\">\n Causeway is incredibly grateful for Don Palmer\u2019s work for over the past two decades. He has been a hardworking and dedicated Executive&#8230;<\/div>\n                    <\/article>\n\n                    \n                    <article>\n                        <a href=\"https:\/\/causeway.stagingservers.net\/fr\/frpierce-finds-success-at-the-third\/\" class=\"thumbnail\" style=\"background: url(https:\/\/causeway.stagingservers.net\/wp-content\/uploads\/2019\/11\/post2.jpg) center center no-repeat;background-size: cover; display: block;\">\n                            <span class=\"overflow\"><span>\r\nLIRE LE COMPLET<br> R\u00c9CIT<\/span><\/span>\n                        <\/a>\n                        <a href=\"https:\/\/causeway.stagingservers.net\/fr\/frpierce-finds-success-at-the-third\/\"><h3>(FR)Pierce Finds Success at The Third<\/h3><\/a>\n                        <div class=\"excerpt\">\n When you first meet Pierce James, you are immediately drawn in by his infectiously funny and quirky personality. When he speaks, he will&#8230;<\/div>\n                    <\/article>\n\n                    \n                    <article>\n                        <a href=\"https:\/\/causeway.stagingservers.net\/fr\/frcauseways-holiday-card-campaign\/\" class=\"thumbnail\" style=\"background: url(https:\/\/causeway.stagingservers.net\/wp-content\/uploads\/2019\/11\/Tony1-e1567622973996.png) center center no-repeat;background-size: cover; display: block;\">\n                            <span class=\"overflow\"><span>\r\nLIRE LE COMPLET<br> R\u00c9CIT<\/span><\/span>\n                        <\/a>\n                        <a href=\"https:\/\/causeway.stagingservers.net\/fr\/frcauseways-holiday-card-campaign\/\"><h3>(FR)Causeway\u2019s Holiday Card Campaign<\/h3><\/a>\n                        <div class=\"excerpt\">\n It\u2019s that time of year again! As soon as Halloween is over, all the decorations are taken down and the Christmas decorations are put up &#8230;<\/div>\n                    <\/article>\n\n                            <\/div>\n    <\/div>\n\n<\/div>\n\n\n\n\n\n\n<div class=\"employers\"\n        >\n\n    <div class=\"employers-inner\" style=\"\n            background: url(https:\/\/causeway.stagingservers.net\/wp-content\/uploads\/2019\/12\/causeway_grocer-reverse.jpg) center center no-repeat;\n            -webkit-background-size: cover;\n            background-size: cover;\">\n        <div class=\"content\">\n            <h2>EMPLOYEURS<\/h2>\n        <\/div>\n    <\/div>\n\n    <div class=\"info\">\n        <div class=\"desc\">Les employeurs de Causeway sont des personnes qui n\u2019h\u00e9sitent pas \u00e0 sortir des sentiers battus et qui cherchent \u00e0 employer des gens repr\u00e9sentant la diversit\u00e9 de la collectivit\u00e9. Les clients de Causeway sont pr\u00eats \u00e0 travailler.<\/div>\n\n                    <h3>TROUVEZ VOTRE PROCHAIN EMPLOY\u00c9 DU MOIS \u00c0 CAUSEWAY.<\/h3>\n                            <a href=\"https:\/\/causeway.stagingservers.net\/fr\/employeurs\/\" class=\"btn\">POUR EN SAVOIR DAVANTAGE<\/a>\n        \n    <\/div>\n\n<\/div>\n\n\n","protected":false},"excerpt":{"rendered":"","protected":false},"author":1,"featured_media":0,"parent":0,"menu_order":0,"comment_status":"closed","ping_status":"closed","template":"","meta":{"_acf_changed":false,"footnotes":""},"categories":[],"tags":[],"class_list":["post-1306","page","type-page","status-publish","hentry"],"acf":[],"yoast_head":"<!-- This site is optimized with the Yoast SEO plugin v27.4 - https:\/\/yoast.com\/product\/yoast-seo-wordpress\/ -->\n<title>PAGE D\u2019ACCUEIL - CAUSEWAY<\/title>\n<meta name=\"robots\" content=\"noindex, follow, max-snippet:-1, max-image-preview:large, max-video-preview:-1\" \/>\n<meta property=\"og:locale\" content=\"fr_FR\" \/>\n<meta property=\"og:type\" content=\"article\" \/>\n<meta property=\"og:title\" content=\"PAGE D\u2019ACCUEIL - CAUSEWAY\" \/>\n<meta property=\"og:url\" content=\"https:\/\/causeway.stagingservers.net\/fr\/\" \/>\n<meta property=\"og:site_name\" content=\"CAUSEWAY\" \/>\n<meta property=\"article:modified_time\" content=\"2026-03-20T11:09:25+00:00\" \/>\n<meta name=\"twitter:card\" content=\"summary_large_image\" \/>\n<script type=\"application\/ld+json\" class=\"yoast-schema-graph\">{\"@context\":\"https:\\\/\\\/schema.org\",\"@graph\":[{\"@type\":\"WebPage\",\"@id\":\"https:\\\/\\\/causeway.stagingservers.net\\\/fr\\\/\",\"url\":\"https:\\\/\\\/causeway.stagingservers.net\\\/fr\\\/\",\"name\":\"PAGE D\u2019ACCUEIL - CAUSEWAY\",\"isPartOf\":{\"@id\":\"https:\\\/\\\/causeway.stagingservers.net\\\/fr\\\/#website\"},\"datePublished\":\"2019-09-05T14:08:09+00:00\",\"dateModified\":\"2026-03-20T11:09:25+00:00\",\"breadcrumb\":{\"@id\":\"https:\\\/\\\/causeway.stagingservers.net\\\/fr\\\/#breadcrumb\"},\"inLanguage\":\"fr-FR\",\"potentialAction\":[{\"@type\":\"ReadAction\",\"target\":[\"https:\\\/\\\/causeway.stagingservers.net\\\/fr\\\/\"]}]},{\"@type\":\"BreadcrumbList\",\"@id\":\"https:\\\/\\\/causeway.stagingservers.net\\\/fr\\\/#breadcrumb\",\"itemListElement\":[{\"@type\":\"ListItem\",\"position\":1,\"name\":\"Home\",\"item\":\"https:\\\/\\\/causeway.stagingservers.net\\\/fr\\\/\"},{\"@type\":\"ListItem\",\"position\":2,\"name\":\"PAGE D\u2019ACCUEIL\"}]},{\"@type\":\"WebSite\",\"@id\":\"https:\\\/\\\/causeway.stagingservers.net\\\/fr\\\/#website\",\"url\":\"https:\\\/\\\/causeway.stagingservers.net\\\/fr\\\/\",\"name\":\"CAUSEWAY\",\"description\":\"\",\"publisher\":{\"@id\":\"https:\\\/\\\/causeway.stagingservers.net\\\/fr\\\/#organization\"},\"potentialAction\":[{\"@type\":\"SearchAction\",\"target\":{\"@type\":\"EntryPoint\",\"urlTemplate\":\"https:\\\/\\\/causeway.stagingservers.net\\\/fr\\\/?s={search_term_string}\"},\"query-input\":{\"@type\":\"PropertyValueSpecification\",\"valueRequired\":true,\"valueName\":\"search_term_string\"}}],\"inLanguage\":\"fr-FR\"},{\"@type\":\"Organization\",\"@id\":\"https:\\\/\\\/causeway.stagingservers.net\\\/fr\\\/#organization\",\"name\":\"CAUSEWAY\",\"url\":\"https:\\\/\\\/causeway.stagingservers.net\\\/fr\\\/\",\"logo\":{\"@type\":\"ImageObject\",\"inLanguage\":\"fr-FR\",\"@id\":\"https:\\\/\\\/causeway.stagingservers.net\\\/fr\\\/#\\\/schema\\\/logo\\\/image\\\/\",\"url\":\"https:\\\/\\\/causeway.stagingservers.net\\\/wp-content\\\/uploads\\\/2019\\\/08\\\/logo.png\",\"contentUrl\":\"https:\\\/\\\/causeway.stagingservers.net\\\/wp-content\\\/uploads\\\/2019\\\/08\\\/logo.png\",\"width\":366,\"height\":54,\"caption\":\"CAUSEWAY\"},\"image\":{\"@id\":\"https:\\\/\\\/causeway.stagingservers.net\\\/fr\\\/#\\\/schema\\\/logo\\\/image\\\/\"}}]}<\/script>\n<!-- \/ Yoast SEO plugin. -->","yoast_head_json":{"title":"PAGE D\u2019ACCUEIL - CAUSEWAY","robots":{"index":"noindex","follow":"follow","max-snippet":"max-snippet:-1","max-image-preview":"max-image-preview:large","max-video-preview":"max-video-preview:-1"},"og_locale":"fr_FR","og_type":"article","og_title":"PAGE D\u2019ACCUEIL - CAUSEWAY","og_url":"https:\/\/causeway.stagingservers.net\/fr\/","og_site_name":"CAUSEWAY","article_modified_time":"2026-03-20T11:09:25+00:00","twitter_card":"summary_large_image","schema":{"@context":"https:\/\/schema.org","@graph":[{"@type":"WebPage","@id":"https:\/\/causeway.stagingservers.net\/fr\/","url":"https:\/\/causeway.stagingservers.net\/fr\/","name":"PAGE D\u2019ACCUEIL - CAUSEWAY","isPartOf":{"@id":"https:\/\/causeway.stagingservers.net\/fr\/#website"},"datePublished":"2019-09-05T14:08:09+00:00","dateModified":"2026-03-20T11:09:25+00:00","breadcrumb":{"@id":"https:\/\/causeway.stagingservers.net\/fr\/#breadcrumb"},"inLanguage":"fr-FR","potentialAction":[{"@type":"ReadAction","target":["https:\/\/causeway.stagingservers.net\/fr\/"]}]},{"@type":"BreadcrumbList","@id":"https:\/\/causeway.stagingservers.net\/fr\/#breadcrumb","itemListElement":[{"@type":"ListItem","position":1,"name":"Home","item":"https:\/\/causeway.stagingservers.net\/fr\/"},{"@type":"ListItem","position":2,"name":"PAGE D\u2019ACCUEIL"}]},{"@type":"WebSite","@id":"https:\/\/causeway.stagingservers.net\/fr\/#website","url":"https:\/\/causeway.stagingservers.net\/fr\/","name":"CAUSEWAY","description":"","publisher":{"@id":"https:\/\/causeway.stagingservers.net\/fr\/#organization"},"potentialAction":[{"@type":"SearchAction","target":{"@type":"EntryPoint","urlTemplate":"https:\/\/causeway.stagingservers.net\/fr\/?s={search_term_string}"},"query-input":{"@type":"PropertyValueSpecification","valueRequired":true,"valueName":"search_term_string"}}],"inLanguage":"fr-FR"},{"@type":"Organization","@id":"https:\/\/causeway.stagingservers.net\/fr\/#organization","name":"CAUSEWAY","url":"https:\/\/causeway.stagingservers.net\/fr\/","logo":{"@type":"ImageObject","inLanguage":"fr-FR","@id":"https:\/\/causeway.stagingservers.net\/fr\/#\/schema\/logo\/image\/","url":"https:\/\/causeway.stagingservers.net\/wp-content\/uploads\/2019\/08\/logo.png","contentUrl":"https:\/\/causeway.stagingservers.net\/wp-content\/uploads\/2019\/08\/logo.png","width":366,"height":54,"caption":"CAUSEWAY"},"image":{"@id":"https:\/\/causeway.stagingservers.net\/fr\/#\/schema\/logo\/image\/"}}]}},"_links":{"self":[{"href":"https:\/\/causeway.stagingservers.net\/fr\/wp-json\/wp\/v2\/pages\/1306","targetHints":{"allow":["GET"]}}],"collection":[{"href":"https:\/\/causeway.stagingservers.net\/fr\/wp-json\/wp\/v2\/pages"}],"about":[{"href":"https:\/\/causeway.stagingservers.net\/fr\/wp-json\/wp\/v2\/types\/page"}],"author":[{"embeddable":true,"href":"https:\/\/causeway.stagingservers.net\/fr\/wp-json\/wp\/v2\/users\/1"}],"replies":[{"embeddable":true,"href":"https:\/\/causeway.stagingservers.net\/fr\/wp-json\/wp\/v2\/comments?post=1306"}],"version-history":[{"count":11,"href":"https:\/\/causeway.stagingservers.net\/fr\/wp-json\/wp\/v2\/pages\/1306\/revisions"}],"predecessor-version":[{"id":2635,"href":"https:\/\/causeway.stagingservers.net\/fr\/wp-json\/wp\/v2\/pages\/1306\/revisions\/2635"}],"wp:attachment":[{"href":"https:\/\/causeway.stagingservers.net\/fr\/wp-json\/wp\/v2\/media?parent=1306"}],"wp:term":[{"taxonomy":"category","embeddable":true,"href":"https:\/\/causeway.stagingservers.net\/fr\/wp-json\/wp\/v2\/categories?post=1306"},{"taxonomy":"post_tag","embeddable":true,"href":"https:\/\/causeway.stagingservers.net\/fr\/wp-json\/wp\/v2\/tags?post=1306"}],"curies":[{"name":"wp","href":"https:\/\/api.w.org\/{rel}","templated":true}]}}